{"id":766663,"date":"2025-08-28T12:20:58","date_gmt":"2025-08-28T09:20:58","guid":{"rendered":"https:\/\/roveyayinevi.com.tr\/index.php\/urun\/magara-ciltli\/"},"modified":"2026-04-15T03:32:19","modified_gmt":"2026-04-15T00:32:19","slug":"magara-ciltli","status":"publish","type":"product","link":"https:\/\/roveyayinevi.com.tr\/index.php\/urun\/magara-ciltli\/","title":{"rendered":"Ma\u011fara &#8211; (Ciltli)"},"content":{"rendered":"<p>Kentlerde giderek yay\u0131lan dev al\u0131\u015fveri\u015f merkezlerinin ve ya\u015fam sitelerinin hayat\u0131m\u0131zda yaratt\u0131\u011f\u0131 de\u011fi\u015fiklikler \u00fczerine, Saramago&#8217;nun her zamanki incelikli \u00fcslubuyla kotard\u0131\u011f\u0131 bir roman, Ma\u011fara. G\u00fcn\u00fcm\u00fcz d\u00fcnyas\u0131n\u0131n y\u00fckselen trendleri olan t\u00fcketim ve steril ya\u015fam mek\u00e2nlar\u0131n\u0131n sembol\u00fc olan bir &#8216;Merkez&#8217;le, basit, geleneksel ama hakiki duygularla dolu \u00fcretken ya\u015fam\u0131n sembol\u00fc ya\u015fl\u0131 bir \u00e7\u00f6mlek\u00e7iyi kar\u015f\u0131 kar\u015f\u0131ya getiren b\u00fcy\u00fck usta Saramago, basit bir durumu hayranl\u0131k uyand\u0131ran felsefi bir alegoriye d\u00f6n\u00fc\u015ft\u00fcr\u00fcyor: S\u0131cak masals\u0131 anlat\u0131s\u0131 ve sempatik karakterleri, devasa reklam kampanyalar\u0131yla birer harikalar diyar\u0131 olarak sunulan ya\u015fam projelerinin insan ruhunun Platonik ma\u011faras\u0131ndan \u00f6teye ge\u00e7emeyece\u011fini g\u00f6steriyor.<\/p>\n","protected":false},"excerpt":{"rendered":"<p>Kentlerde giderek yay\u0131lan dev al\u0131\u015fveri\u015f merkezlerinin ve ya\u015fam sitelerinin hayat\u0131m\u0131zda yaratt\u0131\u011f\u0131 de\u011fi\u015fiklikler \u00fczerine, Saramago&#8217;nun her zamanki incelikli \u00fcslubuyla kotard\u0131\u011f\u0131 bir roman, Ma\u011fara. G\u00fcn\u00fcm\u00fcz d\u00fcnyas\u0131n\u0131n y\u00fckselen trendleri<span class=\"excerpt-hellip\"> [\u2026]<\/span><\/p>\n","protected":false},"featured_media":0,"template":"","meta":{"_monsterinsights_skip_tracking":false,"_monsterinsights_sitenote_active":false,"_monsterinsights_sitenote_note":"","_monsterinsights_sitenote_category":0},"product_brand":[],"product_cat":[12291,12711],"product_tag":[],"class_list":{"0":"post-766663","1":"product","2":"type-product","3":"status-publish","5":"product_cat-edebiyat","6":"product_cat-roman-oyku","7":"pa_cilt-ciltli","8":"pa_tur-kitap","9":"pa_yayinevi-kirmizi-kedi-yayinevi","10":"pa_yazar-jose-saramago","12":"first","13":"instock","14":"sale","15":"shipping-taxable","16":"purchasable","17":"product-type-simple"},"_links":{"self":[{"href":"https:\/\/roveyayinevi.com.tr\/index.php\/wp-json\/wp\/v2\/product\/766663","targetHints":{"allow":["GET"]}}],"collection":[{"href":"https:\/\/roveyayinevi.com.tr\/index.php\/wp-json\/wp\/v2\/product"}],"about":[{"href":"https:\/\/roveyayinevi.com.tr\/index.php\/wp-json\/wp\/v2\/types\/product"}],"wp:attachment":[{"href":"https:\/\/roveyayinevi.com.tr\/index.php\/wp-json\/wp\/v2\/media?parent=766663"}],"wp:term":[{"taxonomy":"product_brand","embeddable":true,"href":"https:\/\/roveyayinevi.com.tr\/index.php\/wp-json\/wp\/v2\/product_brand?post=766663"},{"taxonomy":"product_cat","embeddable":true,"href":"https:\/\/roveyayinevi.com.tr\/index.php\/wp-json\/wp\/v2\/product_cat?post=766663"},{"taxonomy":"product_tag","embeddable":true,"href":"https:\/\/roveyayinevi.com.tr\/index.php\/wp-json\/wp\/v2\/product_tag?post=766663"}],"curies":[{"name":"wp","href":"https:\/\/api.w.org\/{rel}","templated":true}]}}