{"id":766662,"date":"2025-08-28T12:20:57","date_gmt":"2025-08-28T09:20:57","guid":{"rendered":"https:\/\/roveyayinevi.com.tr\/index.php\/urun\/haydi-yola-cikiyoruz\/"},"modified":"2026-04-15T03:32:19","modified_gmt":"2026-04-15T00:32:19","slug":"haydi-yola-cikiyoruz","status":"publish","type":"product","link":"https:\/\/roveyayinevi.com.tr\/index.php\/urun\/haydi-yola-cikiyoruz\/","title":{"rendered":"Haydi Yola \u00c7\u0131k\u0131yoruz!"},"content":{"rendered":"<p>Tutkulu bir gezi kitab\u0131&#8230; Renkli resimlerle&#8230; Gaziantep do\u011fumlu olan I\u015f\u0131l \u00d6zgent\u00fcrk daha \u00e7ocuk ya\u015ftayken ailesiyle birlikte yapt\u0131\u011f\u0131 gezilerde y\u00f6redeki tarihsel an\u0131tlarla tan\u0131\u015ft\u0131. Zeugma antik kentini, bal\u0131kl\u0131 g\u00f6l\u00fc, Dara harabelerini g\u00f6rerek tutkulu bir gezgin oldu. B\u00f6ylece d\u00fcnyan\u0131n t\u00fcm renkleriyle bulu\u015fmaya ba\u015flad\u0131. Dinleri, gelenek ve g\u00f6renekleri ya\u015fad\u0131\u011f\u0131 \u00fclkeden \u00e7ok farkl\u0131 olan co\u011frafyalarda Asya, Afrika ve Latin Amerika\u2019da dola\u015ft\u0131. \u00dclkeye d\u00f6nd\u00fc\u011f\u00fcnde k\u0131rk iki uygarl\u0131\u011f\u0131n t\u00fcm izleriyle dolu, d\u00fcnyan\u0131n en renkli \u00fclkesinde ya\u015fad\u0131\u011f\u0131na defalarca sevindi. \u0130\u015fte bu kitap, o gezilerden k\u00fc\u00e7\u00fck bir demet&#8230;<\/p>\n","protected":false},"excerpt":{"rendered":"<p>Tutkulu bir gezi kitab\u0131&#8230; Renkli resimlerle&#8230; Gaziantep do\u011fumlu olan I\u015f\u0131l \u00d6zgent\u00fcrk daha \u00e7ocuk ya\u015ftayken ailesiyle birlikte yapt\u0131\u011f\u0131 gezilerde y\u00f6redeki tarihsel an\u0131tlarla tan\u0131\u015ft\u0131. Zeugma antik kentini, bal\u0131kl\u0131<span class=\"excerpt-hellip\"> [\u2026]<\/span><\/p>\n","protected":false},"featured_media":0,"template":"","meta":{"_monsterinsights_skip_tracking":false,"_monsterinsights_sitenote_active":false,"_monsterinsights_sitenote_note":"","_monsterinsights_sitenote_category":0},"product_brand":[],"product_cat":[13054],"product_tag":[],"class_list":{"0":"post-766662","1":"product","2":"type-product","3":"status-publish","5":"product_cat-gezi-ve-rehber-kitaplari","6":"pa_cilt-ciltsiz","7":"pa_tur-kitap","8":"pa_yayinevi-remzi-kitabevi","9":"pa_yazar-isil-ozgenturk","11":"first","12":"instock","13":"sale","14":"shipping-taxable","15":"purchasable","16":"product-type-simple"},"_links":{"self":[{"href":"https:\/\/roveyayinevi.com.tr\/index.php\/wp-json\/wp\/v2\/product\/766662","targetHints":{"allow":["GET"]}}],"collection":[{"href":"https:\/\/roveyayinevi.com.tr\/index.php\/wp-json\/wp\/v2\/product"}],"about":[{"href":"https:\/\/roveyayinevi.com.tr\/index.php\/wp-json\/wp\/v2\/types\/product"}],"wp:attachment":[{"href":"https:\/\/roveyayinevi.com.tr\/index.php\/wp-json\/wp\/v2\/media?parent=766662"}],"wp:term":[{"taxonomy":"product_brand","embeddable":true,"href":"https:\/\/roveyayinevi.com.tr\/index.php\/wp-json\/wp\/v2\/product_brand?post=766662"},{"taxonomy":"product_cat","embeddable":true,"href":"https:\/\/roveyayinevi.com.tr\/index.php\/wp-json\/wp\/v2\/product_cat?post=766662"},{"taxonomy":"product_tag","embeddable":true,"href":"https:\/\/roveyayinevi.com.tr\/index.php\/wp-json\/wp\/v2\/product_tag?post=766662"}],"curies":[{"name":"wp","href":"https:\/\/api.w.org\/{rel}","templated":true}]}}