{"id":766661,"date":"2025-08-28T12:20:56","date_gmt":"2025-08-28T09:20:56","guid":{"rendered":"https:\/\/roveyayinevi.com.tr\/index.php\/urun\/beni-ovguyle-utandirma\/"},"modified":"2026-04-15T03:32:19","modified_gmt":"2026-04-15T00:32:19","slug":"beni-ovguyle-utandirma","status":"publish","type":"product","link":"https:\/\/roveyayinevi.com.tr\/index.php\/urun\/beni-ovguyle-utandirma\/","title":{"rendered":"Beni \u00d6vg\u00fcyle Utand\u0131rma"},"content":{"rendered":"<p>\u00d6vg\u00fc Hakk\u0131nda Do\u011fru Bildi\u011fimiz Yanl\u0131\u015flar   Acaba \u00f6vg\u00fcyle ilgili t\u00fcm bildiklerimiz yanl\u0131\u015f m\u0131? E\u011fitim bilimci ve Parentwiser uygulamas\u0131n\u0131n kurucusu Do\u00e7. Dr. \u00d6zg\u00fcr Bolat, \u00f6vg\u00fc hakk\u0131nda do\u011fru bilinen yanl\u0131\u015flar\u0131 sorguluyor ve son 50 y\u0131l\u0131n bilimsel ara\u015ft\u0131rmalar\u0131ndan yararlanarak do\u011frular\u0131 g\u00f6zler \u00f6n\u00fcne seriyor.   \u2022 \u00d6vg\u00fc neden \u00f6z g\u00fcveni d\u00fc\u015f\u00fcr\u00fcr? \u2022 \u00d6vg\u00fc neden \u00e7ocuklar\u0131 utand\u0131r\u0131r? \u2022 \u00d6vg\u00fc neden motivasyonu olumsuz etkiler? \u2022 \u00d6vg\u00fc neden ko\u015fullu sevginin \u00fcr\u00fcn\u00fcd\u00fcr? \u2022 Zeki \u00e7ocuklar neden \u00e7al\u0131\u015fmaz? \u2022 \u00c7ocuklara neden \u201czekisin\u201d dememeliyiz? \u2022 \u00c7ocuklara neden \u201c\u00e7al\u0131\u015fkans\u0131n\u201d da dememeliyiz? \u2022 \u00c7ocu\u011fumuzla neden gurur duymamal\u0131y\u0131z? \u2022 \u00d6vg\u00fc neden utanga\u00e7l\u0131\u011fa yol a\u00e7ar? \u2022 \u00d6vg\u00fc narsisizme sebep olur mu?   Rehber niteli\u011findeki bu kitap, \u00f6vg\u00fcn\u00fcn ard\u0131ndaki gizli dinamikleri ve bilinmeyen y\u00f6nleri g\u00fcn y\u00fcz\u00fcne \u00e7\u0131kar\u0131yor.   Bilimsel bulgular\u0131 ak\u0131c\u0131 bir dille sunan bu kitap, ayn\u0131 zamanda ebeveynlere ve \u00f6\u011fretmenlere pratik ve kal\u0131c\u0131 \u00e7\u00f6z\u00fcmler sunuyor.   Bu kitab\u0131 elinize ald\u0131\u011f\u0131n\u0131zda, bilimle desteklenmi\u015f do\u011fru ad\u0131mlarla daha mutlu, \u00f6z g\u00fcvenli \u00e7ocuklar yeti\u015ftirmek i\u00e7in yeni ufuklar ke\u015ffedeceksiniz. <\/p>\n","protected":false},"excerpt":{"rendered":"<p>\u00d6vg\u00fc Hakk\u0131nda Do\u011fru Bildi\u011fimiz Yanl\u0131\u015flar Acaba \u00f6vg\u00fcyle ilgili t\u00fcm bildiklerimiz yanl\u0131\u015f m\u0131? E\u011fitim bilimci ve Parentwiser uygulamas\u0131n\u0131n kurucusu Do\u00e7. Dr. \u00d6zg\u00fcr Bolat, \u00f6vg\u00fc hakk\u0131nda do\u011fru bilinen<span class=\"excerpt-hellip\"> [\u2026]<\/span><\/p>\n","protected":false},"featured_media":0,"template":"","meta":{"_monsterinsights_skip_tracking":false,"_monsterinsights_sitenote_active":false,"_monsterinsights_sitenote_note":"","_monsterinsights_sitenote_category":0},"product_brand":[],"product_cat":[12679,12357],"product_tag":[],"class_list":{"0":"post-766661","1":"product","2":"type-product","3":"status-publish","5":"product_cat-cocuk-psikolojisi","6":"product_cat-psikoloji","7":"pa_cilt-ciltsiz","8":"pa_tur-kitap","9":"pa_yayinevi-dogan-kitap","10":"pa_yazar-ozgur-bolat","12":"first","13":"instock","14":"sale","15":"shipping-taxable","16":"purchasable","17":"product-type-simple"},"_links":{"self":[{"href":"https:\/\/roveyayinevi.com.tr\/index.php\/wp-json\/wp\/v2\/product\/766661","targetHints":{"allow":["GET"]}}],"collection":[{"href":"https:\/\/roveyayinevi.com.tr\/index.php\/wp-json\/wp\/v2\/product"}],"about":[{"href":"https:\/\/roveyayinevi.com.tr\/index.php\/wp-json\/wp\/v2\/types\/product"}],"wp:attachment":[{"href":"https:\/\/roveyayinevi.com.tr\/index.php\/wp-json\/wp\/v2\/media?parent=766661"}],"wp:term":[{"taxonomy":"product_brand","embeddable":true,"href":"https:\/\/roveyayinevi.com.tr\/index.php\/wp-json\/wp\/v2\/product_brand?post=766661"},{"taxonomy":"product_cat","embeddable":true,"href":"https:\/\/roveyayinevi.com.tr\/index.php\/wp-json\/wp\/v2\/product_cat?post=766661"},{"taxonomy":"product_tag","embeddable":true,"href":"https:\/\/roveyayinevi.com.tr\/index.php\/wp-json\/wp\/v2\/product_tag?post=766661"}],"curies":[{"name":"wp","href":"https:\/\/api.w.org\/{rel}","templated":true}]}}