{"id":766659,"date":"2025-08-28T12:20:52","date_gmt":"2025-08-28T09:20:52","guid":{"rendered":"https:\/\/roveyayinevi.com.tr\/index.php\/urun\/bir-garip-kitapci-baba-siir\/"},"modified":"2026-04-15T03:32:19","modified_gmt":"2026-04-15T00:32:19","slug":"bir-garip-kitapci-baba-siir","status":"publish","type":"product","link":"https:\/\/roveyayinevi.com.tr\/index.php\/urun\/bir-garip-kitapci-baba-siir\/","title":{"rendered":"Bir Garip Kitap\u00e7\u0131 Baba &#8211; \u015eiir"},"content":{"rendered":"<p>\u00c7ocuklu\u011fumdan beri taklit\u00e7ili\u011fi sevmedim. Bat\u0131 denilen s\u00f6zde uygarl\u0131\u011f\u0131 da sevmedim. Bat\u0131\u2019y\u0131 taklit edenleri de sevmedim. \u00d6z\u00fcm\u00fczden kopmamak, \u00f6z\u00fcm\u00fczden kopmu\u015fsak, tekrar \u00f6z\u00fcm\u00fcze d\u00f6nmek, \u015fiar\u0131m ve hedefim oldu. \u015eair\u2019im ve \u015fiirin toplumu olumlu y\u00f6nde d\u00f6n\u00fc\u015ft\u00fcrmek i\u00e7in ink\u0131lap\u00e7\u0131 ruh ta\u015f\u0131d\u0131\u011f\u0131nda mana ta\u015f\u0131d\u0131\u011f\u0131na, ancak \u00f6yle g\u00fczel oldu\u011funa inan\u0131yorum. Aksi halde \u015fiir gereksizdir ve gereksiz \u015fiir yazan \u015fair de makbul de\u011fildir. G\u00fcn\u00fcm\u00fczde \u015fiir gereklidir. Ni\u00e7in gereklidir? Yoldan \u00e7\u0131km\u0131\u015f, \u015fa\u015fm\u0131\u015f ve azm\u0131\u015f toplumu d\u00f6n\u00fc\u015ft\u00fcrmek ve iyiye, m\u00fcsbete ve do\u011fruya d\u00f6n\u00fc\u015ft\u00fcrmek i\u00e7in gereklidir. \u015eair\u2019im ve \u015fu ayet-i kerime\u2019nin umudu ile ayaktay\u0131m ve bekliyorum. \u201cAncak iman edip s\u00e2lih ameller i\u015fleyenler, Allah\u2019\u0131 \u00e7ok \u00e7ok zikredenler ve herhangi bir zulme maruz kald\u0131klar\u0131nda \u015fiirleriyle haklar\u0131n\u0131 savunanlar bu h\u00fckm\u00fcn d\u0131\u015f\u0131ndad\u0131r. Zulmedenler ise, nas\u0131l her \u015feyi de\u011fi\u015ftirecek bir ink\u0131l\u00e2p ile sars\u0131l\u0131p devrileceklerini yak\u0131nda bileceklerdir.\u201d (\u015euara Suresi, 227) O h\u00fck\u00fcm d\u0131\u015f\u0131nda kalmak in\u015fallah bize nasip olur. H\u00fck\u00fcm nedir? Tabi bunu da anlatmak gerekir. Hemen belirteyim: \u201cGenel h\u00fck\u00fcm \u015fudur ki, \u015fairler bombo\u015f \u015feyler yazarlar. Kafalar\u0131n\u0131n esti\u011fi gibi yazarlar. Bir g\u00fczel s\u00f6z s\u00f6yleyece\u011fiz diye \u015feytan\u0131n at\u0131na bine giderler ve yapmayacaklar\u0131 ve yapamayacaklar\u0131 \u015feyleri s\u00f6ylerler. \u015eairler sapk\u0131nd\u0131rlar. Vadi vadi \u015fa\u015fk\u0131n \u015fa\u015fk\u0131n dola\u015f\u0131rlar.\u201d Evet genel h\u00fck\u00fcm budur. \u0130stisna olan da \u015euara Suresi 227. ayette beyan edilmi\u015ftir. \u0130n\u015fallah biz istisnay\u0131z. S\u00f6z\u00fc uzatmaya gerek yok. \u201c\u0130stisna\u201d bir \u015eair oldu\u011fuma inanarak yaz\u0131yorum ve \u201cm\u00fcstesna\u201d \u015fiirlerimi sunuyorum. (\u201c\u0130stisna\u201d ve \u201cm\u00fcstesna\u201d \u00f6v\u00fcn\u00e7 olarak de\u011fil, genelden, yani \u201c\u015fairlerin genelinden farkl\u0131 bir \u015fair\u201d manas\u0131nda kullan\u0131lm\u0131\u015ft\u0131r. \u00d6v\u00fcnmekten ve gururdan Allah\u2019a s\u0131\u011f\u0131n\u0131r\u0131m.) Bu kitab\u0131m\u0131n yaz\u0131m\u0131nda, tasar\u0131m\u0131nda ve bas\u0131m\u0131nda eme\u011fi ge\u00e7en herkese, \u00f6zellikle de bu kitab\u0131n \u00f6n kapa\u011f\u0131nda ve i\u00e7erisinde iki karikat\u00fcr\u00fc bulunan Bakanl\u0131\u011f\u0131m\u0131z E. Daire Ba\u015fkan\u0131, ismi gibi mahir karde\u015fim Ahmet Mahir Erdem Beyefendi\u2019ye kalbi te\u015fekk\u00fcrlerimi sunuyorum. Tabi her daim aile fertlerim, Sevgili E\u015fim, K\u0131ymetli \u00c7ocuklar\u0131m Mehmet, Ebru Nur ve Abdurrahman Taha ile De\u011ferli Gelinim ve Damad\u0131m, Can\u0131m torunlar\u0131m Ahmed Fuad ile Zeynep Ebrar bir te\u015fekk\u00fcrden fazlas\u0131n\u0131, sevgi ve \u015fefkatlerimi hak ediyor. Kendileri i\u00e7in her daim Y\u00fcce Rabbimden (cc) duac\u0131y\u0131m: Ad\u0131m: Kitap\u00e7\u0131 Baba. Kitap\u00e7\u0131 Baba ismini sa\u011f olsun etraf\u0131m\u0131zdaki arkada\u015flar, sa\u011fa-sola, tan\u0131sak da, tan\u0131masak da kitap hediye etti\u011fimiz i\u00e7in bize kendileri lay\u0131k g\u00f6rd\u00fcler. Bu ismi biz de kabul ettik. Vesselam. Ahmet Sandal <\/p>\n","protected":false},"excerpt":{"rendered":"<p>\u00c7ocuklu\u011fumdan beri taklit\u00e7ili\u011fi sevmedim. Bat\u0131 denilen s\u00f6zde uygarl\u0131\u011f\u0131 da sevmedim. Bat\u0131\u2019y\u0131 taklit edenleri de sevmedim. \u00d6z\u00fcm\u00fczden kopmamak, \u00f6z\u00fcm\u00fczden kopmu\u015fsak, tekrar \u00f6z\u00fcm\u00fcze d\u00f6nmek, \u015fiar\u0131m ve hedefim oldu.<span class=\"excerpt-hellip\"> [\u2026]<\/span><\/p>\n","protected":false},"featured_media":0,"template":"","meta":{"_monsterinsights_skip_tracking":false,"_monsterinsights_sitenote_active":false,"_monsterinsights_sitenote_note":"","_monsterinsights_sitenote_category":0},"product_brand":[],"product_cat":[12291,12509],"product_tag":[],"class_list":{"0":"post-766659","1":"product","2":"type-product","3":"status-publish","5":"product_cat-edebiyat","6":"product_cat-siir","7":"pa_cilt-ciltsiz","8":"pa_tur-kitap","9":"pa_yayinevi-gulnar-yayinlari","10":"pa_yazar-ahmet-sandal","12":"first","13":"instock","14":"sale","15":"shipping-taxable","16":"purchasable","17":"product-type-simple"},"_links":{"self":[{"href":"https:\/\/roveyayinevi.com.tr\/index.php\/wp-json\/wp\/v2\/product\/766659","targetHints":{"allow":["GET"]}}],"collection":[{"href":"https:\/\/roveyayinevi.com.tr\/index.php\/wp-json\/wp\/v2\/product"}],"about":[{"href":"https:\/\/roveyayinevi.com.tr\/index.php\/wp-json\/wp\/v2\/types\/product"}],"wp:attachment":[{"href":"https:\/\/roveyayinevi.com.tr\/index.php\/wp-json\/wp\/v2\/media?parent=766659"}],"wp:term":[{"taxonomy":"product_brand","embeddable":true,"href":"https:\/\/roveyayinevi.com.tr\/index.php\/wp-json\/wp\/v2\/product_brand?post=766659"},{"taxonomy":"product_cat","embeddable":true,"href":"https:\/\/roveyayinevi.com.tr\/index.php\/wp-json\/wp\/v2\/product_cat?post=766659"},{"taxonomy":"product_tag","embeddable":true,"href":"https:\/\/roveyayinevi.com.tr\/index.php\/wp-json\/wp\/v2\/product_tag?post=766659"}],"curies":[{"name":"wp","href":"https:\/\/api.w.org\/{rel}","templated":true}]}}