{"id":766657,"date":"2025-08-28T12:20:48","date_gmt":"2025-08-28T09:20:48","guid":{"rendered":"https:\/\/roveyayinevi.com.tr\/index.php\/urun\/bir-garip-kitapci-baba-hikaye\/"},"modified":"2026-04-15T03:32:19","modified_gmt":"2026-04-15T00:32:19","slug":"bir-garip-kitapci-baba-hikaye","status":"publish","type":"product","link":"https:\/\/roveyayinevi.com.tr\/index.php\/urun\/bir-garip-kitapci-baba-hikaye\/","title":{"rendered":"Bir Garip Kitap\u00e7\u0131 Baba &#8211; Hikaye"},"content":{"rendered":"<p>Bu eserimizde 10 adet hikaye bulunmaktad\u0131r. Kitab\u0131m\u0131z\u0131n ismi ilk hikayeden gelmektedir. Bu kitaptaki hikayeler, bir y\u00f6n\u00fcyle hikaye gibi g\u00f6r\u00fclse de verdi\u011fi mesajlar hayat\u0131n tam i\u00e7inden ya\u015fan\u0131lan ya da ya\u015fan\u0131lmas\u0131 muhtemel konular oldu\u011fu i\u00e7in denemeler gibi m\u00fctalaa edilebilir. Tabi hikayelerde ge\u00e7en ki\u015fi ve yer isimleri bazen ger\u00e7ek olsa da bazen ger\u00e7ek de\u011fil, yaln\u0131zca bir te\u015fbih, takma adlard\u0131r. O nedenle isimlere \u00e7ok fazla tak\u0131n\u0131lmamas\u0131 \u00f6nerilir. Bu kitab\u0131m\u0131n yaz\u0131m\u0131nda, tasar\u0131m\u0131nda ve bas\u0131m\u0131nda eme\u011fi ge\u00e7en herkese, \u00f6zellikle de bu kitab\u0131n \u00f6n kapa\u011f\u0131nda ve i\u00e7erisinde iki karikat\u00fcr\u00fc bulunan Bakanl\u0131\u011f\u0131m\u0131z E. Daire Ba\u015fkan\u0131 ismi gibi mahir karde\u015fim Ahmet Mahir Erdem Beyefendi\u2019ye kalbi te\u015fekk\u00fcrlerimi sunuyorum. Tabi her daim aile fertlerim, Sevgili E\u015fim, K\u0131ymetli \u00c7ocuklar\u0131m Mehmet, Ebru Nur ve Abdurrahman Taha ile De\u011ferli Gelinim ve Damad\u0131m, Can\u0131m torunlar\u0131m Ahmed Fuad ile Zeynep Ebrar bir te\u015fekk\u00fcrden fazlas\u0131n\u0131, sevgi ve \u015fefkatlerimi hak ediyor. Kendileri i\u00e7in her daim Y\u00fcce Rabbimden (cc) duac\u0131y\u0131m: Maksad\u0131m\u0131z iyi ve ulvi. Netice de iyi ve ulvi olacakt\u0131r. Bundan sonsuza kadar eminim.. Ad\u0131m: Kitap\u00e7\u0131 Baba. Kitap\u00e7\u0131 Baba ismini sa\u011f olsun etraf\u0131m\u0131zdaki arkada\u015flar, sa\u011fa-sola, tan\u0131sak da, tan\u0131masak da kitap hediye etti\u011fimiz i\u00e7in bize kendileri lay\u0131k g\u00f6rd\u00fcler. Bu ismi biz de kabul ettik. Vesselam Ahmet Sandal <\/p>\n","protected":false},"excerpt":{"rendered":"<p>Bu eserimizde 10 adet hikaye bulunmaktad\u0131r. Kitab\u0131m\u0131z\u0131n ismi ilk hikayeden gelmektedir. Bu kitaptaki hikayeler, bir y\u00f6n\u00fcyle hikaye gibi g\u00f6r\u00fclse de verdi\u011fi mesajlar hayat\u0131n tam i\u00e7inden ya\u015fan\u0131lan<span class=\"excerpt-hellip\"> [\u2026]<\/span><\/p>\n","protected":false},"featured_media":0,"template":"","meta":{"_monsterinsights_skip_tracking":false,"_monsterinsights_sitenote_active":false,"_monsterinsights_sitenote_note":"","_monsterinsights_sitenote_category":0},"product_brand":[],"product_cat":[12291,18202],"product_tag":[],"class_list":{"0":"post-766657","1":"product","2":"type-product","3":"status-publish","5":"product_cat-edebiyat","6":"product_cat-hikaye","7":"pa_cilt-ciltsiz","8":"pa_tur-kitap","9":"pa_yayinevi-gulnar-yayinlari","10":"pa_yazar-ahmet-sandal","12":"first","13":"instock","14":"sale","15":"shipping-taxable","16":"purchasable","17":"product-type-simple"},"_links":{"self":[{"href":"https:\/\/roveyayinevi.com.tr\/index.php\/wp-json\/wp\/v2\/product\/766657","targetHints":{"allow":["GET"]}}],"collection":[{"href":"https:\/\/roveyayinevi.com.tr\/index.php\/wp-json\/wp\/v2\/product"}],"about":[{"href":"https:\/\/roveyayinevi.com.tr\/index.php\/wp-json\/wp\/v2\/types\/product"}],"wp:attachment":[{"href":"https:\/\/roveyayinevi.com.tr\/index.php\/wp-json\/wp\/v2\/media?parent=766657"}],"wp:term":[{"taxonomy":"product_brand","embeddable":true,"href":"https:\/\/roveyayinevi.com.tr\/index.php\/wp-json\/wp\/v2\/product_brand?post=766657"},{"taxonomy":"product_cat","embeddable":true,"href":"https:\/\/roveyayinevi.com.tr\/index.php\/wp-json\/wp\/v2\/product_cat?post=766657"},{"taxonomy":"product_tag","embeddable":true,"href":"https:\/\/roveyayinevi.com.tr\/index.php\/wp-json\/wp\/v2\/product_tag?post=766657"}],"curies":[{"name":"wp","href":"https:\/\/api.w.org\/{rel}","templated":true}]}}