{"id":766655,"date":"2025-08-28T12:20:43","date_gmt":"2025-08-28T09:20:43","guid":{"rendered":"https:\/\/roveyayinevi.com.tr\/index.php\/urun\/ejderhanin-oldugu-yerde\/"},"modified":"2026-04-15T03:32:19","modified_gmt":"2026-04-15T00:32:19","slug":"ejderhanin-oldugu-yerde","status":"publish","type":"product","link":"https:\/\/roveyayinevi.com.tr\/index.php\/urun\/ejderhanin-oldugu-yerde\/","title":{"rendered":"Ejderhan\u0131n \u00d6ld\u00fc\u011f\u00fc Yerde"},"content":{"rendered":"<p>i\u015fte toplan\u0131r g\u00f6\u011f\u00fcn savruk foto\u011fraflar\u0131 eski alb\u00fcmde kal\u0131r g\u00fclerken k\u0131s\u0131lan g\u00f6z omuzunda m\u00fcrekkep arayan iki melek ba\u015f\u0131nda k\u0131\u015f g\u00fczeli bah\u00e7elerden birka\u00e7 s\u00fcs   suda y\u00fcz\u00fcn k\u0131r\u0131l\u0131r ses k\u0131r\u0131l\u0131r \u00e7arparak seni g\u00fccendirmiyor ruhtaki y\u0131rt\u0131k doku a\u011fr\u0131 sana k\u0131vr\u0131l\u0131r yine bildi\u011fi yoldan \u00e7\u00fcnk\u00fc ac\u0131 ac\u0131ya kaynar seneler boyu   \u015fimdi k\u0131r\u0131klar\u0131n\u0131 topla sa\u00e7 ve kemi\u011fin bilge vezirler gibi z\u00fchre tam da solunda anne k\u0131z\u0131n sa\u00e7\u0131n\u0131 ge\u00e7mi\u015fe do\u011fru tarar bir r\u00fcyay\u0131 tamamlar \u00e7\u00fcnk\u00fc baba o\u011flunda<\/p>\n","protected":false},"excerpt":{"rendered":"<p>i\u015fte toplan\u0131r g\u00f6\u011f\u00fcn savruk foto\u011fraflar\u0131 eski alb\u00fcmde kal\u0131r g\u00fclerken k\u0131s\u0131lan g\u00f6z omuzunda m\u00fcrekkep arayan iki melek ba\u015f\u0131nda k\u0131\u015f g\u00fczeli bah\u00e7elerden birka\u00e7 s\u00fcs suda y\u00fcz\u00fcn k\u0131r\u0131l\u0131r ses<span class=\"excerpt-hellip\"> [\u2026]<\/span><\/p>\n","protected":false},"featured_media":0,"template":"","meta":{"_monsterinsights_skip_tracking":false,"_monsterinsights_sitenote_active":false,"_monsterinsights_sitenote_note":"","_monsterinsights_sitenote_category":0},"product_brand":[],"product_cat":[12291,12509],"product_tag":[],"class_list":{"0":"post-766655","1":"product","2":"type-product","3":"status-publish","5":"product_cat-edebiyat","6":"product_cat-siir","7":"pa_cilt-ciltsiz","8":"pa_tur-kitap","9":"pa_yayinevi-otuken-nesriyat","10":"pa_yazar-emirhan-eder","12":"first","13":"instock","14":"sale","15":"shipping-taxable","16":"purchasable","17":"product-type-simple"},"_links":{"self":[{"href":"https:\/\/roveyayinevi.com.tr\/index.php\/wp-json\/wp\/v2\/product\/766655","targetHints":{"allow":["GET"]}}],"collection":[{"href":"https:\/\/roveyayinevi.com.tr\/index.php\/wp-json\/wp\/v2\/product"}],"about":[{"href":"https:\/\/roveyayinevi.com.tr\/index.php\/wp-json\/wp\/v2\/types\/product"}],"wp:attachment":[{"href":"https:\/\/roveyayinevi.com.tr\/index.php\/wp-json\/wp\/v2\/media?parent=766655"}],"wp:term":[{"taxonomy":"product_brand","embeddable":true,"href":"https:\/\/roveyayinevi.com.tr\/index.php\/wp-json\/wp\/v2\/product_brand?post=766655"},{"taxonomy":"product_cat","embeddable":true,"href":"https:\/\/roveyayinevi.com.tr\/index.php\/wp-json\/wp\/v2\/product_cat?post=766655"},{"taxonomy":"product_tag","embeddable":true,"href":"https:\/\/roveyayinevi.com.tr\/index.php\/wp-json\/wp\/v2\/product_tag?post=766655"}],"curies":[{"name":"wp","href":"https:\/\/api.w.org\/{rel}","templated":true}]}}