{"id":766653,"date":"2025-08-28T12:20:40","date_gmt":"2025-08-28T09:20:40","guid":{"rendered":"https:\/\/roveyayinevi.com.tr\/index.php\/urun\/biliyorum-ama-yine-de\/"},"modified":"2026-04-15T03:32:19","modified_gmt":"2026-04-15T00:32:19","slug":"biliyorum-ama-yine-de","status":"publish","type":"product","link":"https:\/\/roveyayinevi.com.tr\/index.php\/urun\/biliyorum-ama-yine-de\/","title":{"rendered":"Biliyorum ama yine de&#8230;"},"content":{"rendered":"<p>\u00d6yle g\u00f6r\u00fcn\u00fcyor ki g\u00fcn\u00fcm\u00fczdeki b\u00fcy\u00fck ve k\u00fc\u00e7\u00fck su\u00e7lar\u0131n, kay\u0131ts\u0131zl\u0131klar\u0131n, g\u00f6rmezden gelmelerin, yok saymalar\u0131n \u015fifresi Octave Mannoni\u2019nin \u00f6zl\u00fc form\u00fcl\u00fcnde yat\u0131yor: \u201cBiliyorum, ama yine de&#8230;\u201d Bu c\u00fcmleyi kalk\u0131\u015f noktas\u0131 yapan Zupancic kitab\u0131 i\u00e7in \u015funu s\u00f6yl\u00fcyor: Bilmezden gelme kavram\u0131, bug\u00fcnk\u00fc genel toplumsal zihniyetimizi (\u00f6rne\u011fin ger\u00e7ekli\u011fin sars\u0131c\u0131 boyutlar\u0131yla y\u00fczle\u015fmekten ka\u00e7\u0131nmay\u0131 tarif etmek i\u00e7in tercih edilen \u201cink\u00e2r\u201d teriminden) daha isabetli bir \u015fekilde tarif etmektedir. \u0130nk\u00e2r da yok de\u011fil elbette; komplo teorilerini incelerken ink\u00e2r\u0131n \u00f6zelliklerini de ele al\u0131yoruz. Sapk\u0131n bilmezden gelme ise \u00e7ok daha \u00f6l\u00e7\u00fcl\u00fcd\u00fcr, \u00e7ok daha makuld\u00fcr. Sorunun pek\u00e2l\u00e2 fark\u0131nda oldu\u011funu iddia eder; ekonomik ve siyasi iktidar merkezlerinden ba\u015flamak \u00fczere \u201cliberal anaak\u0131m\u201d ile kayna\u015fm\u0131\u015f haldedir. Nitekim siyasi d\u00fczlemde (\u00e7o\u011funlukla \u201cpop\u00fclizm\u201d ile ili\u015fkilendirilen) ink\u00e2r ile (ayn\u0131-tas-ayn\u0131-hamam anaak\u0131mla ili\u015fkilendirilen) bilmezden gelme\u2019nin ba\u015fl\u0131ca iki rakip siyasi se\u00e7enek olu\u015fturdu\u011fu, kendi patolojileriyle ikisinin de birbirini besledi\u011fi, herhangi bir toplumsal ger\u00e7eklikten ziyade birbirlerine kar\u015f\u0131l\u0131k verir halde olduklar\u0131 \u00fcrk\u00fct\u00fcc\u00fc bir dansa kap\u0131lm\u0131\u015f gibiyiz. Ve bitirirken: Uyanmam\u0131z gerekiyor \u2013 travmay\u0131 unutup \u201crasyonel yollar\u201ddan savunmam\u0131z\u0131 g\u00fc\u00e7lendirmemiz de\u011fil, normal, g\u00fcnl\u00fck ger\u00e7ekli\u011fin \u00e7atlaklar\u0131nda travman\u0131n ve do\u011furdu\u011fu sonu\u00e7lar\u0131n izini s\u00fcrmemiz gerekiyor.   <\/p>\n","protected":false},"excerpt":{"rendered":"<p>\u00d6yle g\u00f6r\u00fcn\u00fcyor ki g\u00fcn\u00fcm\u00fczdeki b\u00fcy\u00fck ve k\u00fc\u00e7\u00fck su\u00e7lar\u0131n, kay\u0131ts\u0131zl\u0131klar\u0131n, g\u00f6rmezden gelmelerin, yok saymalar\u0131n \u015fifresi Octave Mannoni\u2019nin \u00f6zl\u00fc form\u00fcl\u00fcnde yat\u0131yor: \u201cBiliyorum, ama yine de&#8230;\u201d Bu c\u00fcmleyi kalk\u0131\u015f<span class=\"excerpt-hellip\"> [\u2026]<\/span><\/p>\n","protected":false},"featured_media":0,"template":"","meta":{"_monsterinsights_skip_tracking":false,"_monsterinsights_sitenote_active":false,"_monsterinsights_sitenote_note":"","_monsterinsights_sitenote_category":0},"product_brand":[],"product_cat":[12358,12357],"product_tag":[],"class_list":{"0":"post-766653","1":"product","2":"type-product","3":"status-publish","5":"product_cat-genel-psikoloji","6":"product_cat-psikoloji","7":"pa_cilt-ciltsiz","8":"pa_tur-kitap","9":"pa_yayinevi-metis-yayinlari","10":"pa_yazar-alenka-zupancic","12":"first","13":"instock","14":"sale","15":"shipping-taxable","16":"purchasable","17":"product-type-simple"},"_links":{"self":[{"href":"https:\/\/roveyayinevi.com.tr\/index.php\/wp-json\/wp\/v2\/product\/766653","targetHints":{"allow":["GET"]}}],"collection":[{"href":"https:\/\/roveyayinevi.com.tr\/index.php\/wp-json\/wp\/v2\/product"}],"about":[{"href":"https:\/\/roveyayinevi.com.tr\/index.php\/wp-json\/wp\/v2\/types\/product"}],"wp:attachment":[{"href":"https:\/\/roveyayinevi.com.tr\/index.php\/wp-json\/wp\/v2\/media?parent=766653"}],"wp:term":[{"taxonomy":"product_brand","embeddable":true,"href":"https:\/\/roveyayinevi.com.tr\/index.php\/wp-json\/wp\/v2\/product_brand?post=766653"},{"taxonomy":"product_cat","embeddable":true,"href":"https:\/\/roveyayinevi.com.tr\/index.php\/wp-json\/wp\/v2\/product_cat?post=766653"},{"taxonomy":"product_tag","embeddable":true,"href":"https:\/\/roveyayinevi.com.tr\/index.php\/wp-json\/wp\/v2\/product_tag?post=766653"}],"curies":[{"name":"wp","href":"https:\/\/api.w.org\/{rel}","templated":true}]}}