{"id":766652,"date":"2025-08-28T12:20:39","date_gmt":"2025-08-28T09:20:39","guid":{"rendered":"https:\/\/roveyayinevi.com.tr\/index.php\/urun\/sifirdan-milyonlara\/"},"modified":"2026-04-15T03:32:19","modified_gmt":"2026-04-15T00:32:19","slug":"sifirdan-milyonlara","status":"publish","type":"product","link":"https:\/\/roveyayinevi.com.tr\/index.php\/urun\/sifirdan-milyonlara\/","title":{"rendered":"S\u0131f\u0131rdan Milyonlara"},"content":{"rendered":"<p>Ka\u00e7 ya\u015f\u0131nda olursan\u0131z olun, hangi yollardan ge\u00e7mi\u015f olursan\u0131z olun, \u015fu an hayat\u0131n\u0131z nas\u0131l olursa olsun\u2026 Her \u015feyin yeniden ba\u015flayabilece\u011fine, k\u00f6k inan\u00e7lar\u0131n\u0131z\u0131n ke\u015ffedilip d\u00f6n\u00fc\u015ft\u00fcr\u00fcld\u00fc\u011f\u00fcnde hayat\u0131n\u0131z\u0131n maddi ve manevi her alan\u0131nda mucizevi de\u011fi\u015fimler ya\u015fayabilece\u011finize y\u00fcrekten inan\u0131yorum. \u0130\u015fte bu inan\u00e7, bu umut, bu tutku beni bu kitab\u0131 yazmaya sevk etti. Zenginlik, ula\u015f\u0131lan bir hedef de\u011fil, ruhunuzun derinliklerinde filizlenen bir zihin halidir. Kendi zihninizin s\u0131n\u0131rlar\u0131n\u0131 zorlad\u0131\u011f\u0131n\u0131zda, imk\u00e2ns\u0131z sand\u0131\u011f\u0131n\u0131z her \u015fey birer ger\u00e7e\u011fe d\u00f6n\u00fc\u015f\u00fcr. Bu kitap, so\u011fuk finansal ve bilimsel verilere dayanm\u0131yor. Yaln\u0131zca maddi bollu\u011fun manevi s\u0131rlar\u0131n\u0131 ke\u015ffederek nas\u0131l mucizelere vesile olabilece\u011finizi anlatarak, size ilham vermeyi ama\u00e7l\u0131yor. Bu sat\u0131rlar\u0131 kalbimdeki derin sevgiyle kaleme ald\u0131m. Sadece okuman\u0131z\u0131 de\u011fil, her bir kelimeyi y\u00fcre\u011finizde hissetmenizi diliyorum\u2026<\/p>\n","protected":false},"excerpt":{"rendered":"<p>Ka\u00e7 ya\u015f\u0131nda olursan\u0131z olun, hangi yollardan ge\u00e7mi\u015f olursan\u0131z olun, \u015fu an hayat\u0131n\u0131z nas\u0131l olursa olsun\u2026 Her \u015feyin yeniden ba\u015flayabilece\u011fine, k\u00f6k inan\u00e7lar\u0131n\u0131z\u0131n ke\u015ffedilip d\u00f6n\u00fc\u015ft\u00fcr\u00fcld\u00fc\u011f\u00fcnde hayat\u0131n\u0131z\u0131n maddi ve<span class=\"excerpt-hellip\"> [\u2026]<\/span><\/p>\n","protected":false},"featured_media":0,"template":"","meta":{"_monsterinsights_skip_tracking":false,"_monsterinsights_sitenote_active":false,"_monsterinsights_sitenote_note":"","_monsterinsights_sitenote_category":0},"product_brand":[],"product_cat":[12364,12376],"product_tag":[],"class_list":{"0":"post-766652","1":"product","2":"type-product","3":"status-publish","5":"product_cat-genel-konular","6":"product_cat-kisisel-gelisim","7":"pa_cilt-ciltsiz","8":"pa_tur-kitap","9":"pa_yayinevi-bambuk-yayinevi","10":"pa_yazar-neslihan-turan","12":"first","13":"instock","14":"sale","15":"shipping-taxable","16":"purchasable","17":"product-type-simple"},"_links":{"self":[{"href":"https:\/\/roveyayinevi.com.tr\/index.php\/wp-json\/wp\/v2\/product\/766652","targetHints":{"allow":["GET"]}}],"collection":[{"href":"https:\/\/roveyayinevi.com.tr\/index.php\/wp-json\/wp\/v2\/product"}],"about":[{"href":"https:\/\/roveyayinevi.com.tr\/index.php\/wp-json\/wp\/v2\/types\/product"}],"wp:attachment":[{"href":"https:\/\/roveyayinevi.com.tr\/index.php\/wp-json\/wp\/v2\/media?parent=766652"}],"wp:term":[{"taxonomy":"product_brand","embeddable":true,"href":"https:\/\/roveyayinevi.com.tr\/index.php\/wp-json\/wp\/v2\/product_brand?post=766652"},{"taxonomy":"product_cat","embeddable":true,"href":"https:\/\/roveyayinevi.com.tr\/index.php\/wp-json\/wp\/v2\/product_cat?post=766652"},{"taxonomy":"product_tag","embeddable":true,"href":"https:\/\/roveyayinevi.com.tr\/index.php\/wp-json\/wp\/v2\/product_tag?post=766652"}],"curies":[{"name":"wp","href":"https:\/\/api.w.org\/{rel}","templated":true}]}}