{"id":766650,"date":"2025-08-28T12:20:35","date_gmt":"2025-08-28T09:20:35","guid":{"rendered":"https:\/\/roveyayinevi.com.tr\/index.php\/urun\/karanliklar-diyari\/"},"modified":"2026-04-15T03:32:19","modified_gmt":"2026-04-15T00:32:19","slug":"karanliklar-diyari","status":"publish","type":"product","link":"https:\/\/roveyayinevi.com.tr\/index.php\/urun\/karanliklar-diyari\/","title":{"rendered":"Karanl\u0131klar Diyar\u0131"},"content":{"rendered":"<p>Duygular\u0131n \u00e7at\u0131\u015ft\u0131\u011f\u0131 bu sayfalarda, yaln\u0131zl\u0131\u011f\u0131n sesini bulacak, a\u015fk\u0131n ac\u0131s\u0131n\u0131 hissedeceksiniz. Sade bir dille yaz\u0131lm\u0131\u015f bu \u015fiirler, i\u00e7sel yolculu\u011funuzda size rehberlik edecek. A\u015fk\u0131n ve yaln\u0131zl\u0131\u011f\u0131n izinde, kelimelerin g\u00fcc\u00fcyle bulu\u015fmaya haz\u0131r m\u0131s\u0131n\u0131z?   <\/p>\n","protected":false},"excerpt":{"rendered":"<p>Duygular\u0131n \u00e7at\u0131\u015ft\u0131\u011f\u0131 bu sayfalarda, yaln\u0131zl\u0131\u011f\u0131n sesini bulacak, a\u015fk\u0131n ac\u0131s\u0131n\u0131 hissedeceksiniz. Sade bir dille yaz\u0131lm\u0131\u015f bu \u015fiirler, i\u00e7sel yolculu\u011funuzda size rehberlik edecek. A\u015fk\u0131n ve yaln\u0131zl\u0131\u011f\u0131n izinde, kelimelerin<span class=\"excerpt-hellip\"> [\u2026]<\/span><\/p>\n","protected":false},"featured_media":0,"template":"","meta":{"_monsterinsights_skip_tracking":false,"_monsterinsights_sitenote_active":false,"_monsterinsights_sitenote_note":"","_monsterinsights_sitenote_category":0},"product_brand":[],"product_cat":[12291,12509],"product_tag":[],"class_list":{"0":"post-766650","1":"product","2":"type-product","3":"status-publish","5":"product_cat-edebiyat","6":"product_cat-siir","7":"pa_cilt-ciltsiz","8":"pa_tur-kitap","9":"pa_yayinevi-servet-yayinevi","10":"pa_yazar-sametcan-dolgun","12":"first","13":"instock","14":"sale","15":"shipping-taxable","16":"purchasable","17":"product-type-simple"},"_links":{"self":[{"href":"https:\/\/roveyayinevi.com.tr\/index.php\/wp-json\/wp\/v2\/product\/766650","targetHints":{"allow":["GET"]}}],"collection":[{"href":"https:\/\/roveyayinevi.com.tr\/index.php\/wp-json\/wp\/v2\/product"}],"about":[{"href":"https:\/\/roveyayinevi.com.tr\/index.php\/wp-json\/wp\/v2\/types\/product"}],"wp:attachment":[{"href":"https:\/\/roveyayinevi.com.tr\/index.php\/wp-json\/wp\/v2\/media?parent=766650"}],"wp:term":[{"taxonomy":"product_brand","embeddable":true,"href":"https:\/\/roveyayinevi.com.tr\/index.php\/wp-json\/wp\/v2\/product_brand?post=766650"},{"taxonomy":"product_cat","embeddable":true,"href":"https:\/\/roveyayinevi.com.tr\/index.php\/wp-json\/wp\/v2\/product_cat?post=766650"},{"taxonomy":"product_tag","embeddable":true,"href":"https:\/\/roveyayinevi.com.tr\/index.php\/wp-json\/wp\/v2\/product_tag?post=766650"}],"curies":[{"name":"wp","href":"https:\/\/api.w.org\/{rel}","templated":true}]}}