{"id":766648,"date":"2025-08-28T12:20:31","date_gmt":"2025-08-28T09:20:31","guid":{"rendered":"https:\/\/roveyayinevi.com.tr\/index.php\/urun\/bi-alem-gigo\/"},"modified":"2026-04-15T03:32:19","modified_gmt":"2026-04-15T00:32:19","slug":"bi-alem-gigo","status":"publish","type":"product","link":"https:\/\/roveyayinevi.com.tr\/index.php\/urun\/bi-alem-gigo\/","title":{"rendered":"Bi Alem Gigo"},"content":{"rendered":"<p>Ermenice \u015fiirin ustalar\u0131ndan Zahrad\u2019\u0131n 100. do\u011fum y\u0131l\u0131n\u0131, Zahrad\u2019\u0131n en sevilen karakterlerinden Gigo\u2019yla kutluyoruz! Zahrad\u2019\u0131n Gigo\u2019yu a\u011f\u0131rlad\u0131\u011f\u0131 ya da Gigo\u2019yla ili\u015fkilendirdi\u011fi \u015fiirlerinin T\u00fcrk\u00e7esinden olu\u015fan ve Zahrad\u2019\u0131n e\u015fsiz desenleriyle bezeli bu kitap, Zahrad\u2019\u0131n dizelerini s\u0131k s\u0131k ziyaret eden ama en \u00e7ok da \u015fehrin kald\u0131r\u0131mlar\u0131nda gezinip k\u00f6pr\u00fc altlar\u0131nda sabahlayan bir garip \u00e2demo\u011flu Gigo\u2019nun d\u00fcnyas\u0131na bir davetiye niteli\u011finde. Nefis \u00e7evirilerinin yan\u0131 s\u0131ra muhte\u015fem \u00f6ns\u00f6z\u00fcyle de kitaba can veren Ohannes \u015ea\u015fkal\u2019\u0131n dedi\u011fi gibi, \u201cBi\u2019 \u00e2lemdir Gigo!\u201d <\/p>\n","protected":false},"excerpt":{"rendered":"<p>Ermenice \u015fiirin ustalar\u0131ndan Zahrad\u2019\u0131n 100. do\u011fum y\u0131l\u0131n\u0131, Zahrad\u2019\u0131n en sevilen karakterlerinden Gigo\u2019yla kutluyoruz! Zahrad\u2019\u0131n Gigo\u2019yu a\u011f\u0131rlad\u0131\u011f\u0131 ya da Gigo\u2019yla ili\u015fkilendirdi\u011fi \u015fiirlerinin T\u00fcrk\u00e7esinden olu\u015fan ve Zahrad\u2019\u0131n e\u015fsiz<span class=\"excerpt-hellip\"> [\u2026]<\/span><\/p>\n","protected":false},"featured_media":0,"template":"","meta":{"_monsterinsights_skip_tracking":false,"_monsterinsights_sitenote_active":false,"_monsterinsights_sitenote_note":"","_monsterinsights_sitenote_category":0},"product_brand":[],"product_cat":[12291,12509],"product_tag":[],"class_list":{"0":"post-766648","1":"product","2":"type-product","3":"status-publish","5":"product_cat-edebiyat","6":"product_cat-siir","7":"pa_cilt-ciltsiz","8":"pa_tur-kitap","9":"pa_yayinevi-aras-yayinlari","10":"pa_yazar-zahrad","12":"first","13":"instock","14":"sale","15":"shipping-taxable","16":"purchasable","17":"product-type-simple"},"_links":{"self":[{"href":"https:\/\/roveyayinevi.com.tr\/index.php\/wp-json\/wp\/v2\/product\/766648","targetHints":{"allow":["GET"]}}],"collection":[{"href":"https:\/\/roveyayinevi.com.tr\/index.php\/wp-json\/wp\/v2\/product"}],"about":[{"href":"https:\/\/roveyayinevi.com.tr\/index.php\/wp-json\/wp\/v2\/types\/product"}],"wp:attachment":[{"href":"https:\/\/roveyayinevi.com.tr\/index.php\/wp-json\/wp\/v2\/media?parent=766648"}],"wp:term":[{"taxonomy":"product_brand","embeddable":true,"href":"https:\/\/roveyayinevi.com.tr\/index.php\/wp-json\/wp\/v2\/product_brand?post=766648"},{"taxonomy":"product_cat","embeddable":true,"href":"https:\/\/roveyayinevi.com.tr\/index.php\/wp-json\/wp\/v2\/product_cat?post=766648"},{"taxonomy":"product_tag","embeddable":true,"href":"https:\/\/roveyayinevi.com.tr\/index.php\/wp-json\/wp\/v2\/product_tag?post=766648"}],"curies":[{"name":"wp","href":"https:\/\/api.w.org\/{rel}","templated":true}]}}