{"id":766647,"date":"2025-08-28T12:20:30","date_gmt":"2025-08-28T09:20:30","guid":{"rendered":"https:\/\/roveyayinevi.com.tr\/index.php\/urun\/ithaki-polisiye-ajandasi-2025-ciltli\/"},"modified":"2026-04-15T03:32:19","modified_gmt":"2026-04-15T00:32:19","slug":"ithaki-polisiye-ajandasi-2025-ciltli","status":"publish","type":"product","link":"https:\/\/roveyayinevi.com.tr\/index.php\/urun\/ithaki-polisiye-ajandasi-2025-ciltli\/","title":{"rendered":"\u0130thaki Polisiye Ajandas\u0131 2025 (Ciltli)"},"content":{"rendered":"<p>\u0130lk y\u0131l\u0131nda bilimkurgu, ikinci y\u0131l\u0131nda korku edebiyat\u0131, u\u0308\u00e7u\u0308ncu\u0308 y\u0131l\u0131nda fantastik kurgu temas\u0131yla ve d\u00f6rdu\u0308ncu\u0308 y\u0131l\u0131nda Japon edebiyat\u0131 u\u0308zerine bir se\u00e7kiyle okurlarla bulu\u015fan, gelenek h\u00e2line getirmek i\u00e7in \u00e7al\u0131\u015ft\u0131\u011f\u0131m\u0131z \u0130thaki Ajandas\u0131\u2019n\u0131n be\u015fincisiyle kar\u015f\u0131n\u0131zday\u0131z. <\/p>\n","protected":false},"excerpt":{"rendered":"<p>\u0130lk y\u0131l\u0131nda bilimkurgu, ikinci y\u0131l\u0131nda korku edebiyat\u0131, u\u0308\u00e7u\u0308ncu\u0308 y\u0131l\u0131nda fantastik kurgu temas\u0131yla ve d\u00f6rdu\u0308ncu\u0308 y\u0131l\u0131nda Japon edebiyat\u0131 u\u0308zerine bir se\u00e7kiyle okurlarla bulu\u015fan, gelenek h\u00e2line getirmek i\u00e7in<span class=\"excerpt-hellip\"> [\u2026]<\/span><\/p>\n","protected":false},"featured_media":0,"template":"","meta":{"_monsterinsights_skip_tracking":false,"_monsterinsights_sitenote_active":false,"_monsterinsights_sitenote_note":"","_monsterinsights_sitenote_category":0},"product_brand":[],"product_cat":[28265,15563],"product_tag":[],"class_list":{"0":"post-766647","1":"product","2":"type-product","3":"status-publish","5":"product_cat-diger-hobi","6":"product_cat-hobi","7":"pa_cilt-ciltli","8":"pa_tur-kitap","9":"pa_yayinevi-ithaki-yayinlari","10":"pa_yazar-kolektif","12":"first","13":"instock","14":"sale","15":"shipping-taxable","16":"purchasable","17":"product-type-simple"},"_links":{"self":[{"href":"https:\/\/roveyayinevi.com.tr\/index.php\/wp-json\/wp\/v2\/product\/766647","targetHints":{"allow":["GET"]}}],"collection":[{"href":"https:\/\/roveyayinevi.com.tr\/index.php\/wp-json\/wp\/v2\/product"}],"about":[{"href":"https:\/\/roveyayinevi.com.tr\/index.php\/wp-json\/wp\/v2\/types\/product"}],"wp:attachment":[{"href":"https:\/\/roveyayinevi.com.tr\/index.php\/wp-json\/wp\/v2\/media?parent=766647"}],"wp:term":[{"taxonomy":"product_brand","embeddable":true,"href":"https:\/\/roveyayinevi.com.tr\/index.php\/wp-json\/wp\/v2\/product_brand?post=766647"},{"taxonomy":"product_cat","embeddable":true,"href":"https:\/\/roveyayinevi.com.tr\/index.php\/wp-json\/wp\/v2\/product_cat?post=766647"},{"taxonomy":"product_tag","embeddable":true,"href":"https:\/\/roveyayinevi.com.tr\/index.php\/wp-json\/wp\/v2\/product_tag?post=766647"}],"curies":[{"name":"wp","href":"https:\/\/api.w.org\/{rel}","templated":true}]}}