{"id":766644,"date":"2025-08-28T12:20:25","date_gmt":"2025-08-28T09:20:25","guid":{"rendered":"https:\/\/roveyayinevi.com.tr\/index.php\/urun\/ates-ten-golge\/"},"modified":"2026-04-15T03:32:19","modified_gmt":"2026-04-15T00:32:19","slug":"ates-ten-golge","status":"publish","type":"product","link":"https:\/\/roveyayinevi.com.tr\/index.php\/urun\/ates-ten-golge\/","title":{"rendered":"Ate\u015f Ten G\u00f6lge"},"content":{"rendered":"<p>U\u011fur Deveci, Buzdan Top adl\u0131 roman\u0131n\u0131n ard\u0131ndan, okuru bu kez de Ate\u015f Ten G\u00f6lge adl\u0131 \u00f6yk\u00fc kitab\u0131nda on alt\u0131 ayr\u0131 \u00f6yk\u00fcn\u00fcn evrenine \u00e7a\u011f\u0131r\u0131yor.    G\u00fcc\u00fcn\u00fc nahifli\u011finden alan, her birinin kendi i\u00e7inde bir derdi olan \u00f6yk\u00fclerinde Deveci, eril ve hoyrat bir dilden alabildi\u011fine uzak \u00fcslubuyla bizi apayr\u0131 insanlar\u0131n, farkl\u0131 zamanlara ve mek\u00e2nlara uzanan hik\u00e2yeleri aras\u0131nda dola\u015ft\u0131r\u0131yor. Yeri geldi\u011finde, bir \u00f6zlemi dindirebilmek i\u00e7in k\u00e2\u011f\u0131tlara ormanlar\u0131 yaz\u0131yor, bazen de eski trenleri y\u00e2d edip, \u201cbitmeyen son\u201da kalmad\u0131\u011f\u0131m\u0131z i\u00e7in \u015f\u00fckrediyoruz. \u0130smiyle m\u00fcsemma olmayan bir a\u011fac\u0131n \u201cmanzaray\u0131 kapad\u0131\u011f\u0131\u201d gerek\u00e7esiyle kesilmesinin yas\u0131n\u0131 tutuyor, unutanlar\u0131n utanc\u0131na ortak olmay\u0131 reddediyoruz. \u0130\u00e7imizden d\u0131\u015far\u0131 \u00e7\u0131kmay\u0131 isteyen ama bundan korkan ya\u015fam\u0131 fark edip ona kucak a\u00e7\u0131yor, \u201cBir bal\u0131\u011f\u0131 kediden, k\u00f6pekten ay\u0131ran neydi?\u201d sorusuna kafa yoruyoruz. Denizi kaplayan dertle dertlenip, limonu a\u011fac\u0131ndan d\u00fc\u015f\u00fcren mahzun kelebekle h\u00fcz\u00fcnleniyoruz.     \u201cBir an da olsa g\u00fcld\u00fc, ben de g\u00fcld\u00fcm, g\u00fcld\u00fck, g\u00fclebildik\u2026 hi\u00e7 utanmadan!\u201d  <\/p>\n","protected":false},"excerpt":{"rendered":"<p>U\u011fur Deveci, Buzdan Top adl\u0131 roman\u0131n\u0131n ard\u0131ndan, okuru bu kez de Ate\u015f Ten G\u00f6lge adl\u0131 \u00f6yk\u00fc kitab\u0131nda on alt\u0131 ayr\u0131 \u00f6yk\u00fcn\u00fcn evrenine \u00e7a\u011f\u0131r\u0131yor. G\u00fcc\u00fcn\u00fc nahifli\u011finden alan,<span class=\"excerpt-hellip\"> [\u2026]<\/span><\/p>\n","protected":false},"featured_media":0,"template":"","meta":{"_monsterinsights_skip_tracking":false,"_monsterinsights_sitenote_active":false,"_monsterinsights_sitenote_note":"","_monsterinsights_sitenote_category":0},"product_brand":[],"product_cat":[12291,18202],"product_tag":[],"class_list":{"0":"post-766644","1":"product","2":"type-product","3":"status-publish","5":"product_cat-edebiyat","6":"product_cat-hikaye","7":"pa_cilt-ciltsiz","8":"pa_tur-kitap","9":"pa_yayinevi-ithaki-yayinlari","10":"pa_yazar-ugur-deveci","12":"first","13":"instock","14":"sale","15":"shipping-taxable","16":"purchasable","17":"product-type-simple"},"_links":{"self":[{"href":"https:\/\/roveyayinevi.com.tr\/index.php\/wp-json\/wp\/v2\/product\/766644","targetHints":{"allow":["GET"]}}],"collection":[{"href":"https:\/\/roveyayinevi.com.tr\/index.php\/wp-json\/wp\/v2\/product"}],"about":[{"href":"https:\/\/roveyayinevi.com.tr\/index.php\/wp-json\/wp\/v2\/types\/product"}],"wp:attachment":[{"href":"https:\/\/roveyayinevi.com.tr\/index.php\/wp-json\/wp\/v2\/media?parent=766644"}],"wp:term":[{"taxonomy":"product_brand","embeddable":true,"href":"https:\/\/roveyayinevi.com.tr\/index.php\/wp-json\/wp\/v2\/product_brand?post=766644"},{"taxonomy":"product_cat","embeddable":true,"href":"https:\/\/roveyayinevi.com.tr\/index.php\/wp-json\/wp\/v2\/product_cat?post=766644"},{"taxonomy":"product_tag","embeddable":true,"href":"https:\/\/roveyayinevi.com.tr\/index.php\/wp-json\/wp\/v2\/product_tag?post=766644"}],"curies":[{"name":"wp","href":"https:\/\/api.w.org\/{rel}","templated":true}]}}