{"id":766643,"date":"2025-08-28T12:20:22","date_gmt":"2025-08-28T09:20:22","guid":{"rendered":"https:\/\/roveyayinevi.com.tr\/index.php\/urun\/korka\/"},"modified":"2026-04-15T03:32:19","modified_gmt":"2026-04-15T00:32:19","slug":"korka","status":"publish","type":"product","link":"https:\/\/roveyayinevi.com.tr\/index.php\/urun\/korka\/","title":{"rendered":"Korka"},"content":{"rendered":"<p>\u201cKum taneleri can\u0131n\u0131 ac\u0131tmayacak bir nezaketle, ancak g\u00f6zle g\u00f6ru\u0308lebilecek bir h\u0131zla, vu\u0308cuduna rastgele yerle\u015fmeye ba\u015flad\u0131lar. G\u00f6rebildikleri, h\u0131zlanan taneler yu\u0308zu\u0308nden olsa gerek, giderek azal\u0131yordu. Sonunda kum taneleri bu\u0308tu\u0308n vu\u0308cudunu kaplad\u0131 ve Ozan da kumdan bir duvara d\u00f6nu\u0308\u015ftu\u0308. G\u00f6zlerini yeniden a\u00e7t\u0131\u011f\u0131nda, duvarda belirenleri anl\u0131yordu. \u00d6nce harfler, sonra kelimeler&#8230; Okuduk\u00e7a de\u011fil, anlad\u0131k\u00e7a de\u011fi\u015fiyordu yaz\u0131lanlar.\u201d   Bir aldat\u0131l\u0131\u015f hik\u00e2yesinin ard\u0131ndan bu\u0308yu\u0308k bir \u00f6zenle haz\u0131rlanan intikam \u015f\u00f6lenine e\u015flik etti\u011fimiz Korka, ayn\u0131 zamanda do\u011fan\u0131n bilin\u00e7alt\u0131na da bir davet mektubu niteli\u011finde. Ve tam da orada, kumdan duvarlar\u0131n aras\u0131nda, insan\u0131n varolu\u015funu irdeleyen bir roman. Oyunbaz bir metin.   \u201cKar\u015f\u0131la\u015ft\u0131klar\u0131nla tan\u0131\u015ft\u0131\u011f\u0131n bir yer de\u011fildi buras\u0131, tan\u0131d\u0131klar\u0131nla kar\u015f\u0131la\u015f\u0131yordun Korka\u2019da.\u201d <\/p>\n","protected":false},"excerpt":{"rendered":"<p>\u201cKum taneleri can\u0131n\u0131 ac\u0131tmayacak bir nezaketle, ancak g\u00f6zle g\u00f6ru\u0308lebilecek bir h\u0131zla, vu\u0308cuduna rastgele yerle\u015fmeye ba\u015flad\u0131lar. G\u00f6rebildikleri, h\u0131zlanan taneler yu\u0308zu\u0308nden olsa gerek, giderek azal\u0131yordu. Sonunda kum taneleri<span class=\"excerpt-hellip\"> [\u2026]<\/span><\/p>\n","protected":false},"featured_media":0,"template":"","meta":{"_monsterinsights_skip_tracking":false,"_monsterinsights_sitenote_active":false,"_monsterinsights_sitenote_note":"","_monsterinsights_sitenote_category":0},"product_brand":[],"product_cat":[12540,12291],"product_tag":[],"class_list":{"0":"post-766643","1":"product","2":"type-product","3":"status-publish","5":"product_cat-bilim-kurgu","6":"product_cat-edebiyat","7":"pa_cilt-ciltsiz","8":"pa_tur-kitap","9":"pa_yayinevi-ithaki-yayinlari","10":"pa_yazar-tolga-akalin","12":"first","13":"instock","14":"sale","15":"shipping-taxable","16":"purchasable","17":"product-type-simple"},"_links":{"self":[{"href":"https:\/\/roveyayinevi.com.tr\/index.php\/wp-json\/wp\/v2\/product\/766643","targetHints":{"allow":["GET"]}}],"collection":[{"href":"https:\/\/roveyayinevi.com.tr\/index.php\/wp-json\/wp\/v2\/product"}],"about":[{"href":"https:\/\/roveyayinevi.com.tr\/index.php\/wp-json\/wp\/v2\/types\/product"}],"wp:attachment":[{"href":"https:\/\/roveyayinevi.com.tr\/index.php\/wp-json\/wp\/v2\/media?parent=766643"}],"wp:term":[{"taxonomy":"product_brand","embeddable":true,"href":"https:\/\/roveyayinevi.com.tr\/index.php\/wp-json\/wp\/v2\/product_brand?post=766643"},{"taxonomy":"product_cat","embeddable":true,"href":"https:\/\/roveyayinevi.com.tr\/index.php\/wp-json\/wp\/v2\/product_cat?post=766643"},{"taxonomy":"product_tag","embeddable":true,"href":"https:\/\/roveyayinevi.com.tr\/index.php\/wp-json\/wp\/v2\/product_tag?post=766643"}],"curies":[{"name":"wp","href":"https:\/\/api.w.org\/{rel}","templated":true}]}}