{"id":766642,"date":"2025-08-28T12:20:20","date_gmt":"2025-08-28T09:20:20","guid":{"rendered":"https:\/\/roveyayinevi.com.tr\/index.php\/urun\/yasamak-insan-kalarak\/"},"modified":"2026-04-15T03:32:19","modified_gmt":"2026-04-15T00:32:19","slug":"yasamak-insan-kalarak","status":"publish","type":"product","link":"https:\/\/roveyayinevi.com.tr\/index.php\/urun\/yasamak-insan-kalarak\/","title":{"rendered":"Ya\u015famak \u0130nsan Kalarak"},"content":{"rendered":"<p>Kemal \u00d6zmen\u2019le \u00e7ok yak\u0131n bir zamanda, sadece birka\u00e7 y\u0131l \u00f6nce tan\u0131\u015fm\u0131\u015f olmam\u0131za kar\u015f\u0131n bir karde\u015f yak\u0131nl\u0131\u011f\u0131ndayd\u0131k. Bu bir g\u00f6n\u00fcl ve ak\u0131l karde\u015fli\u011fiydi.   Hakk\u0131mda \u00e7e\u015fitli zamanlarda yazd\u0131klar\u0131n\u0131 kitapla\u015ft\u0131rmak \u00fczere haz\u0131rlanm\u0131\u015f dosya \u00fczerinde internet yolu ile yaz\u0131\u015fmaktayken, bu ya\u015fam dolu, ak\u0131l ve bilgi dolu sapasa\u011flam adam\u0131n apans\u0131z bir i\u015fitme sorunu ve ard\u0131ndan daha da apans\u0131z \u00f6l\u00fcm\u00fc hayat\u0131m boyunca ya\u015fad\u0131\u011f\u0131m en b\u00fcy\u00fck ac\u0131lardan biri, en sars\u0131c\u0131, en onulmaz bir keder olmu\u015ftur.   Bu kitab\u0131 olu\u015fturan yaz\u0131lardan her biri sadece benim \u015fiirlerim bak\u0131m\u0131ndan de\u011fil, T\u00fcrk \u015fiiri ara\u015ft\u0131rmalar\u0131 ve genellikle de \u015fiir-bilim bak\u0131m\u0131ndan paha bi\u00e7ilmez de\u011ferdedir. Kemal \u00d6zmen\u2019in \u00f6l\u00fcm\u00fc T\u00fcrk edebiyat d\u00fcnyas\u0131n\u0131n b\u00fcy\u00fck kayb\u0131d\u0131r.   Bu kitab\u0131n sayfalar\u0131n\u0131 birlikte \u00e7evirebilmeyi ne kadar isterdim. K\u0131smet de\u011filmi\u015f. Sevgili, de\u011ferli dostumun iyi y\u00fcrekli, kapsay\u0131c\u0131, parlak zek\u00e2s\u0131na e\u015flik eden az\u0131c\u0131k muzip g\u00fcl\u00fcmseyi\u015fi belle\u011fimden hi\u00e7 silinmeyecek, \u00f6zlemi hi\u00e7 dinmeyecek, hat\u0131ras\u0131 y\u00fcre\u011fimde capcanl\u0131 kalacakt\u0131r. <\/p>\n","protected":false},"excerpt":{"rendered":"<p>Kemal \u00d6zmen\u2019le \u00e7ok yak\u0131n bir zamanda, sadece birka\u00e7 y\u0131l \u00f6nce tan\u0131\u015fm\u0131\u015f olmam\u0131za kar\u015f\u0131n bir karde\u015f yak\u0131nl\u0131\u011f\u0131ndayd\u0131k. Bu bir g\u00f6n\u00fcl ve ak\u0131l karde\u015fli\u011fiydi. Hakk\u0131mda \u00e7e\u015fitli zamanlarda yazd\u0131klar\u0131n\u0131<span class=\"excerpt-hellip\"> [\u2026]<\/span><\/p>\n","protected":false},"featured_media":0,"template":"","meta":{"_monsterinsights_skip_tracking":false,"_monsterinsights_sitenote_active":false,"_monsterinsights_sitenote_note":"","_monsterinsights_sitenote_category":0},"product_brand":[],"product_cat":[13072,12291],"product_tag":[],"class_list":{"0":"post-766642","1":"product","2":"type-product","3":"status-publish","5":"product_cat-arastirma-inceleme-referans","6":"product_cat-edebiyat","7":"pa_cilt-ciltsiz","8":"pa_tur-kitap","9":"pa_yayinevi-tekin-yayinevi","10":"pa_yazar-kemal-ozmen","12":"first","13":"instock","14":"sale","15":"shipping-taxable","16":"purchasable","17":"product-type-simple"},"_links":{"self":[{"href":"https:\/\/roveyayinevi.com.tr\/index.php\/wp-json\/wp\/v2\/product\/766642","targetHints":{"allow":["GET"]}}],"collection":[{"href":"https:\/\/roveyayinevi.com.tr\/index.php\/wp-json\/wp\/v2\/product"}],"about":[{"href":"https:\/\/roveyayinevi.com.tr\/index.php\/wp-json\/wp\/v2\/types\/product"}],"wp:attachment":[{"href":"https:\/\/roveyayinevi.com.tr\/index.php\/wp-json\/wp\/v2\/media?parent=766642"}],"wp:term":[{"taxonomy":"product_brand","embeddable":true,"href":"https:\/\/roveyayinevi.com.tr\/index.php\/wp-json\/wp\/v2\/product_brand?post=766642"},{"taxonomy":"product_cat","embeddable":true,"href":"https:\/\/roveyayinevi.com.tr\/index.php\/wp-json\/wp\/v2\/product_cat?post=766642"},{"taxonomy":"product_tag","embeddable":true,"href":"https:\/\/roveyayinevi.com.tr\/index.php\/wp-json\/wp\/v2\/product_tag?post=766642"}],"curies":[{"name":"wp","href":"https:\/\/api.w.org\/{rel}","templated":true}]}}