{"id":766640,"date":"2025-08-28T12:20:16","date_gmt":"2025-08-28T09:20:16","guid":{"rendered":"https:\/\/roveyayinevi.com.tr\/index.php\/urun\/kemikavcilar-malazan-yitikler-kitabi-6-ciltli\/"},"modified":"2026-04-15T03:32:19","modified_gmt":"2026-04-15T00:32:19","slug":"kemikavcilar-malazan-yitikler-kitabi-6-ciltli","status":"publish","type":"product","link":"https:\/\/roveyayinevi.com.tr\/index.php\/urun\/kemikavcilar-malazan-yitikler-kitabi-6-ciltli\/","title":{"rendered":"Kemikavc\u0131lar \/ Malazan Yitikler Kitab\u0131 6 (Ciltli)"},"content":{"rendered":"<p>\u201cKAYBEDECEK H\u0130\u00c7B\u0130R \u015eEY\u0130 OLMAYAN B\u0130R ADAMLA PAZARLIK ETME.\u201d   Yedi Kent \u0130syan\u0131 bast\u0131r\u0131lm\u0131\u015ft\u0131. Sha\u2019ik \u00f6lmu\u0308\u015ftu\u0308. Geriye yaln\u0131zca, Gu\u0308rzlu\u0308 Leoman\u2019\u0131n liderli\u011finde, Y\u2019Ghatan \u015fehrinde saklanan bir grup isyanc\u0131 kalm\u0131\u015ft\u0131. Bu kadim kaleyi ku\u015fatma ihtimali, sava\u015f yorgunu On D\u00f6rdu\u0308ncu\u0308 Ordu\u2019yu huzursuz etmekteydi. \u00c7u\u0308nku\u0308 buras\u0131, imparatorlu\u011fun en bu\u0308yu\u0308k \u015fampiyonu Dassem Ultor\u2019un \u00f6ldu\u0308\u011fu\u0308 ve Malazan kan\u0131n\u0131n sel gibi akt\u0131\u011f\u0131 yerdi. \u00d6lu\u0308m kokan, karanl\u0131k bir mek\u00e2nd\u0131 buras\u0131.   Ancak ba\u015fka bir yerde, \u00e7ok daha bu\u0308yu\u0308k bir \u00e7at\u0131\u015fman\u0131n piyonlar\u0131 ilk hamlelerini yap\u0131yordu. Sakat Tanr\u0131 panteona s\u0131zm\u0131\u015f, kutsallar\u0131n safl\u0131\u011f\u0131n\u0131 zehirlemi\u015fti. Bu yeni du\u0308zenin g\u00f6lgesinde, bir ayr\u0131l\u0131k f\u0131rt\u0131nas\u0131 yu\u0308kselmekte ve tanr\u0131lar taraf se\u00e7meye zorlanmaktayd\u0131. Ancak hangi tanr\u0131 ne karar verirse versin, kozmosun dengesi art\u0131k geri d\u00f6nu\u0308lemez bir \u015fekilde bozulacakt\u0131. Kurallar yeniden yaz\u0131lacak, u\u0308rku\u0308tu\u0308cu\u0308 ve zalim bir ger\u00e7eklik do\u011facakt\u0131. Kan ilk defa \u00f6lu\u0308mlu\u0308lerin du\u0308nyas\u0131nda d\u00f6ku\u0308lecek ve du\u0308nya bir daha asla ayn\u0131 olmayacakt\u0131&#8230;   Bu yeni du\u0308nyada, tan\u0131d\u0131k ve yabanc\u0131 yu\u0308zler kaosun i\u00e7inde kendi yollar\u0131n\u0131 aramaktayd\u0131. Heboric Hayalet Eller, ele ge\u00e7irilmi\u015f Apsalar, h\u0131rs\u0131zken katil olan Kesici, sava\u015f\u00e7\u0131 Karsa Orlong, kadim gezginler Icarium ve Mappo&#8230; Her biri unutulmu\u015f s\u0131rlar\u0131n yu\u0308ku\u0308yle ad\u0131mlar\u0131n\u0131 atmakta, kendi iradeleriyle \u015fekillendirebilecekleri bir kader arzulamaktayd\u0131. Bu ac\u0131mas\u0131z oyunda tanr\u0131lar\u0131n mu\u0308dahalesinden ka\u00e7maya \u00e7al\u0131\u015facaklard\u0131. Ancak tanr\u0131lar bir kez oyuna dahil oldu\u011funda, nazik davranmazlar. Ve b\u0131\u00e7aklar bir kez \u00e7ekildi\u011finde, merhamet beklemek yaln\u0131zca bo\u015f bir hayalden ibarettir.   Cennette sava\u015f \u00e7\u0131kacakt\u0131r. \u00d6du\u0308l ise varolu\u015fun kendisidir&#8230;   \u201cHer a\u00e7\u0131dan destans\u0131&#8230; Erikson dev bir konuyu ustaca kontrol ediyor&#8230; F\u00e2nilerin ve tanr\u0131lar\u0131n du\u0308nyas\u0131 sahiden de hu\u015fu verici bir \u00e7at\u0131\u015fmada bulu\u015fuyor.\u201d \u2014Enigma   \u201cAksiyon ve hayal gu\u0308cu\u0308 konular\u0131nda kimsenin eline su d\u00f6kemeyece\u011fi Erikson, destans\u0131 vizyonuyla Tolkien ve Donaldson gibilerin aras\u0131na kat\u0131lmakla kalm\u0131yor, belki daha bile \u00f6teye ge\u00e7iyor.\u201d <\/p>\n","protected":false},"excerpt":{"rendered":"<p>\u201cKAYBEDECEK H\u0130\u00c7B\u0130R \u015eEY\u0130 OLMAYAN B\u0130R ADAMLA PAZARLIK ETME.\u201d Yedi Kent \u0130syan\u0131 bast\u0131r\u0131lm\u0131\u015ft\u0131. Sha\u2019ik \u00f6lmu\u0308\u015ftu\u0308. Geriye yaln\u0131zca, Gu\u0308rzlu\u0308 Leoman\u2019\u0131n liderli\u011finde, Y\u2019Ghatan \u015fehrinde saklanan bir grup isyanc\u0131 kalm\u0131\u015ft\u0131.<span class=\"excerpt-hellip\"> [\u2026]<\/span><\/p>\n","protected":false},"featured_media":0,"template":"","meta":{"_monsterinsights_skip_tracking":false,"_monsterinsights_sitenote_active":false,"_monsterinsights_sitenote_note":"","_monsterinsights_sitenote_category":0},"product_brand":[],"product_cat":[12291,14777],"product_tag":[],"class_list":{"0":"post-766640","1":"product","2":"type-product","3":"status-publish","5":"product_cat-edebiyat","6":"product_cat-fantastik","7":"pa_cilt-ciltli","8":"pa_tur-kitap","9":"pa_yayinevi-ithaki-yayinlari","10":"pa_yazar-steven-erikson","12":"first","13":"instock","14":"sale","15":"shipping-taxable","16":"purchasable","17":"product-type-simple"},"_links":{"self":[{"href":"https:\/\/roveyayinevi.com.tr\/index.php\/wp-json\/wp\/v2\/product\/766640","targetHints":{"allow":["GET"]}}],"collection":[{"href":"https:\/\/roveyayinevi.com.tr\/index.php\/wp-json\/wp\/v2\/product"}],"about":[{"href":"https:\/\/roveyayinevi.com.tr\/index.php\/wp-json\/wp\/v2\/types\/product"}],"wp:attachment":[{"href":"https:\/\/roveyayinevi.com.tr\/index.php\/wp-json\/wp\/v2\/media?parent=766640"}],"wp:term":[{"taxonomy":"product_brand","embeddable":true,"href":"https:\/\/roveyayinevi.com.tr\/index.php\/wp-json\/wp\/v2\/product_brand?post=766640"},{"taxonomy":"product_cat","embeddable":true,"href":"https:\/\/roveyayinevi.com.tr\/index.php\/wp-json\/wp\/v2\/product_cat?post=766640"},{"taxonomy":"product_tag","embeddable":true,"href":"https:\/\/roveyayinevi.com.tr\/index.php\/wp-json\/wp\/v2\/product_tag?post=766640"}],"curies":[{"name":"wp","href":"https:\/\/api.w.org\/{rel}","templated":true}]}}