{"id":766638,"date":"2025-08-28T12:20:11","date_gmt":"2025-08-28T09:20:11","guid":{"rendered":"https:\/\/roveyayinevi.com.tr\/index.php\/urun\/duvarlarda-bir-fisilti\/"},"modified":"2026-04-13T03:27:50","modified_gmt":"2026-04-13T00:27:50","slug":"duvarlarda-bir-fisilti","status":"publish","type":"product","link":"https:\/\/roveyayinevi.com.tr\/index.php\/urun\/duvarlarda-bir-fisilti\/","title":{"rendered":"Duvarlarda  Bir F\u0131s\u0131lt\u0131"},"content":{"rendered":"<p>NEW YORK TIMES \u00c7OKSATANI KARANLIKTA B\u0130R KAPI\u2019NIN DEVAM K\u0130TABINDA REN, ZEK\u00c2SI VE KURNAZLI\u011eIYLA, BABASININ HAYATINI \u00c7ALAN S\u0130STEM\u0130 DEV\u0130RMEYE \u00c7ALI\u015eIRKEN SINIRLARI ZORLUYOR.    ASLANLARIN ARASINDA B\u0130R KURT OLAN REN MONROE, THEO BROOD\u2019LA KURDU\u011eU BA\u011e SAYES\u0130NDE KATHOR\u2019UN EN B\u00dcY\u00dcK HANELER\u0130NDEN B\u0130R\u0130NE SIZAR. ANCAK, \u0130\u00c7ER\u0130 G\u0130RD\u0130KTEN SONRA THEO\u2019NUN BABASININ ONDAN \u0130K\u0130 ADIM \u00d6NDE OLDU\u011eUNU FARK EDER. LANDW\u0130N BROOD, REN\u2019\u0130N O\u011eLUNUN \u00dcZER\u0130NDEK\u0130 ETK\u0130S\u0130NDEN KURTULMAK \u0130\u00c7\u0130N THEO\u2019YU S\u00dcRG\u00dcNE G\u00d6NDER\u0130P REN\u2019\u0130 YALNIZ BIRAKIR. B\u00d6YLECE REN\u2019\u0130N HAYATI BOYUNCA PLANLADI\u011eI \u0130NT\u0130KAMIN \u0130LK ADIMINI SEKTEYE U\u011eRATIR. REN, EL\u0130NDEK\u0130 KAYNAKLARA RA\u011eMEN M\u00dcTTEF\u0130K BULAMADI\u011eI S\u00dcRECE \u0130STED\u0130\u011e\u0130 ZAFERE ULA\u015eMASI G\u00dc\u00c7T\u00dcR. YILLAR \u00d6NCE, BROOD HANES\u0130\u2019N\u0130N D\u00dcZENLED\u0130\u011e\u0130 BASKINDA A\u0130LES\u0130N\u0130 KAYBEDEN VE YA\u015eATILAN DEH\u015eET\u0130 H\u0130\u00c7 UNUTMAMI\u015e OLAN T\u0130N\u2019VOR\u0130\u2019LER, BASKINDAN SONRA SESS\u0130ZCE KEND\u0130 \u0130NT\u0130KAMLARINI PLANLAYIP SALDIRACAK DO\u011eRU ZAMANI BEKLEM\u0130\u015eLERD\u0130R. BU \u0130NT\u0130KAM YOLUNDA REN MONROE, ONLARIN EN \u0130Y\u0130 \u015eANSI OLAB\u0130L\u0130R. BU \u0130NT\u0130KAM PLANINDA REN, THEO\u2019YA ZARAR VERMEDEN T\u0130N\u2019VOR\u0130\u2019LER\u0130 BROOD HANES\u0130\u2019NE KAR\u015eI NASIL HAREKETE GE\u00c7\u0130RECE\u011e\u0130N\u0130 BULMAK ZORUNDADIR. THEO\u2019YA DUYDU\u011eU H\u0130SLER BA\u011eLARININ \u00d6TES\u0130NDE B\u00dcY\u00dcRKEN REN, KEND\u0130N\u0130 BI\u00c7AK SIRTINDA, MUAZZAM G\u00dc\u00c7TEN YA DA MUTLAK YIKIMDAN B\u0130R NEFES UZAKTA BULUR.<\/p>\n","protected":false},"excerpt":{"rendered":"<p>NEW YORK TIMES \u00c7OKSATANI KARANLIKTA B\u0130R KAPI\u2019NIN DEVAM K\u0130TABINDA REN, ZEK\u00c2SI VE KURNAZLI\u011eIYLA, BABASININ HAYATINI \u00c7ALAN S\u0130STEM\u0130 DEV\u0130RMEYE \u00c7ALI\u015eIRKEN SINIRLARI ZORLUYOR. ASLANLARIN ARASINDA B\u0130R KURT OLAN<span class=\"excerpt-hellip\"> [\u2026]<\/span><\/p>\n","protected":false},"featured_media":0,"template":"","meta":{"_monsterinsights_skip_tracking":false,"_monsterinsights_sitenote_active":false,"_monsterinsights_sitenote_note":"","_monsterinsights_sitenote_category":0},"product_brand":[],"product_cat":[12291,12711],"product_tag":[],"class_list":{"0":"post-766638","1":"product","2":"type-product","3":"status-publish","5":"product_cat-edebiyat","6":"product_cat-roman-oyku","7":"pa_cilt-ciltsiz","8":"pa_tur-kitap","9":"pa_yayinevi-artemis-yayinlari","10":"pa_yazar-scott-reintgen","12":"first","13":"instock","14":"sale","15":"shipping-taxable","16":"purchasable","17":"product-type-simple"},"_links":{"self":[{"href":"https:\/\/roveyayinevi.com.tr\/index.php\/wp-json\/wp\/v2\/product\/766638","targetHints":{"allow":["GET"]}}],"collection":[{"href":"https:\/\/roveyayinevi.com.tr\/index.php\/wp-json\/wp\/v2\/product"}],"about":[{"href":"https:\/\/roveyayinevi.com.tr\/index.php\/wp-json\/wp\/v2\/types\/product"}],"wp:attachment":[{"href":"https:\/\/roveyayinevi.com.tr\/index.php\/wp-json\/wp\/v2\/media?parent=766638"}],"wp:term":[{"taxonomy":"product_brand","embeddable":true,"href":"https:\/\/roveyayinevi.com.tr\/index.php\/wp-json\/wp\/v2\/product_brand?post=766638"},{"taxonomy":"product_cat","embeddable":true,"href":"https:\/\/roveyayinevi.com.tr\/index.php\/wp-json\/wp\/v2\/product_cat?post=766638"},{"taxonomy":"product_tag","embeddable":true,"href":"https:\/\/roveyayinevi.com.tr\/index.php\/wp-json\/wp\/v2\/product_tag?post=766638"}],"curies":[{"name":"wp","href":"https:\/\/api.w.org\/{rel}","templated":true}]}}