{"id":766636,"date":"2025-08-28T12:20:08","date_gmt":"2025-08-28T09:20:08","guid":{"rendered":"https:\/\/roveyayinevi.com.tr\/index.php\/urun\/hint-ortacag-tarihi\/"},"modified":"2026-04-15T03:32:18","modified_gmt":"2026-04-15T00:32:18","slug":"hint-ortacag-tarihi","status":"publish","type":"product","link":"https:\/\/roveyayinevi.com.tr\/index.php\/urun\/hint-ortacag-tarihi\/","title":{"rendered":"Hint Orta\u00e7a\u011f Tarihi"},"content":{"rendered":"<p>Bu kitap Hint Orta\u00e7a\u011f Tarihi olarak, Araplar\u0131n Sind b\u00f6lgesini istila etmeye \u00e7al\u0131\u015ft\u0131klar\u0131 tarihten, yani yakla\u015f\u0131k olarak 700\u2019lerden ba\u015flay\u0131p son Tu\u011fluk sultan\u0131 Firuz \u015eah\u2019\u0131n \u00f6l\u00fcm\u00fcne ve Delhi\u2019de kurulan son devletler olan Seyyidler ve Lodilerin ortadan kalkt\u0131klar\u0131 zamana kadar (1526) olan, a\u015fa\u011f\u0131 yukar\u0131 800 y\u0131ll\u0131k d\u00f6nemi kapsar.. Bu zaman diliminde T\u00fcrk k\u00f6lelerin kurdu\u011fu Gul\u00e2m hanedan\u0131, Kh\u0131lci veya Khala\u00e7 hanedan\u0131 ve Tu\u011fluk hanedan\u0131 birlikte \u201cT\u00fcrk Egemenli\u011finde Delhi Sultanl\u0131\u011f\u0131\u201d olarak adland\u0131r\u0131labilmektedir. Kitapta T\u00fcrk etkisinin art\u0131k bulunmad\u0131\u011f\u0131 Seyyid ve Lodi hanedanlar\u0131 zaman\u0131 ile Hindistan\u2019da Hindu-M\u00fcsl\u00fcman sava\u015flar\u0131n\u0131n ac\u0131mas\u0131z bir \u00f6rne\u011fini olu\u015fturan Vicaynagar ve Bahmani devletlerinin zamanlar\u0131 da anlat\u0131lmaya \u00e7al\u0131\u015f\u0131lm\u0131\u015ft\u0131r. Eserde Alptegin, Seb\u00fcktegin, Gazneli Mahmud, Gurlu Muhammed s\u0131ras\u0131yla verildikten sonra Delhi Sultanl\u0131\u011f\u0131 I. ve II. D\u00f6nem olarak ele al\u0131nm\u0131\u015f, bunu izleyen zamanda Kh\u0131lciler, Tu\u011fluklar ve d\u00f6nemlerinin olaylar\u0131 titizlikle anlat\u0131lmaya \u00e7al\u0131\u015f\u0131lm\u0131\u015ft\u0131r. Eserde R\u0101cputlara, G\u00fcneydeki \u00c7ola devletine de de\u011finilmi\u015f, Hint kaynaklar\u0131ndan da yararlan\u0131larak eser tarafs\u0131z bir g\u00f6zle kaleme al\u0131nmaya \u00e7al\u0131\u015f\u0131lm\u0131\u015ft\u0131r. Kendisini Hindistanl\u0131 bir T\u00fcrk olarak tan\u0131tan Emir H\u00fcsrev Dehlevi\u2019ye de \u00f6zel bir yer verilmi\u015ftir. G\u00fcn\u00fcm\u00fczde Hindistan\u2019\u0131n ba\u015fkenti olan Delhi\u2019nin tarih\u00ee devirlerde b\u00fcy\u00fcmesinde, \u00f6nemli bir \u015fehir olmas\u0131nda T\u00fcrklerin b\u00fcy\u00fck pay\u0131n\u0131n oldu\u011fu vurgulan\u0131r. Hint Orta\u00e7a\u011f\u0131 hakk\u0131nda \u00fclkemizde \u00e7ok fazla eser yaz\u0131lm\u0131\u015f olmad\u0131\u011f\u0131ndan bu kitap alan\u0131nda \u00f6nemli bir bo\u015flu\u011fu doldurmaktad\u0131r. <\/p>\n","protected":false},"excerpt":{"rendered":"<p>Bu kitap Hint Orta\u00e7a\u011f Tarihi olarak, Araplar\u0131n Sind b\u00f6lgesini istila etmeye \u00e7al\u0131\u015ft\u0131klar\u0131 tarihten, yani yakla\u015f\u0131k olarak 700\u2019lerden ba\u015flay\u0131p son Tu\u011fluk sultan\u0131 Firuz \u015eah\u2019\u0131n \u00f6l\u00fcm\u00fcne ve Delhi\u2019de<span class=\"excerpt-hellip\"> [\u2026]<\/span><\/p>\n","protected":false},"featured_media":0,"template":"","meta":{"_monsterinsights_skip_tracking":false,"_monsterinsights_sitenote_active":false,"_monsterinsights_sitenote_note":"","_monsterinsights_sitenote_category":0},"product_brand":[],"product_cat":[12304],"product_tag":[],"class_list":{"0":"post-766636","1":"product","2":"type-product","3":"status-publish","5":"product_cat-tarih","6":"pa_cilt-ciltsiz","7":"pa_tur-kitap","8":"pa_yayinevi-dogu-bati-yayinlari","9":"pa_yazar-korhan-kaya","11":"first","12":"instock","13":"sale","14":"shipping-taxable","15":"purchasable","16":"product-type-simple"},"_links":{"self":[{"href":"https:\/\/roveyayinevi.com.tr\/index.php\/wp-json\/wp\/v2\/product\/766636","targetHints":{"allow":["GET"]}}],"collection":[{"href":"https:\/\/roveyayinevi.com.tr\/index.php\/wp-json\/wp\/v2\/product"}],"about":[{"href":"https:\/\/roveyayinevi.com.tr\/index.php\/wp-json\/wp\/v2\/types\/product"}],"wp:attachment":[{"href":"https:\/\/roveyayinevi.com.tr\/index.php\/wp-json\/wp\/v2\/media?parent=766636"}],"wp:term":[{"taxonomy":"product_brand","embeddable":true,"href":"https:\/\/roveyayinevi.com.tr\/index.php\/wp-json\/wp\/v2\/product_brand?post=766636"},{"taxonomy":"product_cat","embeddable":true,"href":"https:\/\/roveyayinevi.com.tr\/index.php\/wp-json\/wp\/v2\/product_cat?post=766636"},{"taxonomy":"product_tag","embeddable":true,"href":"https:\/\/roveyayinevi.com.tr\/index.php\/wp-json\/wp\/v2\/product_tag?post=766636"}],"curies":[{"name":"wp","href":"https:\/\/api.w.org\/{rel}","templated":true}]}}