{"id":766635,"date":"2025-08-28T12:20:05","date_gmt":"2025-08-28T09:20:05","guid":{"rendered":"https:\/\/roveyayinevi.com.tr\/index.php\/urun\/1984-illustrasyonlu\/"},"modified":"2026-04-15T03:32:18","modified_gmt":"2026-04-15T00:32:18","slug":"1984-illustrasyonlu","status":"publish","type":"product","link":"https:\/\/roveyayinevi.com.tr\/index.php\/urun\/1984-illustrasyonlu\/","title":{"rendered":"1984 (\u0130ll\u00fcstrasyonlu)"},"content":{"rendered":"<p>1984, 20. y\u00fczy\u0131lda yaz\u0131lm\u0131\u015f en g\u00fc\u00e7l\u00fc metinlerden biridir. Orwell\u2019in 1949\u2019da yay\u0131mlanan kar\u015f\u0131-\u00fctopyac\u0131 roman\u0131, k\u00e2busu and\u0131ran bir gelecek vizyonuyla her ku\u015faktan okuru derinden etkilemi\u015ftir. Belleksiz ve muhalefetsiz bir toplum tehlikesine kar\u015f\u0131 sars\u0131c\u0131 bir uyar\u0131d\u0131r. Bug\u00fcn 1984\u2019e at\u0131fta bulunmadan totaliter rejimlerden, propagandadan ve ger\u00e7e\u011fin sapt\u0131r\u0131lmas\u0131ndan s\u00f6z etmek neredeyse imk\u00e2ns\u0131zd\u0131r. Roman\u0131n etkisi yay\u0131mlan\u0131\u015f\u0131n\u0131n \u00fczerinden ge\u00e7en yetmi\u015f y\u0131l\u0131 a\u015fk\u0131n s\u00fcrede hi\u00e7 azalmad\u0131\u011f\u0131 gibi daha da artm\u0131\u015f, adeta kolektif belle\u011fimize kaz\u0131nm\u0131\u015ft\u0131r. 1984\u2019\u00fc, bu kez Andr\u00e9 Carrilho\u2019nun bu \u00f6l\u00fcms\u00fcz yap\u0131t\u0131n g\u00fcc\u00fcne g\u00fc\u00e7 katan muhte\u015fem ill\u00fcstrasyonlar\u0131yla sunuyoruz.                        <\/p>\n","protected":false},"excerpt":{"rendered":"<p>1984, 20. y\u00fczy\u0131lda yaz\u0131lm\u0131\u015f en g\u00fc\u00e7l\u00fc metinlerden biridir. Orwell\u2019in 1949\u2019da yay\u0131mlanan kar\u015f\u0131-\u00fctopyac\u0131 roman\u0131, k\u00e2busu and\u0131ran bir gelecek vizyonuyla her ku\u015faktan okuru derinden etkilemi\u015ftir. Belleksiz ve muhalefetsiz<span class=\"excerpt-hellip\"> [\u2026]<\/span><\/p>\n","protected":false},"featured_media":0,"template":"","meta":{"_monsterinsights_skip_tracking":false,"_monsterinsights_sitenote_active":false,"_monsterinsights_sitenote_note":"","_monsterinsights_sitenote_category":0},"product_brand":[],"product_cat":[12291,12711],"product_tag":[],"class_list":{"0":"post-766635","1":"product","2":"type-product","3":"status-publish","5":"product_cat-edebiyat","6":"product_cat-roman-oyku","7":"pa_cilt-ciltsiz","8":"pa_tur-kitap","9":"pa_yayinevi-is-bankasi-kultur-yayinlari","10":"pa_yazar-george-orwell","12":"first","13":"instock","14":"sale","15":"shipping-taxable","16":"purchasable","17":"product-type-simple"},"_links":{"self":[{"href":"https:\/\/roveyayinevi.com.tr\/index.php\/wp-json\/wp\/v2\/product\/766635","targetHints":{"allow":["GET"]}}],"collection":[{"href":"https:\/\/roveyayinevi.com.tr\/index.php\/wp-json\/wp\/v2\/product"}],"about":[{"href":"https:\/\/roveyayinevi.com.tr\/index.php\/wp-json\/wp\/v2\/types\/product"}],"wp:attachment":[{"href":"https:\/\/roveyayinevi.com.tr\/index.php\/wp-json\/wp\/v2\/media?parent=766635"}],"wp:term":[{"taxonomy":"product_brand","embeddable":true,"href":"https:\/\/roveyayinevi.com.tr\/index.php\/wp-json\/wp\/v2\/product_brand?post=766635"},{"taxonomy":"product_cat","embeddable":true,"href":"https:\/\/roveyayinevi.com.tr\/index.php\/wp-json\/wp\/v2\/product_cat?post=766635"},{"taxonomy":"product_tag","embeddable":true,"href":"https:\/\/roveyayinevi.com.tr\/index.php\/wp-json\/wp\/v2\/product_tag?post=766635"}],"curies":[{"name":"wp","href":"https:\/\/api.w.org\/{rel}","templated":true}]}}