{"id":766634,"date":"2025-08-28T12:20:03","date_gmt":"2025-08-28T09:20:03","guid":{"rendered":"https:\/\/roveyayinevi.com.tr\/index.php\/urun\/idil-biret-dunya-sahnelerinde-bir-turk-piyanisti\/"},"modified":"2026-04-15T03:32:18","modified_gmt":"2026-04-15T00:32:18","slug":"idil-biret-dunya-sahnelerinde-bir-turk-piyanisti","status":"publish","type":"product","link":"https:\/\/roveyayinevi.com.tr\/index.php\/urun\/idil-biret-dunya-sahnelerinde-bir-turk-piyanisti\/","title":{"rendered":"\u0130dil Biret \/ D\u00fcnya Sahnelerinde Bir T\u00fcrk Piyanisti"},"content":{"rendered":"<p>\u201cYazar Dominique Xardel\u2019in sorular\u0131 ve \u0130dil Biret\u2019in ayr\u0131nt\u0131l\u0131, derinlemesine analizler i\u00e7eren, geni\u015f a\u00e7\u0131l\u0131ml\u0131, felsefi boyutlu yan\u0131tlar\u0131yla ilerliyor bu kitap&#8230;\u201d Zeynep Oral, Cumhuriyet   \u201c\u0130dil Biret\u2019in \u00fcst\u00fcnl\u00fc\u011f\u00fc yaln\u0131z m\u00fczik d\u00fcnyas\u0131yla s\u0131n\u0131rl\u0131 de\u011fil. Edebiyattan t\u00fcm sanatlara, felsefeden hukuka e\u015fsiz bir bilgi ve k\u00fclt\u00fcr birikimi, y\u00fczlerce orkestra eseri i\u00e7eren bir repertuvar\u0131 belle\u011finde ta\u015f\u0131mas\u0131, yaln\u0131z ve yaln\u0131z kendisiyle yar\u0131\u015fmas\u0131, ba\u011f\u0131ms\u0131zl\u0131\u011f\u0131 ve \u00f6zg\u00fcrl\u00fc\u011f\u00fc, onu ola\u011fan\u00fcst\u00fc k\u0131l\u0131yor.\u201d Dominique Xardel   \u201cSonsuz bir zenginlik i\u00e7eren bu kitap, Biret\u2019in g\u00fc\u00e7l\u00fc ki\u015fili\u011fi, d\u00fc\u015f\u00fcncelerindeki \u00f6zg\u00fcnl\u00fck, m\u00fczik ve d\u00fcnya \u00fcst\u00fcne a\u00e7\u0131klamalar\u0131n\u0131n yo\u011funlu\u011fu, meslekta\u015flar\u0131 ve hocalar\u0131ndan k\u0131skan\u00e7l\u0131k ve k\u00fc\u00e7\u00fck hesaplardan ar\u0131nm\u0131\u015f bir bi\u00e7imde s\u00f6z etmesiyle \u00e7ok \u00e7arp\u0131c\u0131.\u201d Jacques Lonchampt, Le Monde   \u201c\u0130dil Biret, siz, m\u00fczisyenlerin, \u00f6zellikle piyanistlerin d\u00fcnyas\u0131nda efsane olmu\u015f bir ki\u015filiksiniz! \u00c7\u00fcnk\u00fc m\u00fczik d\u00fcnyas\u0131na en \u015fa\u015f\u0131rt\u0131c\u0131 harika \u00e7ocuklardan biri olarak girdiniz. B\u00fct\u00fcn d\u00fcnyay\u0131 b\u00fcy\u00fclediniz, en b\u00fcy\u00fcklerin hayranl\u0131\u011f\u0131n\u0131 kazand\u0131n\u0131z.\u201d Jean-Michel Damian, France Musique   \u201cPiyano sevenler taraf\u0131ndan okunmas\u0131 gereken \u00f6nemli bir kitap. \u201d Ingo Harden,  Fono Forum   \u201cYapt\u0131\u011f\u0131 her \u015feyde m\u00fczikal yarat\u0131c\u0131l\u0131ktaki samimiyetini sergileyen, piyanonun bu b\u00fcy\u00fck han\u0131mefendisinin kariyeri, repertuvar\u0131, \u00e7al\u0131\u015fma metotlar\u0131 hakk\u0131nda ayd\u0131nlat\u0131c\u0131, heyecanla yaz\u0131lm\u0131\u015f bir kitap.\u201d Nicolas Baron, Diapason <\/p>\n","protected":false},"excerpt":{"rendered":"<p>\u201cYazar Dominique Xardel\u2019in sorular\u0131 ve \u0130dil Biret\u2019in ayr\u0131nt\u0131l\u0131, derinlemesine analizler i\u00e7eren, geni\u015f a\u00e7\u0131l\u0131ml\u0131, felsefi boyutlu yan\u0131tlar\u0131yla ilerliyor bu kitap&#8230;\u201d Zeynep Oral, Cumhuriyet \u201c\u0130dil Biret\u2019in \u00fcst\u00fcnl\u00fc\u011f\u00fc yaln\u0131z<span class=\"excerpt-hellip\"> [\u2026]<\/span><\/p>\n","protected":false},"featured_media":0,"template":"","meta":{"_monsterinsights_skip_tracking":false,"_monsterinsights_sitenote_active":false,"_monsterinsights_sitenote_note":"","_monsterinsights_sitenote_category":0},"product_brand":[],"product_cat":[14009,12291],"product_tag":[],"class_list":{"0":"post-766634","1":"product","2":"type-product","3":"status-publish","5":"product_cat-biyografi-otobiyografi-edebiyat","6":"product_cat-edebiyat","7":"pa_cilt-ciltsiz","8":"pa_tur-kitap","9":"pa_yayinevi-mundi","10":"pa_yazar-dominique-xardel","12":"first","13":"instock","14":"sale","15":"shipping-taxable","16":"purchasable","17":"product-type-simple"},"_links":{"self":[{"href":"https:\/\/roveyayinevi.com.tr\/index.php\/wp-json\/wp\/v2\/product\/766634","targetHints":{"allow":["GET"]}}],"collection":[{"href":"https:\/\/roveyayinevi.com.tr\/index.php\/wp-json\/wp\/v2\/product"}],"about":[{"href":"https:\/\/roveyayinevi.com.tr\/index.php\/wp-json\/wp\/v2\/types\/product"}],"wp:attachment":[{"href":"https:\/\/roveyayinevi.com.tr\/index.php\/wp-json\/wp\/v2\/media?parent=766634"}],"wp:term":[{"taxonomy":"product_brand","embeddable":true,"href":"https:\/\/roveyayinevi.com.tr\/index.php\/wp-json\/wp\/v2\/product_brand?post=766634"},{"taxonomy":"product_cat","embeddable":true,"href":"https:\/\/roveyayinevi.com.tr\/index.php\/wp-json\/wp\/v2\/product_cat?post=766634"},{"taxonomy":"product_tag","embeddable":true,"href":"https:\/\/roveyayinevi.com.tr\/index.php\/wp-json\/wp\/v2\/product_tag?post=766634"}],"curies":[{"name":"wp","href":"https:\/\/api.w.org\/{rel}","templated":true}]}}