{"id":766633,"date":"2025-08-28T12:20:01","date_gmt":"2025-08-28T09:20:01","guid":{"rendered":"https:\/\/roveyayinevi.com.tr\/index.php\/urun\/ilkel-zihniyette-dogaustu-ve-doga-anlayisi-i\/"},"modified":"2026-04-15T03:32:18","modified_gmt":"2026-04-15T00:32:18","slug":"ilkel-zihniyette-dogaustu-ve-doga-anlayisi-i","status":"publish","type":"product","link":"https:\/\/roveyayinevi.com.tr\/index.php\/urun\/ilkel-zihniyette-dogaustu-ve-doga-anlayisi-i\/","title":{"rendered":"Ilkel Zihniyette Do\u011fa\u00fcst\u00fc ve Do\u011fa Anlay\u0131\u015f\u0131 &#8211; I"},"content":{"rendered":"<p>L\u00e9vy-Bruhl\u2019e g\u00f6re \u201cilkel\u201d insan\u0131n t\u00fcm ya\u015fam\u0131 tamamen do\u011fa\u00fcst\u00fcn\u00fcn egemenli\u011fi alt\u0131ndad\u0131r. \u0130lkel bir zihin do\u011fa kar\u015f\u0131s\u0131nda s\u00fcrekli kendini tehdit eden g\u00fc\u00e7lerle sava\u015fmak zorundad\u0131r ve etraf\u0131nda olan biten \u00e7o\u011fu \u015fey belli bir s\u00fcre sonra onda saplant\u0131ya d\u00f6n\u00fc\u015f\u00fcr. Kimi zaman bu karanl\u0131k d\u00fc\u015f\u00fcnceleri zihninden uzakla\u015ft\u0131rmay\u0131 ba\u015farsa da bunlar\u0131n daha sonra g\u00fc\u00e7l\u00fc bir \u015fekilde \u00e7\u0131k\u0131p gelmesi muhtemeldir. \u0130lkellerin \u201cg\u00f6r\u00fcnmez g\u00fc\u00e7ler\u201d kar\u015f\u0131s\u0131nda hissetti\u011fi temel \u015fey ise korkudur. \u201cBiz inanm\u0131yoruz, korkuyoruz\u201d derler, mesela. Modern insan\u0131n \u201ckaza\u201d olarak tan\u0131mlad\u0131\u011f\u0131 \u015fey, ilkel insan\u0131n zihninde birden \u00e7ok k\u00f6t\u00fcc\u00fcl g\u00fcc\u00fcn etkisine maruz kal\u0131nmas\u0131 anlam\u0131na gelir. Bilinmeyen g\u00fc\u00e7ler ilkel insan\u0131 \u00e2deta bir kurban olarak se\u00e7mi\u015ftir. Hi\u00e7 ku\u015fkusuz ba\u015fka talihsizlikler de art arda gelecektir. Bu talihsizliklerden kurtulmak i\u00e7in o, nazarl\u0131klar, muskalar ve t\u0131ls\u0131mlar arac\u0131l\u0131\u011f\u0131yla do\u011fadaki varl\u0131klar\u0131n ve nesnelerin \u00f6z\u00fcn\u00fc anlamaya \u00e7al\u0131\u015f\u0131r, do\u011fay\u0131 modern insandan \u00e7ok farkl\u0131 bir bi\u00e7imde alg\u0131lar ve \u00e7evresindeki her \u015feye ayr\u0131\u015ft\u0131r\u0131c\u0131 de\u011fil b\u00fct\u00fcnl\u00fckl\u00fc bir g\u00f6zle bakar.    \u201c\u00c7evremizde her g\u00fcn kar\u015f\u0131la\u015ft\u0131\u011f\u0131m\u0131z hastal\u0131ktan korkuyoruz. \u00d6l\u00fcmden de\u011fil, ac\u0131 \u00e7ekmekten korkuyoruz. K\u00f6t\u00fc \u015famanlar\u0131n hemcinslerine zarar vermesine yard\u0131m edebilecek olan ya\u015fam, hava, deniz ve topra\u011f\u0131n k\u00f6t\u00fc ruhlar\u0131ndan korkuyoruz. \u00d6l\u00fclerin ve \u00f6ld\u00fcrd\u00fc\u011f\u00fcm\u00fcz hayvanlar\u0131n ruhlar\u0131ndan korkuyoruz.\u201d <\/p>\n","protected":false},"excerpt":{"rendered":"<p>L\u00e9vy-Bruhl\u2019e g\u00f6re \u201cilkel\u201d insan\u0131n t\u00fcm ya\u015fam\u0131 tamamen do\u011fa\u00fcst\u00fcn\u00fcn egemenli\u011fi alt\u0131ndad\u0131r. \u0130lkel bir zihin do\u011fa kar\u015f\u0131s\u0131nda s\u00fcrekli kendini tehdit eden g\u00fc\u00e7lerle sava\u015fmak zorundad\u0131r ve etraf\u0131nda olan biten<span class=\"excerpt-hellip\"> [\u2026]<\/span><\/p>\n","protected":false},"featured_media":0,"template":"","meta":{"_monsterinsights_skip_tracking":false,"_monsterinsights_sitenote_active":false,"_monsterinsights_sitenote_note":"","_monsterinsights_sitenote_category":0},"product_brand":[],"product_cat":[15499,13488],"product_tag":[],"class_list":{"0":"post-766633","1":"product","2":"type-product","3":"status-publish","5":"product_cat-antropoloji","6":"product_cat-toplum-ve-insan","7":"pa_cilt-ciltsiz","8":"pa_tur-kitap","9":"pa_yayinevi-dogu-bati-yayinlari","10":"pa_yazar-lucien-levy-bruhl","12":"first","13":"instock","14":"sale","15":"shipping-taxable","16":"purchasable","17":"product-type-simple"},"_links":{"self":[{"href":"https:\/\/roveyayinevi.com.tr\/index.php\/wp-json\/wp\/v2\/product\/766633","targetHints":{"allow":["GET"]}}],"collection":[{"href":"https:\/\/roveyayinevi.com.tr\/index.php\/wp-json\/wp\/v2\/product"}],"about":[{"href":"https:\/\/roveyayinevi.com.tr\/index.php\/wp-json\/wp\/v2\/types\/product"}],"wp:attachment":[{"href":"https:\/\/roveyayinevi.com.tr\/index.php\/wp-json\/wp\/v2\/media?parent=766633"}],"wp:term":[{"taxonomy":"product_brand","embeddable":true,"href":"https:\/\/roveyayinevi.com.tr\/index.php\/wp-json\/wp\/v2\/product_brand?post=766633"},{"taxonomy":"product_cat","embeddable":true,"href":"https:\/\/roveyayinevi.com.tr\/index.php\/wp-json\/wp\/v2\/product_cat?post=766633"},{"taxonomy":"product_tag","embeddable":true,"href":"https:\/\/roveyayinevi.com.tr\/index.php\/wp-json\/wp\/v2\/product_tag?post=766633"}],"curies":[{"name":"wp","href":"https:\/\/api.w.org\/{rel}","templated":true}]}}