{"id":766630,"date":"2025-08-28T12:19:55","date_gmt":"2025-08-28T09:19:55","guid":{"rendered":"https:\/\/roveyayinevi.com.tr\/index.php\/urun\/invincible-4\/"},"modified":"2026-04-15T03:32:18","modified_gmt":"2026-04-15T00:32:18","slug":"invincible-4","status":"publish","type":"product","link":"https:\/\/roveyayinevi.com.tr\/index.php\/urun\/invincible-4\/","title":{"rendered":"Invincible 4"},"content":{"rendered":"<p>Invincible Cilt 3\u2019teki deh\u015fet verici olaylar\u0131n ard\u0131ndan Mark, par\u00e7alanan hayat\u0131n\u0131 yeniden toparlamaya \u00e7al\u0131\u015f\u0131r. Art\u0131k her \u015fey farkl\u0131d\u0131r. Ailesi, arkada\u015flar\u0131, meslekta\u015flar\u0131. Du\u0308nya, gen\u00e7 su\u0308per kahraman\u0131m\u0131z i\u00e7in tuhaf ve tan\u0131nmaz bir hal alm\u0131\u015ft\u0131r. Art\u0131k u\u0308stesinden gelinemez dertlerle, say\u0131s\u0131z su\u0308per k\u00f6tu\u0308yle, du\u0308nya d\u0131\u015f\u0131 tehditlerle ve lise mezuniyetiyle bo\u011fu\u015fmak zorundad\u0131r. Kimse su\u0308per kahramanl\u0131\u011f\u0131n kolay olaca\u011f\u0131n\u0131 s\u00f6ylememi\u015fti ama kimse, bu kadarzor olaca\u011f\u0131n\u0131 da s\u00f6ylememi\u015fti.Eisner \u00d6du\u0308lleri\u2019ne aday olmu\u015f bu serinin #14-19 ve Image Comics Summer Special say\u0131lar\u0131ndan derlenmi\u015ftir. <\/p>\n","protected":false},"excerpt":{"rendered":"<p>Invincible Cilt 3\u2019teki deh\u015fet verici olaylar\u0131n ard\u0131ndan Mark, par\u00e7alanan hayat\u0131n\u0131 yeniden toparlamaya \u00e7al\u0131\u015f\u0131r. Art\u0131k her \u015fey farkl\u0131d\u0131r. Ailesi, arkada\u015flar\u0131, meslekta\u015flar\u0131. Du\u0308nya, gen\u00e7 su\u0308per kahraman\u0131m\u0131z i\u00e7in tuhaf<span class=\"excerpt-hellip\"> [\u2026]<\/span><\/p>\n","protected":false},"featured_media":0,"template":"","meta":{"_monsterinsights_skip_tracking":false,"_monsterinsights_sitenote_active":false,"_monsterinsights_sitenote_note":"","_monsterinsights_sitenote_category":0},"product_brand":[],"product_cat":[12416,12291],"product_tag":[],"class_list":{"0":"post-766630","1":"product","2":"type-product","3":"status-publish","5":"product_cat-cizgi-roman","6":"product_cat-edebiyat","7":"pa_cilt-ciltsiz","8":"pa_tur-kitap","9":"pa_yayinevi-athica-yayinlari","10":"pa_yazar-robert-kirkman","12":"first","13":"instock","14":"sale","15":"shipping-taxable","16":"purchasable","17":"product-type-simple"},"_links":{"self":[{"href":"https:\/\/roveyayinevi.com.tr\/index.php\/wp-json\/wp\/v2\/product\/766630","targetHints":{"allow":["GET"]}}],"collection":[{"href":"https:\/\/roveyayinevi.com.tr\/index.php\/wp-json\/wp\/v2\/product"}],"about":[{"href":"https:\/\/roveyayinevi.com.tr\/index.php\/wp-json\/wp\/v2\/types\/product"}],"wp:attachment":[{"href":"https:\/\/roveyayinevi.com.tr\/index.php\/wp-json\/wp\/v2\/media?parent=766630"}],"wp:term":[{"taxonomy":"product_brand","embeddable":true,"href":"https:\/\/roveyayinevi.com.tr\/index.php\/wp-json\/wp\/v2\/product_brand?post=766630"},{"taxonomy":"product_cat","embeddable":true,"href":"https:\/\/roveyayinevi.com.tr\/index.php\/wp-json\/wp\/v2\/product_cat?post=766630"},{"taxonomy":"product_tag","embeddable":true,"href":"https:\/\/roveyayinevi.com.tr\/index.php\/wp-json\/wp\/v2\/product_tag?post=766630"}],"curies":[{"name":"wp","href":"https:\/\/api.w.org\/{rel}","templated":true}]}}