{"id":766628,"date":"2025-08-28T12:19:40","date_gmt":"2025-08-28T09:19:40","guid":{"rendered":"https:\/\/roveyayinevi.com.tr\/index.php\/urun\/paisley-parka-gitmeyecegiz-prince\/"},"modified":"2026-04-15T03:32:18","modified_gmt":"2026-04-15T00:32:18","slug":"paisley-parka-gitmeyecegiz-prince","status":"publish","type":"product","link":"https:\/\/roveyayinevi.com.tr\/index.php\/urun\/paisley-parka-gitmeyecegiz-prince\/","title":{"rendered":"Paisley Park&#8217;a Gitmeyece\u011fiz \u2013 Prince"},"content":{"rendered":"<p>Prince, 21 Nisan 2016 tarihinde Minnesota\u2019da Paisley Park\u2019taki stu\u0308dyosunda, 57 ya\u015f\u0131nda \u00f6lu\u0308 bulundu.Atlantik\u2019in \u00f6te yan\u0131nda bu haber, eski bir plak ma\u011fazas\u0131n\u0131n sahibi Sergio\u2019ya ula\u015ft\u0131. \u00dcnlu\u0308 koleksiyoncu iki sad\u0131k mu\u0308\u015fterisini, Prince ile Miles Davis\u2019e ait olan ve Paisley Park\u2019taki kasada ar\u015fivlendi\u011fi s\u00f6ylenen, yay\u0131nlanmam\u0131\u015f mu\u0308zik kay\u0131tlar\u0131n\u0131 bulmaya ikna etti. Bu kitap, gu\u0308nu\u0308mu\u0308zu\u0308n orta bat\u0131 Amerika\u2019s\u0131na uzanan, arka plan\u0131nda Trump\u2019\u0131n ba\u015fkanl\u0131k se\u00e7imine yer veren, Funk mu\u0308zi\u011fe ve kat\u0131ld\u0131\u011f\u0131 Tv program\u0131ndan sonra kazand\u0131\u011f\u0131 l\u00e2kab\u0131yla \u201cMinneapolis Kid\u2019e\u201d sayg\u0131 duru\u015funda bulunan \u00e7\u0131lg\u0131n bir yolculuk. <\/p>\n","protected":false},"excerpt":{"rendered":"<p>Prince, 21 Nisan 2016 tarihinde Minnesota\u2019da Paisley Park\u2019taki stu\u0308dyosunda, 57 ya\u015f\u0131nda \u00f6lu\u0308 bulundu.Atlantik\u2019in \u00f6te yan\u0131nda bu haber, eski bir plak ma\u011fazas\u0131n\u0131n sahibi Sergio\u2019ya ula\u015ft\u0131. \u00dcnlu\u0308 koleksiyoncu<span class=\"excerpt-hellip\"> [\u2026]<\/span><\/p>\n","protected":false},"featured_media":0,"template":"","meta":{"_monsterinsights_skip_tracking":false,"_monsterinsights_sitenote_active":false,"_monsterinsights_sitenote_note":"","_monsterinsights_sitenote_category":0},"product_brand":[],"product_cat":[12416,12291],"product_tag":[],"class_list":{"0":"post-766628","1":"product","2":"type-product","3":"status-publish","5":"product_cat-cizgi-roman","6":"product_cat-edebiyat","7":"pa_cilt-ciltsiz","8":"pa_tur-kitap","9":"pa_yayinevi-kara-karga-yayinlari","10":"pa_yazar-thomas-kotlarek","12":"first","13":"instock","14":"sale","15":"shipping-taxable","16":"purchasable","17":"product-type-simple"},"_links":{"self":[{"href":"https:\/\/roveyayinevi.com.tr\/index.php\/wp-json\/wp\/v2\/product\/766628","targetHints":{"allow":["GET"]}}],"collection":[{"href":"https:\/\/roveyayinevi.com.tr\/index.php\/wp-json\/wp\/v2\/product"}],"about":[{"href":"https:\/\/roveyayinevi.com.tr\/index.php\/wp-json\/wp\/v2\/types\/product"}],"wp:attachment":[{"href":"https:\/\/roveyayinevi.com.tr\/index.php\/wp-json\/wp\/v2\/media?parent=766628"}],"wp:term":[{"taxonomy":"product_brand","embeddable":true,"href":"https:\/\/roveyayinevi.com.tr\/index.php\/wp-json\/wp\/v2\/product_brand?post=766628"},{"taxonomy":"product_cat","embeddable":true,"href":"https:\/\/roveyayinevi.com.tr\/index.php\/wp-json\/wp\/v2\/product_cat?post=766628"},{"taxonomy":"product_tag","embeddable":true,"href":"https:\/\/roveyayinevi.com.tr\/index.php\/wp-json\/wp\/v2\/product_tag?post=766628"}],"curies":[{"name":"wp","href":"https:\/\/api.w.org\/{rel}","templated":true}]}}