{"id":766627,"date":"2025-08-28T12:19:38","date_gmt":"2025-08-28T09:19:38","guid":{"rendered":"https:\/\/roveyayinevi.com.tr\/index.php\/urun\/halka-atma-oyunu\/"},"modified":"2026-04-15T03:32:18","modified_gmt":"2026-04-15T00:32:18","slug":"halka-atma-oyunu","status":"publish","type":"product","link":"https:\/\/roveyayinevi.com.tr\/index.php\/urun\/halka-atma-oyunu\/","title":{"rendered":"Halka Atma Oyunu"},"content":{"rendered":"<p>Halka Atma Oyunu, ailece keyifli ve e\u011flenceli vakit ge\u00e7irmenizi sa\u011flayacak harika bir aktivite sunuyor! %100 do\u011fal ah\u015faptan \u00fcretilmi\u015f bu oyun, \u00e7ocuklar\u0131n motor becerilerini geli\u015ftirmeye yard\u0131mc\u0131 olurken, el-g\u00f6z koordinasyonunu da g\u00fc\u00e7lendirir. 3 ya\u015f ve \u00fczeri \u00e7ocuklar i\u00e7in uygun olan Halka Atma Oyunu, ayn\u0131 zamanda kolay ta\u015f\u0131nabilir \u00f6zelli\u011fi sayesinde her yerde rahatl\u0131kla oynanabilir. Basit kurulumu ile hemen oyuna ba\u015flayabilirsiniz! Mesafenizi ayarlay\u0131n, halkan\u0131z\u0131 hedefe do\u011fru f\u0131rlat\u0131n ve en y\u00fcksek puan\u0131 alarak kazan\u0131n. Bu e\u011fitici oyun, \u00e7ocuklar\u0131n mesafe tahmini ve denge becerilerini geli\u015ftirirken, g\u00fcvenli i\u00e7eri\u011fi ile ebeveynlerin de tercihi oluyor. T\u00fcrkiye\u2019de \u00fcretilen Halka Atma Oyunu, \u00e7ocuk sa\u011fl\u0131\u011f\u0131 standartlar\u0131na uygun olarak \u00fcretilmi\u015ftir, b\u00f6ylece \u00e7ocuklar\u0131n\u0131z\u0131n g\u00fcvenle oynayabilece\u011fi bir oyundur. Her ya\u015f grubu i\u00e7in g\u00fcvenli bir oyun deneyimi sunan bu \u00fcr\u00fcn, ayn\u0131 zamanda do\u011fayla uyumlu malzemelerle tasarlanm\u0131\u015ft\u0131r. Ebeveyn g\u00f6zetiminde kullan\u0131lmas\u0131 \u00f6nerilen Halka Atma Oyunu, \u00f6zellikle \u00e7ocuklar\u0131n sosyal becerilerini geli\u015ftirmelerine ve ailece kaliteli zaman ge\u00e7irmelerine olanak tan\u0131r. Hem evde hem de d\u0131\u015f mekanlarda oynanabilir yap\u0131s\u0131yla \u00e7ocuklar i\u00e7in vazge\u00e7ilmez bir oyun arkada\u015f\u0131d\u0131r. Halka Oyunu&#8217;nun \u00d6ne \u00c7\u0131kan \u00d6zellikleri: \u00b7         E\u011flenceli Aile Oyunu: Aile bireyleriyle e\u011flenceli ve kaliteli zaman ge\u00e7irmenizi sa\u011flar. \u00b7         Motor Becerileri Geli\u015ftirme: El-g\u00f6z koordinasyonunu geli\u015ftirerek \u00e7ocuklar\u0131n motor becerilerini destekler. \u00b7         Mesafe Tahmini: Mesafeyi do\u011fru ayarlayarak hedefi vurun ve kazan\u0131n. \u00b7         Kolay Ta\u015f\u0131nabilir: Her yerde oynamak i\u00e7in kolay ta\u015f\u0131nabilir ve h\u0131zl\u0131 kurulum sa\u011flar. \u00b7         %100 Do\u011fal Ah\u015fap: Sa\u011fl\u0131kl\u0131 ve \u00e7evre dostu malzemelerden \u00fcretilmi\u015ftir. <\/p>\n","protected":false},"excerpt":{"rendered":"<p>Halka Atma Oyunu, ailece keyifli ve e\u011flenceli vakit ge\u00e7irmenizi sa\u011flayacak harika bir aktivite sunuyor! %100 do\u011fal ah\u015faptan \u00fcretilmi\u015f bu oyun, \u00e7ocuklar\u0131n motor becerilerini geli\u015ftirmeye yard\u0131mc\u0131 olurken,<span class=\"excerpt-hellip\"> [\u2026]<\/span><\/p>\n","protected":false},"featured_media":0,"template":"","meta":{"_monsterinsights_skip_tracking":false,"_monsterinsights_sitenote_active":false,"_monsterinsights_sitenote_note":"","_monsterinsights_sitenote_category":0},"product_brand":[],"product_cat":[12274],"product_tag":[],"class_list":{"0":"post-766627","1":"product","2":"type-product","3":"status-publish","5":"product_cat-cocuk-ve-genclik-kitaplari","6":"pa_cilt-ciltsiz","7":"pa_tur-kitap20","8":"pa_yayinevi-dikkat-atolyesi-yayinlari","9":"pa_yazar-kolektif","11":"first","12":"instock","13":"sale","14":"shipping-taxable","15":"purchasable","16":"product-type-simple"},"_links":{"self":[{"href":"https:\/\/roveyayinevi.com.tr\/index.php\/wp-json\/wp\/v2\/product\/766627","targetHints":{"allow":["GET"]}}],"collection":[{"href":"https:\/\/roveyayinevi.com.tr\/index.php\/wp-json\/wp\/v2\/product"}],"about":[{"href":"https:\/\/roveyayinevi.com.tr\/index.php\/wp-json\/wp\/v2\/types\/product"}],"wp:attachment":[{"href":"https:\/\/roveyayinevi.com.tr\/index.php\/wp-json\/wp\/v2\/media?parent=766627"}],"wp:term":[{"taxonomy":"product_brand","embeddable":true,"href":"https:\/\/roveyayinevi.com.tr\/index.php\/wp-json\/wp\/v2\/product_brand?post=766627"},{"taxonomy":"product_cat","embeddable":true,"href":"https:\/\/roveyayinevi.com.tr\/index.php\/wp-json\/wp\/v2\/product_cat?post=766627"},{"taxonomy":"product_tag","embeddable":true,"href":"https:\/\/roveyayinevi.com.tr\/index.php\/wp-json\/wp\/v2\/product_tag?post=766627"}],"curies":[{"name":"wp","href":"https:\/\/api.w.org\/{rel}","templated":true}]}}