{"id":766625,"date":"2025-08-28T12:19:34","date_gmt":"2025-08-28T09:19:34","guid":{"rendered":"https:\/\/roveyayinevi.com.tr\/index.php\/urun\/flip-the-fun-eglenceyi-cevir\/"},"modified":"2025-12-30T11:33:08","modified_gmt":"2025-12-30T08:33:08","slug":"flip-the-fun-eglenceyi-cevir","status":"publish","type":"product","link":"https:\/\/roveyayinevi.com.tr\/index.php\/urun\/flip-the-fun-eglenceyi-cevir\/","title":{"rendered":"Flip The Fun (E\u011flenceyi \u00c7evir)"},"content":{"rendered":"<p>7 ya\u015f ve \u00fczeri herkesin oynayabilece\u011fi Flip the Fun oyunun i\u00e7erisinde 120 adet \u00e7ift y\u00fczl\u00fc resim kart\u0131, 65 adet y\u00f6nerge kart\u0131, 5 adet s\u00fcrpriz kart\u0131, 6 adet de kilit kart\u0131 mevcuttur.   \u0130lk olarak y\u00f6nerge kartlar\u0131, s\u00fcrpriz kartlar\u0131 ve kilit kartlar\u0131 kar\u0131\u015ft\u0131r\u0131larak oyun alan\u0131n\u0131n ortas\u0131na kapal\u0131 bir \u015fekilde koyulur. Her oyuncuya 5\u2019er tane resim kart\u0131 da\u011f\u0131t\u0131l\u0131r. Oyuncular kartlar\u0131n \u00f6n ve arka y\u00fczlerine iyice bak\u0131p ak\u0131lda tutmaya \u00e7al\u0131\u015f\u0131r ve kartlar\u0131 \u00f6nlerine dizerler.   Oyunculardan biri ortadaki kartlardan birini a\u00e7arlar ve herkes karttaki y\u00f6nergeyi okuyup \u00f6n\u00fcndeki kartlardan y\u00f6nerge ile uyu\u015fan bir resim bulup h\u0131zl\u0131ca y\u00f6nerge kart\u0131n\u0131n \u00fczerine atar. \u0130lk kart atabilen oyuncu bu kart\u0131 elinden \u00e7\u0131kartm\u0131\u015f olur. Daha sonra s\u0131rayla di\u011fer oyuncular yerden 1 y\u00f6nerge kart\u0131 a\u00e7arlar.   E\u011fer oyunculardan biri yanl\u0131\u015fl\u0131kla y\u00f6nergeye uygun olmayan bir kart\u0131 yere atarsa ceza olarak yerdeki fazla duran resim kartlar\u0131ndan 1 tane daha al\u0131r ve kart say\u0131s\u0131 artar. \u00d6rne\u011fin y\u00f6nerge kart\u0131nda \u2018Yumurtlayan bir canl\u0131d\u0131r.\u2019 yaz\u0131yorsa oyuncular elindeki resimli kartlarda bulunan bir \u2018tavuk\u2019 kart\u0131n\u0131 atabilir. Ancak yanl\u0131\u015fl\u0131kla bir inek resmini atarsa yerden 1 tane daha resim kart\u0131 al\u0131r ve kart say\u0131s\u0131 artar.   Yerdeki kilit kartlardan biri a\u00e7\u0131ld\u0131\u011f\u0131nda e\u011fer kart\u0131n \u00fczerinde \u2018Herhangi bir kart\u0131 kilitleyebilirsin\u2019 yaz\u0131yorsa, oyuncu bu kart\u0131 rakip oyunculardan birinin resim kartlar\u0131ndan birinin \u00f6n\u00fcne koyarak o kart\u0131 kilitler. B\u00f6ylece kart\u0131 kilitlenen oyuncu oyunun devam\u0131nda o kart\u0131 ters \u00e7evirmeden oynar. E\u011fer kart\u0131 kilit olan oyuncuya y\u00f6nerge kartlar\u0131ndan \u2018Kilitli bir kart\u0131n kilidini kald\u0131rabilirsin\u2019 yaz\u0131l\u0131 kart gelirse bu kart\u0131n kilidini kald\u0131rabilir.   Kartlar\u0131n\u0131 ilk bitiren oyuncu oyunu kazan\u0131r.    <\/p>\n","protected":false},"excerpt":{"rendered":"<p>7 ya\u015f ve \u00fczeri herkesin oynayabilece\u011fi Flip the Fun oyunun i\u00e7erisinde 120 adet \u00e7ift y\u00fczl\u00fc resim kart\u0131, 65 adet y\u00f6nerge kart\u0131, 5 adet s\u00fcrpriz kart\u0131, 6<span class=\"excerpt-hellip\"> [\u2026]<\/span><\/p>\n","protected":false},"featured_media":0,"template":"","meta":{"_monsterinsights_skip_tracking":false,"_monsterinsights_sitenote_active":false,"_monsterinsights_sitenote_note":"","_monsterinsights_sitenote_category":0},"product_brand":[],"product_cat":[12274],"product_tag":[],"class_list":{"0":"post-766625","1":"product","2":"type-product","3":"status-publish","5":"product_cat-cocuk-ve-genclik-kitaplari","6":"pa_cilt-ciltsiz","7":"pa_tur-kitap20","8":"pa_yayinevi-learned-games","9":"pa_yazar-kolektif","11":"first","12":"instock","13":"sale","14":"shipping-taxable","15":"purchasable","16":"product-type-simple"},"_links":{"self":[{"href":"https:\/\/roveyayinevi.com.tr\/index.php\/wp-json\/wp\/v2\/product\/766625","targetHints":{"allow":["GET"]}}],"collection":[{"href":"https:\/\/roveyayinevi.com.tr\/index.php\/wp-json\/wp\/v2\/product"}],"about":[{"href":"https:\/\/roveyayinevi.com.tr\/index.php\/wp-json\/wp\/v2\/types\/product"}],"wp:attachment":[{"href":"https:\/\/roveyayinevi.com.tr\/index.php\/wp-json\/wp\/v2\/media?parent=766625"}],"wp:term":[{"taxonomy":"product_brand","embeddable":true,"href":"https:\/\/roveyayinevi.com.tr\/index.php\/wp-json\/wp\/v2\/product_brand?post=766625"},{"taxonomy":"product_cat","embeddable":true,"href":"https:\/\/roveyayinevi.com.tr\/index.php\/wp-json\/wp\/v2\/product_cat?post=766625"},{"taxonomy":"product_tag","embeddable":true,"href":"https:\/\/roveyayinevi.com.tr\/index.php\/wp-json\/wp\/v2\/product_tag?post=766625"}],"curies":[{"name":"wp","href":"https:\/\/api.w.org\/{rel}","templated":true}]}}