{"id":766624,"date":"2025-08-28T12:19:33","date_gmt":"2025-08-28T09:19:33","guid":{"rendered":"https:\/\/roveyayinevi.com.tr\/index.php\/urun\/dip-in-dikkat-algi-ve-hafiza-oyunu\/"},"modified":"2025-11-12T11:04:26","modified_gmt":"2025-11-12T08:04:26","slug":"dip-in-dikkat-algi-ve-hafiza-oyunu","status":"publish","type":"product","link":"https:\/\/roveyayinevi.com.tr\/index.php\/urun\/dip-in-dikkat-algi-ve-hafiza-oyunu\/","title":{"rendered":"Dip In Dikkat, Alg\u0131 ve Haf\u0131za Oyunu"},"content":{"rendered":"<p>Oynamaya haz\u0131r m\u0131s\u0131n? O zaman oyun havuzuna elini dald\u0131r ve istenen objeyi bul. Zamanla yar\u0131\u015f, o kadar da zor de\u011fil! 6 nesneli kart\u0131n\u0131za bir kart \u00e7ekin. \u00c7ocuklar, kartlardaki g\u00f6r\u00fcnt\u00fcleri havuzdaki nesnelerle e\u015fle\u015ftirmek i\u00e7in yar\u0131\u015f\u0131rken okuryazarl\u0131k, koordinasyon ve sosyal becerilerin geli\u015fimine katk\u0131 sa\u011flarlar. <\/p>\n","protected":false},"excerpt":{"rendered":"<p>Oynamaya haz\u0131r m\u0131s\u0131n? O zaman oyun havuzuna elini dald\u0131r ve istenen objeyi bul. Zamanla yar\u0131\u015f, o kadar da zor de\u011fil! 6 nesneli kart\u0131n\u0131za bir kart \u00e7ekin.<span class=\"excerpt-hellip\"> [\u2026]<\/span><\/p>\n","protected":false},"featured_media":0,"template":"","meta":{"_monsterinsights_skip_tracking":false,"_monsterinsights_sitenote_active":false,"_monsterinsights_sitenote_note":"","_monsterinsights_sitenote_category":0},"product_brand":[],"product_cat":[12274,24599],"product_tag":[],"class_list":{"0":"post-766624","1":"product","2":"type-product","3":"status-publish","5":"product_cat-cocuk-ve-genclik-kitaplari","6":"product_cat-zeka-gelisimi","7":"pa_cilt-ciltsiz","8":"pa_tur-kitap20","9":"pa_yayinevi-dikkat-atolyesi-yayinlari","10":"pa_yazar-kolektif","12":"first","13":"instock","14":"sale","15":"shipping-taxable","16":"purchasable","17":"product-type-simple"},"_links":{"self":[{"href":"https:\/\/roveyayinevi.com.tr\/index.php\/wp-json\/wp\/v2\/product\/766624","targetHints":{"allow":["GET"]}}],"collection":[{"href":"https:\/\/roveyayinevi.com.tr\/index.php\/wp-json\/wp\/v2\/product"}],"about":[{"href":"https:\/\/roveyayinevi.com.tr\/index.php\/wp-json\/wp\/v2\/types\/product"}],"wp:attachment":[{"href":"https:\/\/roveyayinevi.com.tr\/index.php\/wp-json\/wp\/v2\/media?parent=766624"}],"wp:term":[{"taxonomy":"product_brand","embeddable":true,"href":"https:\/\/roveyayinevi.com.tr\/index.php\/wp-json\/wp\/v2\/product_brand?post=766624"},{"taxonomy":"product_cat","embeddable":true,"href":"https:\/\/roveyayinevi.com.tr\/index.php\/wp-json\/wp\/v2\/product_cat?post=766624"},{"taxonomy":"product_tag","embeddable":true,"href":"https:\/\/roveyayinevi.com.tr\/index.php\/wp-json\/wp\/v2\/product_tag?post=766624"}],"curies":[{"name":"wp","href":"https:\/\/api.w.org\/{rel}","templated":true}]}}