{"id":766622,"date":"2025-08-28T12:19:29","date_gmt":"2025-08-28T09:19:29","guid":{"rendered":"https:\/\/roveyayinevi.com.tr\/index.php\/urun\/ataturkun-acik-ve-gizli-celse-meclis-konusmalari-1\/"},"modified":"2026-04-15T03:32:18","modified_gmt":"2026-04-15T00:32:18","slug":"ataturkun-acik-ve-gizli-celse-meclis-konusmalari-1","status":"publish","type":"product","link":"https:\/\/roveyayinevi.com.tr\/index.php\/urun\/ataturkun-acik-ve-gizli-celse-meclis-konusmalari-1\/","title":{"rendered":"Atat\u00fcrk\u2019\u00fcn A\u00e7\u0131k ve Gizli Celse Meclis Konu\u015fmalar\u0131 1"},"content":{"rendered":"<p>T\u00fcrk Milletinin b\u00fcy\u00fck kurtar\u0131c\u0131s\u0131 ve T\u00fcrkiye Cumhuriyeti&#8217;nin kurucusu Atat\u00fcrk&#8217;le ilgili bir \u00e7ok kitap yazd\u0131m&#8230; Okula yeni ba\u015flayan \u00e7ocuklar\u0131m\u0131z\u0131n, okuma yazmay\u0131 Atat\u00fcrk sevgisi kazanarak \u00f6\u011frenmeleri i\u00e7in haz\u0131rlad\u0131\u011f\u0131m el yaz\u0131l\u0131 12 kitab\u0131m bas\u0131ld\u0131&#8230; Bunlardan sonra, \u00f6\u011frencilerimizin ilerideki s\u0131n\u0131flarda Atat\u00fcrk hakk\u0131nda \u00f6\u011frenmeleri gereken ilkeleri ve bilgileri kapsayan 8 kitap daha haz\u0131rlad\u0131m. Kendileri k\u00fc\u00e7\u00fck, ama kapsamlar\u0131 \u00e7ok de\u011ferli olan bu 20 kitab\u0131mla \u00f6nemli bir vatanseverlik hizmetini yerine getirdi\u011fime inan\u0131yorum.<\/p>\n","protected":false},"excerpt":{"rendered":"<p>T\u00fcrk Milletinin b\u00fcy\u00fck kurtar\u0131c\u0131s\u0131 ve T\u00fcrkiye Cumhuriyeti&#8217;nin kurucusu Atat\u00fcrk&#8217;le ilgili bir \u00e7ok kitap yazd\u0131m&#8230; Okula yeni ba\u015flayan \u00e7ocuklar\u0131m\u0131z\u0131n, okuma yazmay\u0131 Atat\u00fcrk sevgisi kazanarak \u00f6\u011frenmeleri i\u00e7in haz\u0131rlad\u0131\u011f\u0131m<span class=\"excerpt-hellip\"> [\u2026]<\/span><\/p>\n","protected":false},"featured_media":0,"template":"","meta":{"_monsterinsights_skip_tracking":false,"_monsterinsights_sitenote_active":false,"_monsterinsights_sitenote_note":"","_monsterinsights_sitenote_category":0},"product_brand":[],"product_cat":[12370,12304],"product_tag":[],"class_list":{"0":"post-766622","1":"product","2":"type-product","3":"status-publish","5":"product_cat-arastirma-inceleme","6":"product_cat-tarih","7":"pa_cilt-ciltsiz","8":"pa_tur-kitap","9":"pa_yayinevi-toker-yayinlari","10":"pa_yazar-yalcin-toker","12":"first","13":"instock","14":"sale","15":"shipping-taxable","16":"purchasable","17":"product-type-simple"},"_links":{"self":[{"href":"https:\/\/roveyayinevi.com.tr\/index.php\/wp-json\/wp\/v2\/product\/766622","targetHints":{"allow":["GET"]}}],"collection":[{"href":"https:\/\/roveyayinevi.com.tr\/index.php\/wp-json\/wp\/v2\/product"}],"about":[{"href":"https:\/\/roveyayinevi.com.tr\/index.php\/wp-json\/wp\/v2\/types\/product"}],"wp:attachment":[{"href":"https:\/\/roveyayinevi.com.tr\/index.php\/wp-json\/wp\/v2\/media?parent=766622"}],"wp:term":[{"taxonomy":"product_brand","embeddable":true,"href":"https:\/\/roveyayinevi.com.tr\/index.php\/wp-json\/wp\/v2\/product_brand?post=766622"},{"taxonomy":"product_cat","embeddable":true,"href":"https:\/\/roveyayinevi.com.tr\/index.php\/wp-json\/wp\/v2\/product_cat?post=766622"},{"taxonomy":"product_tag","embeddable":true,"href":"https:\/\/roveyayinevi.com.tr\/index.php\/wp-json\/wp\/v2\/product_tag?post=766622"}],"curies":[{"name":"wp","href":"https:\/\/api.w.org\/{rel}","templated":true}]}}