{"id":766621,"date":"2025-08-28T12:19:28","date_gmt":"2025-08-28T09:19:28","guid":{"rendered":"https:\/\/roveyayinevi.com.tr\/index.php\/urun\/sosyal-duygusal-zeka-ve-akademik-basari-sporun-rolu\/"},"modified":"2026-04-15T03:32:18","modified_gmt":"2026-04-15T00:32:18","slug":"sosyal-duygusal-zeka-ve-akademik-basari-sporun-rolu","status":"publish","type":"product","link":"https:\/\/roveyayinevi.com.tr\/index.php\/urun\/sosyal-duygusal-zeka-ve-akademik-basari-sporun-rolu\/","title":{"rendered":"Sosyal-Duygusal Zeka Ve Akademik Ba\u015far\u0131: Sporun Rol\u00fc"},"content":{"rendered":"<p>Spora dayal\u0131 fiziksel aktivitenin \u00e7ocuk ve gen\u00e7lerin ileti\u015fim becerilerini g\u00fc\u00e7lendirmede ve sosyalle\u015fmelerinde \u00f6nemli bir ara\u00e7 oldu\u011fu kabul edilmektedir. \u00dcniversite \u00f6\u011frencileri i\u00e7in ise spora dayal\u0131 fiziksel aktivite ile ya\u015fam kalitesi (\u00c7ak\u0131r ve Ergin, 2023), akademik ba\u015far\u0131 ve sosyalle\u015fme aras\u0131nda pozitif bir ili\u015fki oldu\u011fu d\u00fc\u015f\u00fcn\u00fclmektedir. Sa\u011fl\u0131k a\u00e7\u0131s\u0131ndan ya\u015fam kalitesini art\u0131rarak, fiziksel aktivitenin akademik ba\u015far\u0131, duygusal zek\u00e2 ve sosyal zek\u00e2 \u00fczerinde olumlu bir etkiye sahip olabilece\u011fi tahmin edilmektedir. Dahas\u0131, \u00f6\u011frencilerin \u00f6zellikle sosyal, duygusal ve akademik zek\u00e2 d\u00fczeylerinin y\u00fcksek olmas\u0131n\u0131n, e\u011fitim ve i\u015f ya\u015famlar\u0131nda olduk\u00e7a etkili olabilece\u011fi d\u00fc\u015f\u00fcn\u00fclmektedir. Bu sebeple, sporun bireylerin akademik ve sosyal y\u00f6nden geli\u015fimine katk\u0131 sa\u011flayabilece\u011fini ortaya koymaya \u00e7al\u0131\u015fan bu kitap, \u00f6\u011frencilerin geni\u015f kapsaml\u0131 geli\u015fimlerinde sporun rol\u00fcn\u00fc anlamam\u0131z a\u00e7\u0131s\u0131ndan \u00f6nemlidir. Bir di\u011fer ifade ile \u00f6\u011frenciler aras\u0131nda spor yapman\u0131n veya yapmaman\u0131n, duygusal, sosyal ve akademik yetenekler \u00fczerindeki etkisini anlamak i\u00e7in bu ara\u015ft\u0131rma d\u00fczenlenmi\u015ftir. Spor odakl\u0131 \u00e7al\u0131\u015fmalar genellikle sporcunun performans\u0131n\u0131 art\u0131rmaya, sakatl\u0131klar\u0131 \u00f6nlemeye ve sportif zek\u00e2s\u0131n\u0131 geli\u015ftirmeye y\u00f6neliktir. Bu \u00e7al\u0131\u015fma ile, \u00f6\u011frencilerin spor yapma durumuna ba\u011fl\u0131 olarak duygusal zek\u00e2, sosyal zek\u00e2 ve akademik ba\u015far\u0131 d\u00fczeylerinin nas\u0131l de\u011fi\u015fti\u011fi g\u00f6zlemlenebilir. Bu kapsamda kitab\u0131m\u0131z\u0131n sporun t\u00fcm payda\u015flar\u0131na ve \u00f6zellikle de\u011ferli ebeveynlere katk\u0131 sa\u011flamas\u0131 dileklerimizle\u2026 <\/p>\n","protected":false},"excerpt":{"rendered":"<p>Spora dayal\u0131 fiziksel aktivitenin \u00e7ocuk ve gen\u00e7lerin ileti\u015fim becerilerini g\u00fc\u00e7lendirmede ve sosyalle\u015fmelerinde \u00f6nemli bir ara\u00e7 oldu\u011fu kabul edilmektedir. \u00dcniversite \u00f6\u011frencileri i\u00e7in ise spora dayal\u0131 fiziksel aktivite<span class=\"excerpt-hellip\"> [\u2026]<\/span><\/p>\n","protected":false},"featured_media":0,"template":"","meta":{"_monsterinsights_skip_tracking":false,"_monsterinsights_sitenote_active":false,"_monsterinsights_sitenote_note":"","_monsterinsights_sitenote_category":0},"product_brand":[],"product_cat":[15563,15564],"product_tag":[],"class_list":{"0":"post-766621","1":"product","2":"type-product","3":"status-publish","5":"product_cat-hobi","6":"product_cat-spor","7":"pa_cilt-ciltsiz","8":"pa_tur-kitap","9":"pa_yayinevi-soncag-akademik-kitaplar","10":"pa_yazar-erdem-baynazoglu","12":"first","13":"instock","14":"sale","15":"shipping-taxable","16":"purchasable","17":"product-type-simple"},"_links":{"self":[{"href":"https:\/\/roveyayinevi.com.tr\/index.php\/wp-json\/wp\/v2\/product\/766621","targetHints":{"allow":["GET"]}}],"collection":[{"href":"https:\/\/roveyayinevi.com.tr\/index.php\/wp-json\/wp\/v2\/product"}],"about":[{"href":"https:\/\/roveyayinevi.com.tr\/index.php\/wp-json\/wp\/v2\/types\/product"}],"wp:attachment":[{"href":"https:\/\/roveyayinevi.com.tr\/index.php\/wp-json\/wp\/v2\/media?parent=766621"}],"wp:term":[{"taxonomy":"product_brand","embeddable":true,"href":"https:\/\/roveyayinevi.com.tr\/index.php\/wp-json\/wp\/v2\/product_brand?post=766621"},{"taxonomy":"product_cat","embeddable":true,"href":"https:\/\/roveyayinevi.com.tr\/index.php\/wp-json\/wp\/v2\/product_cat?post=766621"},{"taxonomy":"product_tag","embeddable":true,"href":"https:\/\/roveyayinevi.com.tr\/index.php\/wp-json\/wp\/v2\/product_tag?post=766621"}],"curies":[{"name":"wp","href":"https:\/\/api.w.org\/{rel}","templated":true}]}}