{"id":766620,"date":"2025-08-28T12:19:27","date_gmt":"2025-08-28T09:19:27","guid":{"rendered":"https:\/\/roveyayinevi.com.tr\/index.php\/urun\/futbolda-sportif-performans\/"},"modified":"2026-04-15T03:32:18","modified_gmt":"2026-04-15T00:32:18","slug":"futbolda-sportif-performans","status":"publish","type":"product","link":"https:\/\/roveyayinevi.com.tr\/index.php\/urun\/futbolda-sportif-performans\/","title":{"rendered":"Futbolda Sportif Performans"},"content":{"rendered":"<p>Bu kitap \u00e7al\u0131\u015fmas\u0131nda, futbolcular\u0131n sportif performans\u0131na etki eden baz\u0131 psikolojik bile\u015fenlerin (bedensel ve bili\u015fsel kayg\u0131, g\u00fcd\u00fclenme ve kendine g\u00fcven) incelenmesi ama\u00e7lanm\u0131\u015ft\u0131r. \u00c7al\u0131\u015fmada, Rize ilindeki futbolcular\u0131n (14-19 ya\u015f); ya\u015f, spor ya\u015f\u0131, duygu durumu, haftal\u0131k antrenman say\u0131s\u0131, lig d\u00fczeyi, yaralanma durumu, psikolojik beceri antrenman\u0131 ve mevki de\u011fi\u015fkenleri a\u00e7\u0131s\u0131ndan bedensel ve bili\u015fsel kayg\u0131, g\u00fcd\u00fclenme ve kendine g\u00fcven alt boyutlar\u0131n\u0131 etkileyip etkilemedikleri belirlenmeye \u00e7al\u0131\u015f\u0131lm\u0131\u015ft\u0131r. Bu ama\u00e7 ve \u00e7al\u0131\u015fma grubu \u00f6zelinde bu kitapta 7 b\u00f6l\u00fcm bulunmaktad\u0131r. Giri\u015f b\u00f6l\u00fcm\u00fcnde, \u00e7al\u0131\u015fman\u0131n amac\u0131 yaz\u0131lm\u0131\u015ft\u0131r. Genel bilgiler b\u00f6l\u00fcm\u00fcnde, kavramsal \u00e7er\u00e7eve literat\u00fcrce ele al\u0131nm\u0131\u015ft\u0131r. Materyal ve metot b\u00f6l\u00fcm\u00fcnde, \u00e7al\u0131\u015fman\u0131n y\u00f6ntem bilimi olu\u015fturulmu\u015ftur. Bulgular b\u00f6l\u00fcm\u00fcnde, \u00e7al\u0131\u015fma grubunun sonu\u00e7lar\u0131 elde edilmi\u015ftir. Tart\u0131\u015fma b\u00f6l\u00fcm\u00fcnde, \u00e7al\u0131\u015fma sonu\u00e7lar\u0131 literat\u00fcrce de\u011ferlendirilmi\u015ftir. Sonu\u00e7 ve \u00f6nerilerde, okurlara \u00e7al\u0131\u015fman\u0131n son de\u011ferlendirmesi ifade edilmi\u015ftir. <\/p>\n","protected":false},"excerpt":{"rendered":"<p>Bu kitap \u00e7al\u0131\u015fmas\u0131nda, futbolcular\u0131n sportif performans\u0131na etki eden baz\u0131 psikolojik bile\u015fenlerin (bedensel ve bili\u015fsel kayg\u0131, g\u00fcd\u00fclenme ve kendine g\u00fcven) incelenmesi ama\u00e7lanm\u0131\u015ft\u0131r. \u00c7al\u0131\u015fmada, Rize ilindeki futbolcular\u0131n (14-19<span class=\"excerpt-hellip\"> [\u2026]<\/span><\/p>\n","protected":false},"featured_media":0,"template":"","meta":{"_monsterinsights_skip_tracking":false,"_monsterinsights_sitenote_active":false,"_monsterinsights_sitenote_note":"","_monsterinsights_sitenote_category":0},"product_brand":[],"product_cat":[15563,15564],"product_tag":[],"class_list":{"0":"post-766620","1":"product","2":"type-product","3":"status-publish","5":"product_cat-hobi","6":"product_cat-spor","7":"pa_cilt-ciltsiz","8":"pa_tur-kitap","9":"pa_yayinevi-soncag-akademik-kitaplar","10":"pa_yazar-mehmet-cukur","12":"first","13":"instock","14":"sale","15":"shipping-taxable","16":"purchasable","17":"product-type-simple"},"_links":{"self":[{"href":"https:\/\/roveyayinevi.com.tr\/index.php\/wp-json\/wp\/v2\/product\/766620","targetHints":{"allow":["GET"]}}],"collection":[{"href":"https:\/\/roveyayinevi.com.tr\/index.php\/wp-json\/wp\/v2\/product"}],"about":[{"href":"https:\/\/roveyayinevi.com.tr\/index.php\/wp-json\/wp\/v2\/types\/product"}],"wp:attachment":[{"href":"https:\/\/roveyayinevi.com.tr\/index.php\/wp-json\/wp\/v2\/media?parent=766620"}],"wp:term":[{"taxonomy":"product_brand","embeddable":true,"href":"https:\/\/roveyayinevi.com.tr\/index.php\/wp-json\/wp\/v2\/product_brand?post=766620"},{"taxonomy":"product_cat","embeddable":true,"href":"https:\/\/roveyayinevi.com.tr\/index.php\/wp-json\/wp\/v2\/product_cat?post=766620"},{"taxonomy":"product_tag","embeddable":true,"href":"https:\/\/roveyayinevi.com.tr\/index.php\/wp-json\/wp\/v2\/product_tag?post=766620"}],"curies":[{"name":"wp","href":"https:\/\/api.w.org\/{rel}","templated":true}]}}