{"id":766619,"date":"2025-08-28T12:19:25","date_gmt":"2025-08-28T09:19:25","guid":{"rendered":"https:\/\/roveyayinevi.com.tr\/index.php\/urun\/rosario-vampire-tilsimli-kolye-ve-vampir-sezon-2-cilt-13\/"},"modified":"2026-04-15T03:32:18","modified_gmt":"2026-04-15T00:32:18","slug":"rosario-vampire-tilsimli-kolye-ve-vampir-sezon-2-cilt-13","status":"publish","type":"product","link":"https:\/\/roveyayinevi.com.tr\/index.php\/urun\/rosario-vampire-tilsimli-kolye-ve-vampir-sezon-2-cilt-13\/","title":{"rendered":"Rosario + Vampire &#8211; T\u0131ls\u0131ml\u0131 Kolye ve Vampir Sezon: 2 Cilt 13"},"content":{"rendered":"<p>Tsukune sahip oldu\u011fu t\u00fcm g\u00fcc\u00fc bir kenara atar ve Gyokuro ile \u00f6l\u00fcm\u00fcne sava\u015fa giri\u015fir! Alucard&#8217;\u0131n kan\u0131yla v\u00fccudu \u00e7\u00fcr\u00fcmeye ba\u015flay\u0131p bilinci yava\u015f yava\u015f kaybolurken Tsukune, Moka i\u00e7in ne diliyor? D\u00fcnyan\u0131n varl\u0131\u011f\u0131n\u0131 devam ettirmesi i\u00e7in verilen zorlu sava\u015f son a\u015famas\u0131na girdi.<\/p>\n","protected":false},"excerpt":{"rendered":"<p>Tsukune sahip oldu\u011fu t\u00fcm g\u00fcc\u00fc bir kenara atar ve Gyokuro ile \u00f6l\u00fcm\u00fcne sava\u015fa giri\u015fir! Alucard&#8217;\u0131n kan\u0131yla v\u00fccudu \u00e7\u00fcr\u00fcmeye ba\u015flay\u0131p bilinci yava\u015f yava\u015f kaybolurken Tsukune, Moka i\u00e7in<span class=\"excerpt-hellip\"> [\u2026]<\/span><\/p>\n","protected":false},"featured_media":0,"template":"","meta":{"_monsterinsights_skip_tracking":false,"_monsterinsights_sitenote_active":false,"_monsterinsights_sitenote_note":"","_monsterinsights_sitenote_category":0},"product_brand":[],"product_cat":[12416,12291],"product_tag":[],"class_list":{"0":"post-766619","1":"product","2":"type-product","3":"status-publish","5":"product_cat-cizgi-roman","6":"product_cat-edebiyat","7":"pa_cilt-ciltsiz","8":"pa_tur-kitap","9":"pa_yayinevi-akil-celen-kitaplar","10":"pa_yazar-akihisa-ikeda","12":"first","13":"instock","14":"sale","15":"shipping-taxable","16":"purchasable","17":"product-type-simple"},"_links":{"self":[{"href":"https:\/\/roveyayinevi.com.tr\/index.php\/wp-json\/wp\/v2\/product\/766619","targetHints":{"allow":["GET"]}}],"collection":[{"href":"https:\/\/roveyayinevi.com.tr\/index.php\/wp-json\/wp\/v2\/product"}],"about":[{"href":"https:\/\/roveyayinevi.com.tr\/index.php\/wp-json\/wp\/v2\/types\/product"}],"wp:attachment":[{"href":"https:\/\/roveyayinevi.com.tr\/index.php\/wp-json\/wp\/v2\/media?parent=766619"}],"wp:term":[{"taxonomy":"product_brand","embeddable":true,"href":"https:\/\/roveyayinevi.com.tr\/index.php\/wp-json\/wp\/v2\/product_brand?post=766619"},{"taxonomy":"product_cat","embeddable":true,"href":"https:\/\/roveyayinevi.com.tr\/index.php\/wp-json\/wp\/v2\/product_cat?post=766619"},{"taxonomy":"product_tag","embeddable":true,"href":"https:\/\/roveyayinevi.com.tr\/index.php\/wp-json\/wp\/v2\/product_tag?post=766619"}],"curies":[{"name":"wp","href":"https:\/\/api.w.org\/{rel}","templated":true}]}}