{"id":766614,"date":"2025-08-28T12:19:17","date_gmt":"2025-08-28T09:19:17","guid":{"rendered":"https:\/\/roveyayinevi.com.tr\/index.php\/urun\/kartezyen-dilbilim\/"},"modified":"2026-04-15T03:32:18","modified_gmt":"2026-04-15T00:32:18","slug":"kartezyen-dilbilim","status":"publish","type":"product","link":"https:\/\/roveyayinevi.com.tr\/index.php\/urun\/kartezyen-dilbilim\/","title":{"rendered":"Kartezyen Dilbilim"},"content":{"rendered":"<p>Ludwig Wittgenstein 20. y\u00fczy\u0131l\u0131n ba\u015flar\u0131nda dilimizin s\u0131n\u0131rlar\u0131n\u0131n d\u00fcnyam\u0131z\u0131n s\u0131n\u0131rlar\u0131 oldu\u011funu ilan etti\u011finde felsefe ve sosyal bilimlerde etkisi g\u00fcn\u00fcm\u00fcze dek s\u00fcrecek &#8220;dile d\u00f6n\u00fc\u015f&#8221; hareketinin fitilini ate\u015fledi. Bu ilan yaln\u0131zca akademik \u00e7evrelerde yank\u0131lanmakla kalmad\u0131, insan\u0131n kim oldu\u011fu, d\u00fcnyadaki yeri ve varolu\u015fun anlam\u0131na dair derin, hatta zaman zaman \u00e7\u0131kmazlara s\u00fcr\u00fckleyen tart\u0131\u015fmalara da kap\u0131 aralad\u0131. Dilin, d\u00fc\u015f\u00fcnce ufkumuzu ve yarat\u0131c\u0131l\u0131\u011f\u0131m\u0131z\u0131 s\u0131n\u0131rlad\u0131\u011f\u0131 d\u00fc\u015f\u00fcncesi bir yandan umutsuzlu\u011fa neden olurken di\u011fer yandan bu s\u0131n\u0131rlarda ke\u015ffedilmeyi bekleyen s\u0131n\u0131rs\u0131z bir yarat\u0131c\u0131 g\u00fcc\u00fcn yatt\u0131\u011f\u0131 fikri de filizlenmeye ba\u015flad\u0131. Modern dilbilimin kurucular\u0131ndan biri say\u0131lan Noam Chomsky, insana \u00f6zg\u00fc bu yarat\u0131c\u0131l\u0131\u011f\u0131n bug\u00fcn bir bilimin konusu h\u00e2line geli\u015finde ba\u015frol\u00fc payla\u015fan isimlerin ba\u015f\u0131nda geliyor. Dilin bir ileti\u015fim arac\u0131ndan ibaret olmad\u0131\u011f\u0131n\u0131, insan zihninin evrensel, sonsuzcas\u0131na \u00fcretken ve yarat\u0131c\u0131 yap\u0131lar\u0131na a\u00e7\u0131lan bir pencere oldu\u011funu savunan Chomsky bu alanda ortaya koydu\u011fu \u00e7al\u0131\u015fmalarla bilim ve felsefe d\u00fcnyas\u0131nda bir devrim yaratt\u0131. Kartezyen Dilbilim i\u015fte bu devrimin beslendi\u011fi d\u00fc\u015f\u00fcnsel k\u00f6kleri ortaya koyuyor: Descartes\u2019tan Humboldt\u2019a, Port-Royal dilbilgisi uzmanlar\u0131ndan 19. y\u00fczy\u0131l\u0131n tarihe mal olmu\u015f di\u011fer b\u00fcy\u00fck d\u00fc\u015f\u00fcn\u00fcrlerine kadar uzanan bir \u00e7izgide, dilin do\u011fu\u015ftan gelen evrensel yap\u0131lar\u0131n\u0131n olabilece\u011fi fikrinin felsefe tarihindeki izlerini s\u00fcr\u00fcyor. Dilbilim ve felsefeden \u00f6rneklerle dil ile zihin aras\u0131ndaki ili\u015fkiyi tart\u0131\u015fan bu eser, insan dilinin yaln\u0131zca teknik bir yap\u0131 de\u011fil, ayn\u0131 zamanda felsefi bir gizem oldu\u011funu g\u00f6zler \u00f6n\u00fcne seriyor. <\/p>\n","protected":false},"excerpt":{"rendered":"<p>Ludwig Wittgenstein 20. y\u00fczy\u0131l\u0131n ba\u015flar\u0131nda dilimizin s\u0131n\u0131rlar\u0131n\u0131n d\u00fcnyam\u0131z\u0131n s\u0131n\u0131rlar\u0131 oldu\u011funu ilan etti\u011finde felsefe ve sosyal bilimlerde etkisi g\u00fcn\u00fcm\u00fcze dek s\u00fcrecek &#8220;dile d\u00f6n\u00fc\u015f&#8221; hareketinin fitilini ate\u015fledi. Bu<span class=\"excerpt-hellip\"> [\u2026]<\/span><\/p>\n","protected":false},"featured_media":0,"template":"","meta":{"_monsterinsights_skip_tracking":false,"_monsterinsights_sitenote_active":false,"_monsterinsights_sitenote_note":"","_monsterinsights_sitenote_category":0},"product_brand":[],"product_cat":[12388],"product_tag":[],"class_list":{"0":"post-766614","1":"product","2":"type-product","3":"status-publish","5":"product_cat-felsefe","6":"pa_cilt-ciltsiz","7":"pa_tur-kitap","8":"pa_yayinevi-fol-kitap","9":"pa_yazar-noam-chomsky","11":"first","12":"instock","13":"sale","14":"shipping-taxable","15":"purchasable","16":"product-type-simple"},"_links":{"self":[{"href":"https:\/\/roveyayinevi.com.tr\/index.php\/wp-json\/wp\/v2\/product\/766614","targetHints":{"allow":["GET"]}}],"collection":[{"href":"https:\/\/roveyayinevi.com.tr\/index.php\/wp-json\/wp\/v2\/product"}],"about":[{"href":"https:\/\/roveyayinevi.com.tr\/index.php\/wp-json\/wp\/v2\/types\/product"}],"wp:attachment":[{"href":"https:\/\/roveyayinevi.com.tr\/index.php\/wp-json\/wp\/v2\/media?parent=766614"}],"wp:term":[{"taxonomy":"product_brand","embeddable":true,"href":"https:\/\/roveyayinevi.com.tr\/index.php\/wp-json\/wp\/v2\/product_brand?post=766614"},{"taxonomy":"product_cat","embeddable":true,"href":"https:\/\/roveyayinevi.com.tr\/index.php\/wp-json\/wp\/v2\/product_cat?post=766614"},{"taxonomy":"product_tag","embeddable":true,"href":"https:\/\/roveyayinevi.com.tr\/index.php\/wp-json\/wp\/v2\/product_tag?post=766614"}],"curies":[{"name":"wp","href":"https:\/\/api.w.org\/{rel}","templated":true}]}}