{"id":766613,"date":"2025-08-28T12:19:15","date_gmt":"2025-08-28T09:19:15","guid":{"rendered":"https:\/\/roveyayinevi.com.tr\/index.php\/urun\/mutlulugun-mimarisi-2\/"},"modified":"2026-04-15T03:32:18","modified_gmt":"2026-04-15T00:32:18","slug":"mutlulugun-mimarisi-2","status":"publish","type":"product","link":"https:\/\/roveyayinevi.com.tr\/index.php\/urun\/mutlulugun-mimarisi-2\/","title":{"rendered":"Mutlulu\u011fun Mimarisi"},"content":{"rendered":"<p>Mutluluk \u00fczerine s\u0131k s\u0131k d\u00fc\u015f\u00fcnsek de i\u00e7inde bulundu\u011fumuz ortamla, \u00e7evremizdeki yap\u0131larla ve mek\u00e2nlarla ili\u015fkisini genelde g\u00f6z ard\u0131 ederiz. Kuzey Avrupa\u2019dan Japon ve \u0130slam mimarisine kadar \u00e7e\u015fitli co\u011frafyalarda ortaya \u00e7\u0131km\u0131\u015f mimari \u00fcsluplar\u0131 inceleyen Alain de Botton, Mutlulu\u011fun Mimarisi\u2019nde bu ili\u015fki \u00fczerinde duruyor.  Bulundu\u011fumuz yerin ki\u015fili\u011fimizi b\u00fcy\u00fck \u00f6l\u00e7\u00fcde etkiledi\u011fini savunurken, mimariyi, potansiyelimizin hat\u0131rlat\u0131c\u0131s\u0131 olma i\u015fleviyle de ele al\u0131yor.   Mutlulu\u011fun Mimarisi, mek\u00e2nsal kurgunun insan\u0131n d\u00fc\u015f\u00fcnsel yap\u0131s\u0131 ve sa\u011fl\u0131\u011f\u0131yla ba\u011f\u0131 \u00fczerine d\u00fc\u015f\u00fcnmek i\u00e7in bir k\u0131lavuz. <\/p>\n","protected":false},"excerpt":{"rendered":"<p>Mutluluk \u00fczerine s\u0131k s\u0131k d\u00fc\u015f\u00fcnsek de i\u00e7inde bulundu\u011fumuz ortamla, \u00e7evremizdeki yap\u0131larla ve mek\u00e2nlarla ili\u015fkisini genelde g\u00f6z ard\u0131 ederiz. Kuzey Avrupa\u2019dan Japon ve \u0130slam mimarisine kadar \u00e7e\u015fitli<span class=\"excerpt-hellip\"> [\u2026]<\/span><\/p>\n","protected":false},"featured_media":0,"template":"","meta":{"_monsterinsights_skip_tracking":false,"_monsterinsights_sitenote_active":false,"_monsterinsights_sitenote_note":"","_monsterinsights_sitenote_category":0},"product_brand":[],"product_cat":[12777,12291],"product_tag":[],"class_list":{"0":"post-766613","1":"product","2":"type-product","3":"status-publish","5":"product_cat-deneme","6":"product_cat-edebiyat","7":"pa_cilt-ciltsiz","8":"pa_tur-kitap","9":"pa_yayinevi-everest-yayinlari","10":"pa_yazar-alain-de-botton","12":"first","13":"instock","14":"sale","15":"shipping-taxable","16":"purchasable","17":"product-type-simple"},"_links":{"self":[{"href":"https:\/\/roveyayinevi.com.tr\/index.php\/wp-json\/wp\/v2\/product\/766613","targetHints":{"allow":["GET"]}}],"collection":[{"href":"https:\/\/roveyayinevi.com.tr\/index.php\/wp-json\/wp\/v2\/product"}],"about":[{"href":"https:\/\/roveyayinevi.com.tr\/index.php\/wp-json\/wp\/v2\/types\/product"}],"wp:attachment":[{"href":"https:\/\/roveyayinevi.com.tr\/index.php\/wp-json\/wp\/v2\/media?parent=766613"}],"wp:term":[{"taxonomy":"product_brand","embeddable":true,"href":"https:\/\/roveyayinevi.com.tr\/index.php\/wp-json\/wp\/v2\/product_brand?post=766613"},{"taxonomy":"product_cat","embeddable":true,"href":"https:\/\/roveyayinevi.com.tr\/index.php\/wp-json\/wp\/v2\/product_cat?post=766613"},{"taxonomy":"product_tag","embeddable":true,"href":"https:\/\/roveyayinevi.com.tr\/index.php\/wp-json\/wp\/v2\/product_tag?post=766613"}],"curies":[{"name":"wp","href":"https:\/\/api.w.org\/{rel}","templated":true}]}}