{"id":766611,"date":"2025-08-28T12:19:12","date_gmt":"2025-08-28T09:19:12","guid":{"rendered":"https:\/\/roveyayinevi.com.tr\/index.php\/urun\/istanbulda-iktisat\/"},"modified":"2026-04-15T03:32:18","modified_gmt":"2026-04-15T00:32:18","slug":"istanbulda-iktisat","status":"publish","type":"product","link":"https:\/\/roveyayinevi.com.tr\/index.php\/urun\/istanbulda-iktisat\/","title":{"rendered":"\u0130stanbul\u2019da \u0130ktisat"},"content":{"rendered":"<p>Oktar T\u00fcrel E\u011fitsel \u00e7al\u0131\u015fmalar\u0131na 1936\u2019da ba\u015flayan \u0130stanbul \u00dcniversitesi \u0130ktisat Fak\u00fcltesi\u2019nin \u00f6\u011fretim elemanlar\u0131 ve mezunlar\u0131, \u00fclkemizde \u00e7a\u011fda\u015f iktisat d\u00fc\u015f\u00fcncesinin yerle\u015fmesine, iktisat politikalar\u0131n\u0131n olu\u015fturulmas\u0131na ve iktisat ara\u015ft\u0131rmalar\u0131n\u0131n geli\u015fmesine \u00e7ok \u00f6nemli katk\u0131lar sa\u011flam\u0131\u015flard\u0131r. Prof. Dr. \u00c7i\u011fdem Boz, \u00e7o\u011funlukla \u0130F\u2019de g\u00f6rev yapm\u0131\u015f akademisyenlerin, k\u0131smen de di\u011fer ara\u015ft\u0131rmac\u0131 ve yazarlar\u0131n g\u00f6zlem ve tan\u0131kl\u0131klar\u0131ndan yararlanarak, bu se\u00e7kin kurulu\u015fun ilk yar\u0131m y\u00fczy\u0131ll\u0131k ge\u00e7mi\u015fini m\u00fckemmel bir kurgu ve anlat\u0131yla bizlere sunuyor. Keyifle ve \u00e7ok \u015fey \u00f6\u011frenilerek okunacak bir eser. Alp Y\u00fccel Kaya \u0130stanbul \u00dcniversitesi \u0130ktisat Fak\u00fcltesi, T\u00fcrkiye\u2019de iktisad\u0131n be\u015fi\u011fidir. Fak\u00fclte 1936\u2019da Bakanlar Kurulu kararnamesiyle kurulu\u015fundan 1983\u2019te 1402 say\u0131l\u0131 yasayla \u00e7e\u015fitli \u00f6\u011fretim \u00fcyelerine i\u015ften el \u00e7ektirilmesine kadar \u00e7o\u011fulcu, \u00e7ok renkli bir iktisat perspektifi sergilemi\u015ftir. \u00c7i\u011fdem Boz\u2019un yapt\u0131\u011f\u0131 g\u00f6r\u00fc\u015fmeler yaln\u0131zca \u0130stanbul \u00dcniversitesi \u0130ktisat Fak\u00fcltesi\u2019nin tarihine de\u011fil, T\u00fcrkiye\u2019de iktisad\u0131n geli\u015fimine de \u0131\u015f\u0131k tutuyor, tarihe \u00f6nemli bir not d\u00fc\u015f\u00fcyor. \u0130hsan Seddar Kaynar T\u00fcrkiye iktisat tarihi anlat\u0131s\u0131ndaki en \u00f6nemli eksiklerinden biri, \u00fclkedeki iktisat e\u011fitiminin ge\u00e7irdi\u011fi d\u00f6n\u00fc\u015f\u00fcm ve bu d\u00f6n\u00fc\u015f\u00fcm\u00fcn akt\u00f6rleri olan hocalar\u0131m\u0131z\u0131n akademide var olma hikayeleridir. \u00c7i\u011fdem Boz\u2019un belgesel \u00e7al\u0131\u015fmalar\u0131, bu eksikleri tamaml\u0131yor ve yeni \u00e7al\u0131\u015fmalar\u0131n yap\u0131lmas\u0131 i\u00e7in ara\u015ft\u0131rmac\u0131lar\u0131n \u00f6n\u00fcne yeni alanlar a\u00e7\u0131yor. Burhan \u015eenatalar 1960\u2019lar \u00e7ok \u00f6zel bir d\u00f6nemdi. \u0130ktisat Fak\u00fcltesi\u2019nin \u00e7ok g\u00fc\u00e7l\u00fc bir \u00f6\u011fretim kadrosu vard\u0131. Fak\u00fcltede \u00f6\u011frenciler \u00f6zg\u00fcr bir ortamda s\u00fcrekli olarak konferanslar, paneller d\u00fczenliyor, \u00fclke sorunlar\u0131n\u0131 tart\u0131\u015f\u0131yordu. \u0130stanbul\u2019da \u0130ktisat, bu d\u00f6nemi \u00e7ok iyi anlat\u0131yor. Ercan Eren \u0130ktisat Fak\u00fcltesi hem T\u00fcrkiye hem de ki\u015fisel hayat\u0131m a\u00e7\u0131s\u0131ndan iktisad\u0131n ba\u015flang\u0131c\u0131d\u0131r. Bu nedenle \u0130stanbul\u2019da \u0130ktisat, ge\u00e7mi\u015ften g\u00fcncele ta\u015f\u0131d\u0131klar\u0131yla tart\u0131\u015f\u0131lmaz bir de\u011fer ta\u015f\u0131maktad\u0131r.<\/p>\n","protected":false},"excerpt":{"rendered":"<p>Oktar T\u00fcrel E\u011fitsel \u00e7al\u0131\u015fmalar\u0131na 1936\u2019da ba\u015flayan \u0130stanbul \u00dcniversitesi \u0130ktisat Fak\u00fcltesi\u2019nin \u00f6\u011fretim elemanlar\u0131 ve mezunlar\u0131, \u00fclkemizde \u00e7a\u011fda\u015f iktisat d\u00fc\u015f\u00fcncesinin yerle\u015fmesine, iktisat politikalar\u0131n\u0131n olu\u015fturulmas\u0131na ve iktisat ara\u015ft\u0131rmalar\u0131n\u0131n geli\u015fmesine<span class=\"excerpt-hellip\"> [\u2026]<\/span><\/p>\n","protected":false},"featured_media":0,"template":"","meta":{"_monsterinsights_skip_tracking":false,"_monsterinsights_sitenote_active":false,"_monsterinsights_sitenote_note":"","_monsterinsights_sitenote_category":0},"product_brand":[],"product_cat":[13043],"product_tag":[],"class_list":{"0":"post-766611","1":"product","2":"type-product","3":"status-publish","5":"product_cat-ekonomi","6":"pa_cilt-ciltsiz","7":"pa_tur-kitap","8":"pa_yayinevi-efil-yayinevi","9":"pa_yazar-cigdem-boz","11":"first","12":"instock","13":"sale","14":"shipping-taxable","15":"purchasable","16":"product-type-simple"},"_links":{"self":[{"href":"https:\/\/roveyayinevi.com.tr\/index.php\/wp-json\/wp\/v2\/product\/766611","targetHints":{"allow":["GET"]}}],"collection":[{"href":"https:\/\/roveyayinevi.com.tr\/index.php\/wp-json\/wp\/v2\/product"}],"about":[{"href":"https:\/\/roveyayinevi.com.tr\/index.php\/wp-json\/wp\/v2\/types\/product"}],"wp:attachment":[{"href":"https:\/\/roveyayinevi.com.tr\/index.php\/wp-json\/wp\/v2\/media?parent=766611"}],"wp:term":[{"taxonomy":"product_brand","embeddable":true,"href":"https:\/\/roveyayinevi.com.tr\/index.php\/wp-json\/wp\/v2\/product_brand?post=766611"},{"taxonomy":"product_cat","embeddable":true,"href":"https:\/\/roveyayinevi.com.tr\/index.php\/wp-json\/wp\/v2\/product_cat?post=766611"},{"taxonomy":"product_tag","embeddable":true,"href":"https:\/\/roveyayinevi.com.tr\/index.php\/wp-json\/wp\/v2\/product_tag?post=766611"}],"curies":[{"name":"wp","href":"https:\/\/api.w.org\/{rel}","templated":true}]}}