{"id":766610,"date":"2025-08-28T12:19:09","date_gmt":"2025-08-28T09:19:09","guid":{"rendered":"https:\/\/roveyayinevi.com.tr\/index.php\/urun\/bir-stetoskobun-pesinde\/"},"modified":"2026-04-15T03:32:18","modified_gmt":"2026-04-15T00:32:18","slug":"bir-stetoskobun-pesinde","status":"publish","type":"product","link":"https:\/\/roveyayinevi.com.tr\/index.php\/urun\/bir-stetoskobun-pesinde\/","title":{"rendered":"Bir Stetoskobun Pe\u015finde"},"content":{"rendered":"<p>Meslekte k\u0131rk\u0131nc\u0131 y\u0131l\u0131n\u0131 devirmi\u015f bir doktor\u2026 1980\u2019li y\u0131llarda pe\u015finden ko\u015fmaya ba\u015flad\u0131\u011f\u0131 stetoskobu h\u00e2l\u00e2 koval\u0131yor.   Ald\u0131\u011f\u0131 t\u0131p e\u011fitimi, zorunlu hizmet s\u00fcreci, g\u00f6rev yapt\u0131\u011f\u0131 yerlerde t\u0131bbi hizmet kadar hijyen e\u011fitiminden aile planlamas\u0131na kadar \u00e7ok \u00e7e\u015fitli alanlarda yapt\u0131\u011f\u0131 \u00e7al\u0131\u015fmalar\u2026   Yasemin AKPINAR\u2019\u0131n an\u0131lar\u0131ndan olu\u015fan bu kitab\u0131 okurken sadece bir doktorun de\u011fil, i\u00e7inde bulundu\u011fu d\u00f6nemin T\u00fcrkiye\u2019sini anlayacak; anne olmak, e\u015f olmak, evlat olmak gibi bir\u00e7ok konuda derin d\u00fc\u015f\u00fcncelere dalacaks\u0131n\u0131z.   Bazen g\u00fcl\u00fcmseyecek, bazen \u015fa\u015f\u0131racak ama en \u00e7ok da \u00f6mr\u00fcn\u00fc mesle\u011fine adam\u0131\u015f T\u00fcrk kad\u0131nlar\u0131 i\u00e7in gurur duyacaks\u0131n\u0131z.<\/p>\n","protected":false},"excerpt":{"rendered":"<p>Meslekte k\u0131rk\u0131nc\u0131 y\u0131l\u0131n\u0131 devirmi\u015f bir doktor\u2026 1980\u2019li y\u0131llarda pe\u015finden ko\u015fmaya ba\u015flad\u0131\u011f\u0131 stetoskobu h\u00e2l\u00e2 koval\u0131yor. Ald\u0131\u011f\u0131 t\u0131p e\u011fitimi, zorunlu hizmet s\u00fcreci, g\u00f6rev yapt\u0131\u011f\u0131 yerlerde t\u0131bbi hizmet kadar<span class=\"excerpt-hellip\"> [\u2026]<\/span><\/p>\n","protected":false},"featured_media":0,"template":"","meta":{"_monsterinsights_skip_tracking":false,"_monsterinsights_sitenote_active":false,"_monsterinsights_sitenote_note":"","_monsterinsights_sitenote_category":0},"product_brand":[],"product_cat":[13701,12291],"product_tag":[],"class_list":{"0":"post-766610","1":"product","2":"type-product","3":"status-publish","5":"product_cat-ani-mektup-gunluk","6":"product_cat-edebiyat","7":"pa_cilt-ciltsiz","8":"pa_tur-kitap","9":"pa_yayinevi-luna-yayinlari","10":"pa_yazar-yasemin-akpinar","12":"first","13":"instock","14":"sale","15":"shipping-taxable","16":"purchasable","17":"product-type-simple"},"_links":{"self":[{"href":"https:\/\/roveyayinevi.com.tr\/index.php\/wp-json\/wp\/v2\/product\/766610","targetHints":{"allow":["GET"]}}],"collection":[{"href":"https:\/\/roveyayinevi.com.tr\/index.php\/wp-json\/wp\/v2\/product"}],"about":[{"href":"https:\/\/roveyayinevi.com.tr\/index.php\/wp-json\/wp\/v2\/types\/product"}],"wp:attachment":[{"href":"https:\/\/roveyayinevi.com.tr\/index.php\/wp-json\/wp\/v2\/media?parent=766610"}],"wp:term":[{"taxonomy":"product_brand","embeddable":true,"href":"https:\/\/roveyayinevi.com.tr\/index.php\/wp-json\/wp\/v2\/product_brand?post=766610"},{"taxonomy":"product_cat","embeddable":true,"href":"https:\/\/roveyayinevi.com.tr\/index.php\/wp-json\/wp\/v2\/product_cat?post=766610"},{"taxonomy":"product_tag","embeddable":true,"href":"https:\/\/roveyayinevi.com.tr\/index.php\/wp-json\/wp\/v2\/product_tag?post=766610"}],"curies":[{"name":"wp","href":"https:\/\/api.w.org\/{rel}","templated":true}]}}