{"id":766609,"date":"2025-08-28T12:19:07","date_gmt":"2025-08-28T09:19:07","guid":{"rendered":"https:\/\/roveyayinevi.com.tr\/index.php\/urun\/isigin-olumu\/"},"modified":"2026-04-15T03:32:18","modified_gmt":"2026-04-15T00:32:18","slug":"isigin-olumu","status":"publish","type":"product","link":"https:\/\/roveyayinevi.com.tr\/index.php\/urun\/isigin-olumu\/","title":{"rendered":"I\u015f\u0131\u011f\u0131n \u00d6l\u00fcm\u00fc"},"content":{"rendered":"<p>Westeros\u2019tan \u00f6nce Worlorn vard\u0131&#8230;   Dirk t\u2019Larien, y\u0131llar \u00f6nce kaybetti\u011fi a\u015fk\u0131 Gwen Delvano taraf\u0131ndan, uzay\u0131n \u00f6b\u00fcr ucundan Worlorn\u2019a \u00e7a\u011fr\u0131ld\u0131\u011f\u0131nda, i\u00e7inde \u00e7\u0131lg\u0131n bir umut \u0131\u015f\u0131\u011f\u0131 yanar. Ancak ne Worlorn ne de Gwen eskisi gibidir. Gwen uzayl\u0131 bir vah\u015fiyledir ve Worlorn \u0131ss\u0131z bir harabe haline gelmi\u015f, \u00f6lmekte olan bir gezegendir art\u0131k; her \u015fafakta yedi k\u0131rm\u0131z\u0131 g\u00fcne\u015fi biraz daha s\u00f6n\u00fck parlar.   Dirk hem a\u015fk\u0131n\u0131 hem de gezegeni kurtarmak isterken, \u00e7evresine gizemli bir gizlilik perdesinin \u00e7ekildi\u011fini fark eder. Ka\u00e7\u0131\u015f, intikam ve \u00f6l\u00fcm etraf\u0131n\u0131 sararken, Dirk\u2019\u00fcn m\u00fcttefikleri ve d\u00fc\u015fmanlar\u0131 birbirine kar\u0131\u015f\u0131r.   \u201cI\u015f\u0131\u011f\u0131n \u00d6l\u00fcm\u00fc\u2019n\u00fc ilk kez on d\u00f6rt ya\u015f\u0131mdayken okumu\u015ftum ve kurgunun ne olabilece\u011fi ne yapabilece\u011fi ve dizginsiz hayal g\u00fcc\u00fcn\u00fcn bir eserinin okura neler hissettirebilece\u011fi ve onu nelere inand\u0131rabilece\u011fi konusundaki g\u00f6r\u00fc\u015flerimi alt\u00fcst etmi\u015fti. Yakla\u015f\u0131k otuz y\u0131l sonra eserin b\u00fct\u00fcn bunlar\u0131 h\u00e2l\u00e2 ayn\u0131 g\u00fc\u00e7le hat\u0131rlatt\u0131\u011f\u0131n\u0131 ve ortaya koydu\u011fu kalbi k\u0131r\u0131k evrenin daha da fazla yuva gibi hissettirdi\u011fini g\u00f6r\u00fcyorum.\u201d   Michael Chabon   \u201cUzayda Vah\u015fi Bat\u0131 ve uykular\u0131n\u0131z\u0131 ka\u00e7\u0131racak bir kovalamaca. Muhte\u015fem bir bilimkurgu.\u201d Los Angeles Times   \u201cBilimkurguyu okumaya de\u011fer hale getiren t\u00fcrden bir hayal g\u00fcc\u00fc&#8230; Etkili ve etkileyici bir hik\u00e2ye.\u201d Galaxy dergisi   \u201cGeorge R.R. Martin bir \u015fairin sesine ve \u00e7elik kapan gibi bir zihne sahip.\u201d Algis Budrys<\/p>\n","protected":false},"excerpt":{"rendered":"<p>Westeros\u2019tan \u00f6nce Worlorn vard\u0131&#8230; Dirk t\u2019Larien, y\u0131llar \u00f6nce kaybetti\u011fi a\u015fk\u0131 Gwen Delvano taraf\u0131ndan, uzay\u0131n \u00f6b\u00fcr ucundan Worlorn\u2019a \u00e7a\u011fr\u0131ld\u0131\u011f\u0131nda, i\u00e7inde \u00e7\u0131lg\u0131n bir umut \u0131\u015f\u0131\u011f\u0131 yanar. Ancak ne<span class=\"excerpt-hellip\"> [\u2026]<\/span><\/p>\n","protected":false},"featured_media":0,"template":"","meta":{"_monsterinsights_skip_tracking":false,"_monsterinsights_sitenote_active":false,"_monsterinsights_sitenote_note":"","_monsterinsights_sitenote_category":0},"product_brand":[],"product_cat":[12540,12291],"product_tag":[],"class_list":{"0":"post-766609","1":"product","2":"type-product","3":"status-publish","5":"product_cat-bilim-kurgu","6":"product_cat-edebiyat","7":"pa_cilt-ciltsiz","8":"pa_tur-kitap","9":"pa_yayinevi-dex-yayinevi","10":"pa_yazar-george-r-r-martin","12":"first","13":"instock","14":"sale","15":"shipping-taxable","16":"purchasable","17":"product-type-simple"},"_links":{"self":[{"href":"https:\/\/roveyayinevi.com.tr\/index.php\/wp-json\/wp\/v2\/product\/766609","targetHints":{"allow":["GET"]}}],"collection":[{"href":"https:\/\/roveyayinevi.com.tr\/index.php\/wp-json\/wp\/v2\/product"}],"about":[{"href":"https:\/\/roveyayinevi.com.tr\/index.php\/wp-json\/wp\/v2\/types\/product"}],"wp:attachment":[{"href":"https:\/\/roveyayinevi.com.tr\/index.php\/wp-json\/wp\/v2\/media?parent=766609"}],"wp:term":[{"taxonomy":"product_brand","embeddable":true,"href":"https:\/\/roveyayinevi.com.tr\/index.php\/wp-json\/wp\/v2\/product_brand?post=766609"},{"taxonomy":"product_cat","embeddable":true,"href":"https:\/\/roveyayinevi.com.tr\/index.php\/wp-json\/wp\/v2\/product_cat?post=766609"},{"taxonomy":"product_tag","embeddable":true,"href":"https:\/\/roveyayinevi.com.tr\/index.php\/wp-json\/wp\/v2\/product_tag?post=766609"}],"curies":[{"name":"wp","href":"https:\/\/api.w.org\/{rel}","templated":true}]}}