{"id":766608,"date":"2025-08-28T12:19:04","date_gmt":"2025-08-28T09:19:04","guid":{"rendered":"https:\/\/roveyayinevi.com.tr\/index.php\/urun\/sihirli-7\/"},"modified":"2026-04-15T03:32:18","modified_gmt":"2026-04-15T00:32:18","slug":"sihirli-7","status":"publish","type":"product","link":"https:\/\/roveyayinevi.com.tr\/index.php\/urun\/sihirli-7\/","title":{"rendered":"Sihirli 7"},"content":{"rendered":"<p>D\u00fcnya genelinde k\u0131z \u00e7ocuklar\u0131 ba\u015fta e\u011fitim, sa\u011fl\u0131k ve toplumsal ya\u015fama kat\u0131l\u0131m olmak \u00fczere, pek \u00e7ok alanda ayr\u0131mc\u0131 muameleye maruz kalmaktad\u0131r. UNICEF&#8217;e g\u00f6re her be\u015f k\u0131z \u00e7ocu\u011fundan biri ortaokulu tamamlayam\u0131yor; her on k\u0131z \u00e7ocu\u011fundan yakla\u015f\u0131k d\u00f6rd\u00fc y\u00fcksek\u00f6\u011fretimi bitiremiyor; d\u00fc\u015f\u00fck gelirli \u00fclkelerdeki, ergenlik \u00e7a\u011f\u0131ndaki k\u0131z \u00e7ocuklar\u0131 ve gen\u00e7 kad\u0131nlar\u0131n yakla\u015f\u0131k y\u00fczde doksan\u0131n\u0131n internete eri\u015fimi yok. Oysaki b\u00fct\u00fcn k\u0131z \u00e7ocuklar\u0131n\u0131n gelece\u011fe dair umutlar\u0131, hayalleri vard\u0131r. Kiminin hayali doktor olup yaralara merhem olabilmekken, kimininki adalet terazisini g\u00f6\u011f\u00fcslemektir. Kiminin hayali asla y\u0131k\u0131lmayacak ve can almayacak sa\u011flam binalar in\u015fa etmekken, kimininki de\u011ferlerinin fark\u0131nda olan d\u00fcr\u00fcst ve sayg\u0131l\u0131 \u00f6\u011frencilerle gelece\u011fe a\u00e7\u0131lmakt\u0131r. Bir k\u0131z \u00e7ocu\u011funa imk\u00e2n verilirse d\u00fcnyay\u0131 de\u011fi\u015ftirebilir. Bir k\u0131z \u00e7ocu\u011funa imk\u00e2n verilirse hayallerine ula\u015fabilir. Bir k\u0131z \u00e7ocu\u011funa imk\u00e2n verilirse sonucuna y\u0131llarca ula\u015f\u0131lamam\u0131\u015f binlerce \u00e7\u00f6z\u00fcm \u00fcretebilir. Ve siz, bir k\u0131z \u00e7ocu\u011funa imk\u00e2n tan\u0131d\u0131\u011f\u0131n\u0131zda o k\u00fc\u00e7\u00fck bir k\u0131z olmaktan \u00e7\u0131k\u0131p, t\u00fcm tabular\u0131 y\u0131k\u0131p bilimde, sanatta, sporda bir lidere d\u00f6n\u00fc\u015febilir. Elinizdeki kitap, t\u00fcm k\u0131z \u00e7ocuklar\u0131 gibi hayallerime yol al\u0131rken benim i\u00e7in \u00f6nemli bir durak olan 7. s\u0131n\u0131f s\u00fcresince kaleme ald\u0131\u011f\u0131m yaz\u0131lardan olu\u015fmaktad\u0131r. Okurken kendinizi bazen bir masal\u0131n b\u00fcy\u00fcl\u00fc d\u00fcnyas\u0131nda, bazen bir \u00f6yk\u00fcn\u00fcn y\u00fcrek yakan ger\u00e7ekli\u011finde, bazen bir g\u00f6lge oyununun g\u00fcl\u00fcmseten s\u0131cakl\u0131\u011f\u0131nda, bazen de kendi hayat\u0131n\u0131zdan yans\u0131malar ta\u015f\u0131yan k\u00fc\u00e7\u00fck an\u0131 sayfalar\u0131nda bulacaks\u0131n\u0131z. Bu kitaptaki c\u00fcmleler kimi zaman g\u00f6zya\u015f\u0131yla, kimi zaman sevin\u00e7le, kimi zamansa g\u00fcn bat\u0131m\u0131 gibi tarifi m\u00fcmk\u00fcn olmayan duygularla kaleme al\u0131nm\u0131\u015ft\u0131r. Uzun laf\u0131n k\u0131sas\u0131, d\u00fc\u015f\u00fcncelerimi h\u00fcr bir \u015fekilde ifade edebildi\u011fim, sevgi ve g\u00fcvene dayal\u0131 bir aile ortam\u0131na sahip oldu\u011fum ve bu sayfalar\u0131 yay\u0131nlayabilme imk\u00e2n\u0131 buldu\u011fum i\u00e7in \u00e7ok \u015fansl\u0131y\u0131m. Umar\u0131m t\u00fcm k\u0131z \u00e7ocuklar\u0131 hayallerine ula\u015fman\u0131n tatminiyle bu gurura eri\u015fir.   UNUTMAYIN, EL\u0130N\u0130ZDEK\u0130 K\u0130TAP Y\u00dcKSEK DOZDA UMUT \u0130\u00c7ER\u0130R!..<\/p>\n","protected":false},"excerpt":{"rendered":"<p>D\u00fcnya genelinde k\u0131z \u00e7ocuklar\u0131 ba\u015fta e\u011fitim, sa\u011fl\u0131k ve toplumsal ya\u015fama kat\u0131l\u0131m olmak \u00fczere, pek \u00e7ok alanda ayr\u0131mc\u0131 muameleye maruz kalmaktad\u0131r. UNICEF&#8217;e g\u00f6re her be\u015f k\u0131z \u00e7ocu\u011fundan<span class=\"excerpt-hellip\"> [\u2026]<\/span><\/p>\n","protected":false},"featured_media":0,"template":"","meta":{"_monsterinsights_skip_tracking":false,"_monsterinsights_sitenote_active":false,"_monsterinsights_sitenote_note":"","_monsterinsights_sitenote_category":0},"product_brand":[],"product_cat":[12777,12291],"product_tag":[],"class_list":{"0":"post-766608","1":"product","2":"type-product","3":"status-publish","5":"product_cat-deneme","6":"product_cat-edebiyat","7":"pa_cilt-ciltsiz","8":"pa_tur-kitap","9":"pa_yayinevi-luna-yayinlari","10":"pa_yazar-sahra-doga-cagdas","12":"first","13":"instock","14":"sale","15":"shipping-taxable","16":"purchasable","17":"product-type-simple"},"_links":{"self":[{"href":"https:\/\/roveyayinevi.com.tr\/index.php\/wp-json\/wp\/v2\/product\/766608","targetHints":{"allow":["GET"]}}],"collection":[{"href":"https:\/\/roveyayinevi.com.tr\/index.php\/wp-json\/wp\/v2\/product"}],"about":[{"href":"https:\/\/roveyayinevi.com.tr\/index.php\/wp-json\/wp\/v2\/types\/product"}],"wp:attachment":[{"href":"https:\/\/roveyayinevi.com.tr\/index.php\/wp-json\/wp\/v2\/media?parent=766608"}],"wp:term":[{"taxonomy":"product_brand","embeddable":true,"href":"https:\/\/roveyayinevi.com.tr\/index.php\/wp-json\/wp\/v2\/product_brand?post=766608"},{"taxonomy":"product_cat","embeddable":true,"href":"https:\/\/roveyayinevi.com.tr\/index.php\/wp-json\/wp\/v2\/product_cat?post=766608"},{"taxonomy":"product_tag","embeddable":true,"href":"https:\/\/roveyayinevi.com.tr\/index.php\/wp-json\/wp\/v2\/product_tag?post=766608"}],"curies":[{"name":"wp","href":"https:\/\/api.w.org\/{rel}","templated":true}]}}