{"id":766604,"date":"2025-08-28T12:18:56","date_gmt":"2025-08-28T09:18:56","guid":{"rendered":"https:\/\/roveyayinevi.com.tr\/index.php\/urun\/cebirce-bisey-bisey-ormani\/"},"modified":"2026-04-13T03:27:50","modified_gmt":"2026-04-13T00:27:50","slug":"cebirce-bisey-bisey-ormani","status":"publish","type":"product","link":"https:\/\/roveyayinevi.com.tr\/index.php\/urun\/cebirce-bisey-bisey-ormani\/","title":{"rendered":"Cebirce -Bi\u015fey Bi\u015fey Orman\u0131-"},"content":{"rendered":"<p>&#8220;Her insan d\u00fc\u015f\u00fcn\u00fcrken Bi\u015fey Bi\u015fey Orman\u0131\u2019na gider, binlerce dal\u0131n, buda\u011f\u0131n aras\u0131nda arar ger\u00e7e\u011fi. E\u011fer seni \u00e7a\u011f\u0131r\u0131yorsa ger\u00e7ek, vadi sana ayna olacak. Ve g\u00fcm\u00fc\u015f parlayacak. Kabul edileceksin d\u00fc\u015f\u00fcncenin okuluna.&#8221;   \u015eimdi d\u00fc\u015f\u00fcn bakal\u0131m, \u015fifreleri \u00e7\u00f6z\u00fcp Cebirce&#8217;nin s\u0131rr\u0131n\u0131 ortaya \u00e7\u0131karabilecek misin? <\/p>\n","protected":false},"excerpt":{"rendered":"<p>&#8220;Her insan d\u00fc\u015f\u00fcn\u00fcrken Bi\u015fey Bi\u015fey Orman\u0131\u2019na gider, binlerce dal\u0131n, buda\u011f\u0131n aras\u0131nda arar ger\u00e7e\u011fi. E\u011fer seni \u00e7a\u011f\u0131r\u0131yorsa ger\u00e7ek, vadi sana ayna olacak. Ve g\u00fcm\u00fc\u015f parlayacak. Kabul edileceksin<span class=\"excerpt-hellip\"> [\u2026]<\/span><\/p>\n","protected":false},"featured_media":0,"template":"","meta":{"_monsterinsights_skip_tracking":false,"_monsterinsights_sitenote_active":false,"_monsterinsights_sitenote_note":"","_monsterinsights_sitenote_category":0},"product_brand":[],"product_cat":[12274,12284],"product_tag":[],"class_list":{"0":"post-766604","1":"product","2":"type-product","3":"status-publish","5":"product_cat-cocuk-ve-genclik-kitaplari","6":"product_cat-hikayeler","7":"pa_cilt-ciltsiz","8":"pa_tur-kitap","9":"pa_yayinevi-dogan-cocuk","10":"pa_yazar-eda-albayrak","12":"first","13":"instock","14":"sale","15":"shipping-taxable","16":"purchasable","17":"product-type-simple"},"_links":{"self":[{"href":"https:\/\/roveyayinevi.com.tr\/index.php\/wp-json\/wp\/v2\/product\/766604","targetHints":{"allow":["GET"]}}],"collection":[{"href":"https:\/\/roveyayinevi.com.tr\/index.php\/wp-json\/wp\/v2\/product"}],"about":[{"href":"https:\/\/roveyayinevi.com.tr\/index.php\/wp-json\/wp\/v2\/types\/product"}],"wp:attachment":[{"href":"https:\/\/roveyayinevi.com.tr\/index.php\/wp-json\/wp\/v2\/media?parent=766604"}],"wp:term":[{"taxonomy":"product_brand","embeddable":true,"href":"https:\/\/roveyayinevi.com.tr\/index.php\/wp-json\/wp\/v2\/product_brand?post=766604"},{"taxonomy":"product_cat","embeddable":true,"href":"https:\/\/roveyayinevi.com.tr\/index.php\/wp-json\/wp\/v2\/product_cat?post=766604"},{"taxonomy":"product_tag","embeddable":true,"href":"https:\/\/roveyayinevi.com.tr\/index.php\/wp-json\/wp\/v2\/product_tag?post=766604"}],"curies":[{"name":"wp","href":"https:\/\/api.w.org\/{rel}","templated":true}]}}