{"id":766600,"date":"2025-08-28T12:18:49","date_gmt":"2025-08-28T09:18:49","guid":{"rendered":"https:\/\/roveyayinevi.com.tr\/index.php\/urun\/meraklisi-icin-ortadogu-kitabi\/"},"modified":"2026-04-15T03:32:18","modified_gmt":"2026-04-15T00:32:18","slug":"meraklisi-icin-ortadogu-kitabi","status":"publish","type":"product","link":"https:\/\/roveyayinevi.com.tr\/index.php\/urun\/meraklisi-icin-ortadogu-kitabi\/","title":{"rendered":"Merakl\u0131s\u0131 \u0130\u00e7in Ortado\u011fu Kitab\u0131"},"content":{"rendered":"<p>\u201cOrtado\u011fu ge\u00e7mi\u015f zamanla yaz\u0131lamaz, \u015fimdiki zamanda yaz\u0131lmaktad\u0131r.\u201d T\u00fcrkiye\u2019nin d\u00f6rt Cumhurba\u015fkan\u0131 Filistin Cephesi\u2019nde \u00e7arp\u0131\u015ft\u0131, ikisi \u0130ngilizlerin M\u0131s\u0131r\u2019daki esir kamp\u0131nda kald\u0131. Hepsi Kurtulu\u015f Sava\u015f\u0131\u2019nda \u00f6n saflardayd\u0131.   T\u00fcrkiye\u2019nin \u00fc\u00e7 Cumhurba\u015fkan\u0131, zaman\u0131nda Sovyetler Birli\u011fi olan Rusya\u2019ya kar\u015f\u0131 \u0130srail ve \u0130ran\u2019la kurulan gizli istihbarat i\u015fbirli\u011fi anla\u015fmas\u0131nda g\u00f6rev alm\u0131\u015ft\u0131. Uygarl\u0131klar\u0131n ve sava\u015flar\u0131n be\u015fi\u011fi Ortado\u011fu\u2019da r\u00fczg\u00e2rlar\u0131n ve ittifaklar\u0131n ne kadar \u00e7abuk y\u00f6n de\u011fi\u015ftirdi\u011fini biliyorlard\u0131.   Nitekim T\u00fcrkiye\u2019nin NATO m\u00fcttefiki ABD\u2019nin bir ba\u015fkan\u0131, PKK liderinin yakalan\u0131p hapsedilmesine yard\u0131mc\u0131 olurken, bir ba\u015fkas\u0131n\u0131n PKK\u2019n\u0131n Suriye koluyla askeri i\u015fbirli\u011fine gitti\u011fine tan\u0131k olduk.   Kitapta \u201cBa\u015fka bir Suriye siyaseti m\u00fcmk\u00fcn m\u00fcyd\u00fc?\u201d sorusuna yan\u0131t ararken, Gazze facias\u0131yla d\u00fcnyan\u0131n vicdan\u0131n\u0131 kanatan \u0130srail-Filistin \u00e7at\u0131\u015fmas\u0131n\u0131 ya da K\u00fcrt milliyet\u00e7ili\u011fini mercek alt\u0131na al\u0131rken, b\u00fct\u00fcn bunlar\u0131n bir as\u0131r \u00f6nce yar\u0131m kalm\u0131\u015f hesaplardan ayr\u0131 d\u00fc\u015f\u00fcn\u00fclemeyece\u011fine tan\u0131k olacaks\u0131n\u0131z. Siyasal \u0130slamc\u0131l\u0131\u011f\u0131 uluslararas\u0131 ili\u015fkilerde kullanma fikrinin \u0130ngiliz icad\u0131 olmay\u0131p onlar\u0131n ba\u015fka bir m\u00fcttefikimizden kopya \u00e7ekip geli\u015ftirdi\u011fine de\u2026   D\u00fc\u015f\u00fcn\u00fcn ki \u201cOrtado\u011fu\u201d ifadesi bile bizlere, b\u00f6lgemizin halklar\u0131na ait de\u011fil: Nerenin ortas\u0131, nereye g\u00f6re do\u011fu, de\u011fil mi? Kitapta bulacaks\u0131n\u0131z. Co\u011frafyam\u0131zda y\u00fczlerce kez tekerr\u00fcr eden tarih elbette ge\u00e7mi\u015f zamanla anlat\u0131lamaz, her g\u00fcn haberlerde yaz\u0131lmaya devam ediyor. <\/p>\n","protected":false},"excerpt":{"rendered":"<p>\u201cOrtado\u011fu ge\u00e7mi\u015f zamanla yaz\u0131lamaz, \u015fimdiki zamanda yaz\u0131lmaktad\u0131r.\u201d T\u00fcrkiye\u2019nin d\u00f6rt Cumhurba\u015fkan\u0131 Filistin Cephesi\u2019nde \u00e7arp\u0131\u015ft\u0131, ikisi \u0130ngilizlerin M\u0131s\u0131r\u2019daki esir kamp\u0131nda kald\u0131. Hepsi Kurtulu\u015f Sava\u015f\u0131\u2019nda \u00f6n saflardayd\u0131. T\u00fcrkiye\u2019nin \u00fc\u00e7<span class=\"excerpt-hellip\"> [\u2026]<\/span><\/p>\n","protected":false},"featured_media":0,"template":"","meta":{"_monsterinsights_skip_tracking":false,"_monsterinsights_sitenote_active":false,"_monsterinsights_sitenote_note":"","_monsterinsights_sitenote_category":0},"product_brand":[],"product_cat":[13590,12337],"product_tag":[],"class_list":{"0":"post-766600","1":"product","2":"type-product","3":"status-publish","5":"product_cat-arastirma-inceleme-politika-siyaset","6":"product_cat-politika-siyaset","7":"pa_cilt-ciltsiz","8":"pa_tur-kitap","9":"pa_yayinevi-dogan-kitap","10":"pa_yazar-murat-yetkin","12":"first","13":"instock","14":"sale","15":"shipping-taxable","16":"purchasable","17":"product-type-simple"},"_links":{"self":[{"href":"https:\/\/roveyayinevi.com.tr\/index.php\/wp-json\/wp\/v2\/product\/766600","targetHints":{"allow":["GET"]}}],"collection":[{"href":"https:\/\/roveyayinevi.com.tr\/index.php\/wp-json\/wp\/v2\/product"}],"about":[{"href":"https:\/\/roveyayinevi.com.tr\/index.php\/wp-json\/wp\/v2\/types\/product"}],"wp:attachment":[{"href":"https:\/\/roveyayinevi.com.tr\/index.php\/wp-json\/wp\/v2\/media?parent=766600"}],"wp:term":[{"taxonomy":"product_brand","embeddable":true,"href":"https:\/\/roveyayinevi.com.tr\/index.php\/wp-json\/wp\/v2\/product_brand?post=766600"},{"taxonomy":"product_cat","embeddable":true,"href":"https:\/\/roveyayinevi.com.tr\/index.php\/wp-json\/wp\/v2\/product_cat?post=766600"},{"taxonomy":"product_tag","embeddable":true,"href":"https:\/\/roveyayinevi.com.tr\/index.php\/wp-json\/wp\/v2\/product_tag?post=766600"}],"curies":[{"name":"wp","href":"https:\/\/api.w.org\/{rel}","templated":true}]}}