{"id":766597,"date":"2025-08-28T12:18:43","date_gmt":"2025-08-28T09:18:43","guid":{"rendered":"https:\/\/roveyayinevi.com.tr\/index.php\/urun\/tiraje-sozlugu\/"},"modified":"2026-04-15T03:32:17","modified_gmt":"2026-04-15T00:32:17","slug":"tiraje-sozlugu","status":"publish","type":"product","link":"https:\/\/roveyayinevi.com.tr\/index.php\/urun\/tiraje-sozlugu\/","title":{"rendered":"Tiraje S\u00f6zl\u00fc\u011f\u00fc"},"content":{"rendered":"<p>Tiraje Dikmen \u00e7a\u011fda\u015f T\u00fcrk sanat\u0131n\u0131n en \u00f6nemli fig\u00fcrlerinden biridir. \u0130stanbul\u2019da ba\u015flad\u0131\u011f\u0131 sanat e\u011fitimini 1950&#8217;lerde Paris\u2019te s\u00fcrd\u00fcrd\u00fc ve d\u00f6nemin \u00f6nde gelen ressamlar\u0131yla temas halinde oldu. \u0130ki desenini sat\u0131n alm\u0131\u015f olan Max Ernst\u2019in eserlerine ilham verdi.   Daima Tiraje imzas\u0131n\u0131 kullanarak hi\u00e7bir gruba kat\u0131lmadan, herhangi bir sanat ak\u0131m\u0131n\u0131n pe\u015finde gitmeden, kendi do\u011frular\u0131 \u00e7er\u00e7evesinde s\u0131k\u0131 bir kuma\u015f gibi dokuyarak \u00f6zel bir resim dili olu\u015fturdu. Farkl\u0131 a\u00e7\u0131l\u0131mlar\u0131 olan bir kurgu ve renk anlay\u0131\u015f\u0131 geli\u015ftirerek T\u00fcrk sanat\u0131 i\u00e7inde tekil bir konuma sahip oldu.   Onu bu denli farkl\u0131 k\u0131lan, ki\u015fisel de\u011ferlerinin \u00fczerine kurdu\u011fu karakteriydi. Mutlak do\u011frunun pe\u015finde, eri\u015filmez kompozisyonlar\u0131 kurgulayarak daha \u00f6nce yap\u0131lmayan\u0131n, g\u00f6r\u00fclmeyenin \u015fekillendirilmesinde Tiraje ger\u00e7ek bir \u00f6nc\u00fcyd\u00fc.   Dr. Necmi S\u00f6nmez, hakk\u0131nda \u00e7ok az yay\u0131n bulunan sanat\u00e7\u0131 \u00fczerine kaleme ald\u0131\u011f\u0131 Tiraje S\u00f6zl\u00fc\u011f\u00fc\u2019yle \u00f6nemli bir bo\u015flu\u011fu doldurup okurlar\u0131 onun benzersiz ki\u015fili\u011fi ve eserleriyle tan\u0131\u015ft\u0131r\u0131yor. <\/p>\n","protected":false},"excerpt":{"rendered":"<p>Tiraje Dikmen \u00e7a\u011fda\u015f T\u00fcrk sanat\u0131n\u0131n en \u00f6nemli fig\u00fcrlerinden biridir. \u0130stanbul\u2019da ba\u015flad\u0131\u011f\u0131 sanat e\u011fitimini 1950&#8217;lerde Paris\u2019te s\u00fcrd\u00fcrd\u00fc ve d\u00f6nemin \u00f6nde gelen ressamlar\u0131yla temas halinde oldu. \u0130ki desenini<span class=\"excerpt-hellip\"> [\u2026]<\/span><\/p>\n","protected":false},"featured_media":0,"template":"","meta":{"_monsterinsights_skip_tracking":false,"_monsterinsights_sitenote_active":false,"_monsterinsights_sitenote_note":"","_monsterinsights_sitenote_category":0},"product_brand":[],"product_cat":[15733,12408],"product_tag":[],"class_list":{"0":"post-766597","1":"product","2":"type-product","3":"status-publish","5":"product_cat-resim","6":"product_cat-sanat","7":"pa_cilt-ciltsiz","8":"pa_tur-kitap","9":"pa_yayinevi-dogan-kitap","10":"pa_yazar-necmi-sonmez","12":"first","13":"instock","14":"sale","15":"shipping-taxable","16":"purchasable","17":"product-type-simple"},"_links":{"self":[{"href":"https:\/\/roveyayinevi.com.tr\/index.php\/wp-json\/wp\/v2\/product\/766597","targetHints":{"allow":["GET"]}}],"collection":[{"href":"https:\/\/roveyayinevi.com.tr\/index.php\/wp-json\/wp\/v2\/product"}],"about":[{"href":"https:\/\/roveyayinevi.com.tr\/index.php\/wp-json\/wp\/v2\/types\/product"}],"wp:attachment":[{"href":"https:\/\/roveyayinevi.com.tr\/index.php\/wp-json\/wp\/v2\/media?parent=766597"}],"wp:term":[{"taxonomy":"product_brand","embeddable":true,"href":"https:\/\/roveyayinevi.com.tr\/index.php\/wp-json\/wp\/v2\/product_brand?post=766597"},{"taxonomy":"product_cat","embeddable":true,"href":"https:\/\/roveyayinevi.com.tr\/index.php\/wp-json\/wp\/v2\/product_cat?post=766597"},{"taxonomy":"product_tag","embeddable":true,"href":"https:\/\/roveyayinevi.com.tr\/index.php\/wp-json\/wp\/v2\/product_tag?post=766597"}],"curies":[{"name":"wp","href":"https:\/\/api.w.org\/{rel}","templated":true}]}}