{"id":766592,"date":"2025-08-28T12:18:33","date_gmt":"2025-08-28T09:18:33","guid":{"rendered":"https:\/\/roveyayinevi.com.tr\/index.php\/urun\/okul-oncesi-makas-etkinlikleri-kes-yapistir-oyna-1-seviye\/"},"modified":"2026-04-15T03:32:17","modified_gmt":"2026-04-15T00:32:17","slug":"okul-oncesi-makas-etkinlikleri-kes-yapistir-oyna-1-seviye","status":"publish","type":"product","link":"https:\/\/roveyayinevi.com.tr\/index.php\/urun\/okul-oncesi-makas-etkinlikleri-kes-yapistir-oyna-1-seviye\/","title":{"rendered":"Okul \u00d6ncesi Makas Etkinlikleri Kes, Yap\u0131\u015ft\u0131r, Oyna 1. Seviye"},"content":{"rendered":"<p>Makas etkinlikleri kes, yap\u0131\u015ft\u0131r oyna kitab\u0131yla; \u00e7ocu\u011funuzun bili\u015fsel ve ince motor becerilerini geli\u015ftirmesine yard\u0131mc\u0131 olun. Uzman \u00f6\u011fretmenler taraf\u0131ndan haz\u0131rlanan bu kitap, okulda ve evde \u00e7ocuklar\u0131n temel becerileri kazanmas\u0131na yard\u0131mc\u0131 olur.Makas etkinliklerine dayal\u0131 bu kitap:   \u2022 \u0130nce motor geli\u015fimine katk\u0131 sa\u011flayarak yaz\u0131 yazmas\u0131na temel olu\u015fturur. \u2022 El-g\u00f6z koordinasyonunu geli\u015ftirir. \u2022 \u00d6z g\u00fcven geli\u015fimine katk\u0131 sa\u011flar. E\u011flenceli Etkinlikler!Makas kesme etkinlikleri, okul \u00f6ncesi \u00e7ocuklar\u0131n yaz\u0131 yazmak i\u00e7in kalem tutma ve ince motor becerilerini g\u00fc\u00e7lendirmeye yard\u0131mc\u0131 olur. Bir elinizle sayfay\u0131 d\u00f6nd\u00fcrmek, di\u011fer elinizle makas kullanmak olduk\u00e7a zordur. Bu v\u00fccudun her iki taraf\u0131n\u0131 da i\u00e7eren el-g\u00f6z koordinasyonunu kapsar.\u00c7ocu\u011funuzun bu becerileri geli\u015ftirmesine yard\u0131mc\u0131 olman\u0131n baz\u0131 kolay yollar\u0131;    \u2022 TeknikMakas\u0131 tutarken do\u011fru tekni\u011fi ve do\u011fru el pozisyonunu sa\u011flay\u0131n. \u00c7ocu\u011funuza makas tutarken hangi parmaklar\u0131n\u0131 kullanaca\u011f\u0131n\u0131 g\u00f6stermek i\u00e7in parmaklar\u0131na birer \u00e7\u0131kartma yap\u0131\u015ft\u0131rabilirsiniz.   \u2022 DenemeOkul \u00f6ncesi \u00e7ocu\u011funuzun her t\u00fcrl\u00fc malzemeden (iplik, oyun hamuru, kurabiye hamuru, tebrik kartlar\u0131, dergiler ve hatta pi\u015fmi\u015f spagetti) k\u00fc\u00e7\u00fck par\u00e7alar kesmesini sa\u011flay\u0131n.   \u2022 \u0130leri D\u00fczey Makas Kullan\u0131m\u0131 \u00c7ocu\u011funuzun \u00f6nce basit d\u00fcz \u00e7izgiler, sonra kavisli \u00e7izgiler kesmesini sa\u011flay\u0131n. Daha sonra keskin a\u00e7\u0131l\u0131 \u00e7izgiler ve \u015fekiller kesmeye te\u015fvik edin. Kolaj yapmak i\u00e7in kesti\u011fi \u015fekilleri bir ka\u011f\u0131da yap\u0131\u015ft\u0131r\u0131n.   \u2022 Sab\u0131rMakas kesme becerilerini geli\u015ftirmek zaman al\u0131r. \u00c7o\u011fu \u00e7ocu\u011fun sahip olmas\u0131 gereken geli\u015fmi\u015f makas becerileri en az 6 ya\u015f\u0131nda tamamlan\u0131r.Sab\u0131r ve bol uygulama, geli\u015ftirmenin anahtar\u0131d\u0131r.   3D Oyuncak Yap\u0131m\u0131! Bu kitapta \u00e7ocu\u011funuz makas kesme etkinliklerini farkl\u0131 boyutlarda kullanarak 3D ka\u011f\u0131t oyuncaklar yapacakt\u0131r. Bu etkinlikte biraz zorlanabilir. Bu y\u00fczden sizin yard\u0131m\u0131n\u0131za ve rehberli\u011finize ihtiyac\u0131 olacakt\u0131r.   Makas Etkinlikleri + Beceri ve Yetenek Geli\u015fimi = Okul Ba\u015far\u0131s\u0131 Ya\u015fam Becerileri i\u00e7in Sanat Etkinlikleri <\/p>\n","protected":false},"excerpt":{"rendered":"<p>Makas etkinlikleri kes, yap\u0131\u015ft\u0131r oyna kitab\u0131yla; \u00e7ocu\u011funuzun bili\u015fsel ve ince motor becerilerini geli\u015ftirmesine yard\u0131mc\u0131 olun. Uzman \u00f6\u011fretmenler taraf\u0131ndan haz\u0131rlanan bu kitap, okulda ve evde \u00e7ocuklar\u0131n temel<span class=\"excerpt-hellip\"> [\u2026]<\/span><\/p>\n","protected":false},"featured_media":0,"template":"","meta":{"_monsterinsights_skip_tracking":false,"_monsterinsights_sitenote_active":false,"_monsterinsights_sitenote_note":"","_monsterinsights_sitenote_category":0},"product_brand":[],"product_cat":[12274,12518],"product_tag":[],"class_list":{"0":"post-766592","1":"product","2":"type-product","3":"status-publish","5":"product_cat-cocuk-ve-genclik-kitaplari","6":"product_cat-okul-oncesi-kitaplar","7":"pa_cilt-ciltsiz","8":"pa_tur-kitap","9":"pa_yayinevi-dikkat-atolyesi-yayinlari","10":"pa_yazar-kolektif","12":"first","13":"instock","14":"sale","15":"shipping-taxable","16":"purchasable","17":"product-type-simple"},"_links":{"self":[{"href":"https:\/\/roveyayinevi.com.tr\/index.php\/wp-json\/wp\/v2\/product\/766592","targetHints":{"allow":["GET"]}}],"collection":[{"href":"https:\/\/roveyayinevi.com.tr\/index.php\/wp-json\/wp\/v2\/product"}],"about":[{"href":"https:\/\/roveyayinevi.com.tr\/index.php\/wp-json\/wp\/v2\/types\/product"}],"wp:attachment":[{"href":"https:\/\/roveyayinevi.com.tr\/index.php\/wp-json\/wp\/v2\/media?parent=766592"}],"wp:term":[{"taxonomy":"product_brand","embeddable":true,"href":"https:\/\/roveyayinevi.com.tr\/index.php\/wp-json\/wp\/v2\/product_brand?post=766592"},{"taxonomy":"product_cat","embeddable":true,"href":"https:\/\/roveyayinevi.com.tr\/index.php\/wp-json\/wp\/v2\/product_cat?post=766592"},{"taxonomy":"product_tag","embeddable":true,"href":"https:\/\/roveyayinevi.com.tr\/index.php\/wp-json\/wp\/v2\/product_tag?post=766592"}],"curies":[{"name":"wp","href":"https:\/\/api.w.org\/{rel}","templated":true}]}}