{"id":766591,"date":"2025-08-28T12:18:31","date_gmt":"2025-08-28T09:18:31","guid":{"rendered":"https:\/\/roveyayinevi.com.tr\/index.php\/urun\/aile-hikayeleri-serisi-evimizdeki-sayilar\/"},"modified":"2026-04-15T03:32:17","modified_gmt":"2026-04-15T00:32:17","slug":"aile-hikayeleri-serisi-evimizdeki-sayilar","status":"publish","type":"product","link":"https:\/\/roveyayinevi.com.tr\/index.php\/urun\/aile-hikayeleri-serisi-evimizdeki-sayilar\/","title":{"rendered":"Aile Hikayeleri Serisi: Evimizdeki Say\u0131lar"},"content":{"rendered":"<p>Ailem, sevdi\u011fim ve beni seven herkestir.Her sayfada farkl\u0131 aile bireylerini tan\u0131tan bu keyifli kitapla \u00e7ocu\u011funuz 1\u2019den 10\u2019a kadar saymay\u0131 \u00f6\u011frenecek. Renkli \u00e7izimleri ve basit hikayesiyle \u00e7ocuklar say\u0131lar\u0131 \u00f6\u011frenirken e\u011flenceli vakit ge\u00e7irecek. \u00d6zenle \u00e7izilmi\u015f resimleriyle \u00e7ocuklar bu kitab\u0131 ellerinden d\u00fc\u015f\u00fcrmeyecek. <\/p>\n","protected":false},"excerpt":{"rendered":"<p>Ailem, sevdi\u011fim ve beni seven herkestir.Her sayfada farkl\u0131 aile bireylerini tan\u0131tan bu keyifli kitapla \u00e7ocu\u011funuz 1\u2019den 10\u2019a kadar saymay\u0131 \u00f6\u011frenecek. Renkli \u00e7izimleri ve basit hikayesiyle \u00e7ocuklar<span class=\"excerpt-hellip\"> [\u2026]<\/span><\/p>\n","protected":false},"featured_media":0,"template":"","meta":{"_monsterinsights_skip_tracking":false,"_monsterinsights_sitenote_active":false,"_monsterinsights_sitenote_note":"","_monsterinsights_sitenote_category":0},"product_brand":[],"product_cat":[12274,15842],"product_tag":[],"class_list":{"0":"post-766591","1":"product","2":"type-product","3":"status-publish","5":"product_cat-cocuk-ve-genclik-kitaplari","6":"product_cat-egitici-kitaplar","7":"pa_cilt-ciltsiz","8":"pa_tur-kitap","9":"pa_yayinevi-dikkat-atolyesi-yayinlari","10":"pa_yazar-kolektif","12":"first","13":"instock","14":"sale","15":"shipping-taxable","16":"purchasable","17":"product-type-simple"},"_links":{"self":[{"href":"https:\/\/roveyayinevi.com.tr\/index.php\/wp-json\/wp\/v2\/product\/766591","targetHints":{"allow":["GET"]}}],"collection":[{"href":"https:\/\/roveyayinevi.com.tr\/index.php\/wp-json\/wp\/v2\/product"}],"about":[{"href":"https:\/\/roveyayinevi.com.tr\/index.php\/wp-json\/wp\/v2\/types\/product"}],"wp:attachment":[{"href":"https:\/\/roveyayinevi.com.tr\/index.php\/wp-json\/wp\/v2\/media?parent=766591"}],"wp:term":[{"taxonomy":"product_brand","embeddable":true,"href":"https:\/\/roveyayinevi.com.tr\/index.php\/wp-json\/wp\/v2\/product_brand?post=766591"},{"taxonomy":"product_cat","embeddable":true,"href":"https:\/\/roveyayinevi.com.tr\/index.php\/wp-json\/wp\/v2\/product_cat?post=766591"},{"taxonomy":"product_tag","embeddable":true,"href":"https:\/\/roveyayinevi.com.tr\/index.php\/wp-json\/wp\/v2\/product_tag?post=766591"}],"curies":[{"name":"wp","href":"https:\/\/api.w.org\/{rel}","templated":true}]}}