{"id":766590,"date":"2025-08-28T12:18:29","date_gmt":"2025-08-28T09:18:29","guid":{"rendered":"https:\/\/roveyayinevi.com.tr\/index.php\/urun\/aile-hikayeleri-serisi-evimizdeki-renkler\/"},"modified":"2026-04-15T03:32:17","modified_gmt":"2026-04-15T00:32:17","slug":"aile-hikayeleri-serisi-evimizdeki-renkler","status":"publish","type":"product","link":"https:\/\/roveyayinevi.com.tr\/index.php\/urun\/aile-hikayeleri-serisi-evimizdeki-renkler\/","title":{"rendered":"Aile Hikayeleri Serisi: Evimizdeki Renkler"},"content":{"rendered":"<p>Evimizdeki renkler bizleri mutlu hissettirir, g\u00fcl\u00fcmsetir ve e\u011flencelidir. Bu renkli kitap aileleri, ya\u015fad\u0131klar\u0131 yerleri ve hissettiklerini anlamam\u0131za yard\u0131mc\u0131 olur. \u00c7ocuklar kafiyeli c\u00fcmleleri dinlerken, canl\u0131 ve ilgi \u00e7ekici resimlerle renkleri \u00f6\u011frenirler. \u00d6zenle \u00e7izilmi\u015f resimleriyle \u00e7ocuklar bu kitab\u0131 ellerinden d\u00fc\u015f\u00fcrmeyecek. <\/p>\n","protected":false},"excerpt":{"rendered":"<p>Evimizdeki renkler bizleri mutlu hissettirir, g\u00fcl\u00fcmsetir ve e\u011flencelidir. Bu renkli kitap aileleri, ya\u015fad\u0131klar\u0131 yerleri ve hissettiklerini anlamam\u0131za yard\u0131mc\u0131 olur. \u00c7ocuklar kafiyeli c\u00fcmleleri dinlerken, canl\u0131 ve ilgi<span class=\"excerpt-hellip\"> [\u2026]<\/span><\/p>\n","protected":false},"featured_media":0,"template":"","meta":{"_monsterinsights_skip_tracking":false,"_monsterinsights_sitenote_active":false,"_monsterinsights_sitenote_note":"","_monsterinsights_sitenote_category":0},"product_brand":[],"product_cat":[12644,12274],"product_tag":[],"class_list":{"0":"post-766590","1":"product","2":"type-product","3":"status-publish","5":"product_cat-boyama-kitaplari","6":"product_cat-cocuk-ve-genclik-kitaplari","7":"pa_cilt-ciltsiz","8":"pa_tur-kitap","9":"pa_yayinevi-dikkat-atolyesi-yayinlari","10":"pa_yazar-kolektif","12":"first","13":"instock","14":"sale","15":"shipping-taxable","16":"purchasable","17":"product-type-simple"},"_links":{"self":[{"href":"https:\/\/roveyayinevi.com.tr\/index.php\/wp-json\/wp\/v2\/product\/766590","targetHints":{"allow":["GET"]}}],"collection":[{"href":"https:\/\/roveyayinevi.com.tr\/index.php\/wp-json\/wp\/v2\/product"}],"about":[{"href":"https:\/\/roveyayinevi.com.tr\/index.php\/wp-json\/wp\/v2\/types\/product"}],"wp:attachment":[{"href":"https:\/\/roveyayinevi.com.tr\/index.php\/wp-json\/wp\/v2\/media?parent=766590"}],"wp:term":[{"taxonomy":"product_brand","embeddable":true,"href":"https:\/\/roveyayinevi.com.tr\/index.php\/wp-json\/wp\/v2\/product_brand?post=766590"},{"taxonomy":"product_cat","embeddable":true,"href":"https:\/\/roveyayinevi.com.tr\/index.php\/wp-json\/wp\/v2\/product_cat?post=766590"},{"taxonomy":"product_tag","embeddable":true,"href":"https:\/\/roveyayinevi.com.tr\/index.php\/wp-json\/wp\/v2\/product_tag?post=766590"}],"curies":[{"name":"wp","href":"https:\/\/api.w.org\/{rel}","templated":true}]}}