{"id":766589,"date":"2025-08-28T12:18:27","date_gmt":"2025-08-28T09:18:27","guid":{"rendered":"https:\/\/roveyayinevi.com.tr\/index.php\/urun\/jumbo-boyama-kitabi-bak-bul-boya\/"},"modified":"2026-04-15T03:32:17","modified_gmt":"2026-04-15T00:32:17","slug":"jumbo-boyama-kitabi-bak-bul-boya","status":"publish","type":"product","link":"https:\/\/roveyayinevi.com.tr\/index.php\/urun\/jumbo-boyama-kitabi-bak-bul-boya\/","title":{"rendered":"Jumbo Boyama Kitab\u0131 Bak Bul Boya"},"content":{"rendered":"<p>Jumbo Dev Boyama Bak Bul Boya Etkinlik Kitab\u0131; dikkat geli\u015ftiren gizli resimler, e\u015fle\u015ftirme etkinlikleri, tuhafl\u0131klar, farkl\u0131 olan\u0131 bulma ve labirent etkinliklerinden olu\u015fur.Kitaptaki y\u00f6nlendirmeler \u00e7ocuklar\u0131n yarat\u0131c\u0131l\u0131\u011f\u0131n\u0131 harekete ge\u00e7irecek ve farkl\u0131 fikirler edinmesine katk\u0131 sa\u011flar.En sevdi\u011finiz boya kalemlerinizle keyifli ve \u00e7\u0131lg\u0131n resimler yapabilirsiniz. Ayr\u0131ca kitaptaki sade metinler ve g\u00f6rsellerin ilgi \u00e7ekici olmas\u0131 bu kitab\u0131 \u00f6zellikle k\u00fc\u00e7\u00fck \u00e7ocuklar i\u00e7in eri\u015filebilir k\u0131lmaktad\u0131r. <\/p>\n","protected":false},"excerpt":{"rendered":"<p>Jumbo Dev Boyama Bak Bul Boya Etkinlik Kitab\u0131; dikkat geli\u015ftiren gizli resimler, e\u015fle\u015ftirme etkinlikleri, tuhafl\u0131klar, farkl\u0131 olan\u0131 bulma ve labirent etkinliklerinden olu\u015fur.Kitaptaki y\u00f6nlendirmeler \u00e7ocuklar\u0131n yarat\u0131c\u0131l\u0131\u011f\u0131n\u0131 harekete<span class=\"excerpt-hellip\"> [\u2026]<\/span><\/p>\n","protected":false},"featured_media":0,"template":"","meta":{"_monsterinsights_skip_tracking":false,"_monsterinsights_sitenote_active":false,"_monsterinsights_sitenote_note":"","_monsterinsights_sitenote_category":0},"product_brand":[],"product_cat":[12644,12274],"product_tag":[],"class_list":{"0":"post-766589","1":"product","2":"type-product","3":"status-publish","5":"product_cat-boyama-kitaplari","6":"product_cat-cocuk-ve-genclik-kitaplari","7":"pa_cilt-ciltsiz","8":"pa_tur-kitap10","9":"pa_yayinevi-dikkat-atolyesi-yayinlari","10":"pa_yazar-komisyon","12":"first","13":"instock","14":"sale","15":"shipping-taxable","16":"purchasable","17":"product-type-simple"},"_links":{"self":[{"href":"https:\/\/roveyayinevi.com.tr\/index.php\/wp-json\/wp\/v2\/product\/766589","targetHints":{"allow":["GET"]}}],"collection":[{"href":"https:\/\/roveyayinevi.com.tr\/index.php\/wp-json\/wp\/v2\/product"}],"about":[{"href":"https:\/\/roveyayinevi.com.tr\/index.php\/wp-json\/wp\/v2\/types\/product"}],"wp:attachment":[{"href":"https:\/\/roveyayinevi.com.tr\/index.php\/wp-json\/wp\/v2\/media?parent=766589"}],"wp:term":[{"taxonomy":"product_brand","embeddable":true,"href":"https:\/\/roveyayinevi.com.tr\/index.php\/wp-json\/wp\/v2\/product_brand?post=766589"},{"taxonomy":"product_cat","embeddable":true,"href":"https:\/\/roveyayinevi.com.tr\/index.php\/wp-json\/wp\/v2\/product_cat?post=766589"},{"taxonomy":"product_tag","embeddable":true,"href":"https:\/\/roveyayinevi.com.tr\/index.php\/wp-json\/wp\/v2\/product_tag?post=766589"}],"curies":[{"name":"wp","href":"https:\/\/api.w.org\/{rel}","templated":true}]}}