{"id":766574,"date":"2025-08-28T12:17:57","date_gmt":"2025-08-28T09:17:57","guid":{"rendered":"https:\/\/roveyayinevi.com.tr\/index.php\/urun\/cebinde-bu-kac-oyku\/"},"modified":"2026-04-15T03:32:17","modified_gmt":"2026-04-15T00:32:17","slug":"cebinde-bu-kac-oyku","status":"publish","type":"product","link":"https:\/\/roveyayinevi.com.tr\/index.php\/urun\/cebinde-bu-kac-oyku\/","title":{"rendered":"Cebinde Bu Ka\u00e7 \u00d6yk\u00fc"},"content":{"rendered":"<p>Cebinde Bu Ka\u00e7 \u00d6yk\u00fc\u2019deki hik\u00e2yeler i\u00e7in kurmaca an\u0131 demek m\u00fcmk\u00fcn. Kitab\u0131n b\u00fct\u00fcn\u00fc, yazar\u0131n yabanc\u0131la\u015fmas\u0131n\u0131 konu ald\u0131\u011f\u0131 bir cep roman\u0131 olarak da okunabilir pek\u00e2l\u00e2; karar okurun. Bahaneler uydurmay\u0131 b\u0131rak da s\u00f6yle, yaln\u0131zl\u0131\u011f\u0131n bu kadar\u0131 da korkutuyor mu ne? Elbette hay\u0131r. Belki biraz. Korku de\u011fil asl\u0131nda bu duygu, hem yeni de say\u0131lmaz; nicedir kendimi dibi ertelenmi\u015f bir kuyuya d\u00fc\u015f\u00fcyormu\u015f gibi hissediyorum. Bal gibi korku. \u0130\u00e7 sesime kulak t\u0131kay\u0131p yolun kar\u015f\u0131s\u0131na ge\u00e7iyor ve gerisin geri y\u00fcr\u00fcy\u00fcp geldi\u011fim soka\u011fa sap\u0131yorum. <\/p>\n","protected":false},"excerpt":{"rendered":"<p>Cebinde Bu Ka\u00e7 \u00d6yk\u00fc\u2019deki hik\u00e2yeler i\u00e7in kurmaca an\u0131 demek m\u00fcmk\u00fcn. Kitab\u0131n b\u00fct\u00fcn\u00fc, yazar\u0131n yabanc\u0131la\u015fmas\u0131n\u0131 konu ald\u0131\u011f\u0131 bir cep roman\u0131 olarak da okunabilir pek\u00e2l\u00e2; karar okurun. Bahaneler<span class=\"excerpt-hellip\"> [\u2026]<\/span><\/p>\n","protected":false},"featured_media":0,"template":"","meta":{"_monsterinsights_skip_tracking":false,"_monsterinsights_sitenote_active":false,"_monsterinsights_sitenote_note":"","_monsterinsights_sitenote_category":0},"product_brand":[],"product_cat":[12291,18202],"product_tag":[],"class_list":{"0":"post-766574","1":"product","2":"type-product","3":"status-publish","5":"product_cat-edebiyat","6":"product_cat-hikaye","7":"pa_cilt-ciltsiz","8":"pa_tur-kitap","9":"pa_yayinevi-olisipo-yayinevi","10":"pa_yazar-sitki-silah","12":"first","13":"instock","14":"sale","15":"shipping-taxable","16":"purchasable","17":"product-type-simple"},"_links":{"self":[{"href":"https:\/\/roveyayinevi.com.tr\/index.php\/wp-json\/wp\/v2\/product\/766574","targetHints":{"allow":["GET"]}}],"collection":[{"href":"https:\/\/roveyayinevi.com.tr\/index.php\/wp-json\/wp\/v2\/product"}],"about":[{"href":"https:\/\/roveyayinevi.com.tr\/index.php\/wp-json\/wp\/v2\/types\/product"}],"wp:attachment":[{"href":"https:\/\/roveyayinevi.com.tr\/index.php\/wp-json\/wp\/v2\/media?parent=766574"}],"wp:term":[{"taxonomy":"product_brand","embeddable":true,"href":"https:\/\/roveyayinevi.com.tr\/index.php\/wp-json\/wp\/v2\/product_brand?post=766574"},{"taxonomy":"product_cat","embeddable":true,"href":"https:\/\/roveyayinevi.com.tr\/index.php\/wp-json\/wp\/v2\/product_cat?post=766574"},{"taxonomy":"product_tag","embeddable":true,"href":"https:\/\/roveyayinevi.com.tr\/index.php\/wp-json\/wp\/v2\/product_tag?post=766574"}],"curies":[{"name":"wp","href":"https:\/\/api.w.org\/{rel}","templated":true}]}}