{"id":766573,"date":"2025-08-28T12:17:55","date_gmt":"2025-08-28T09:17:55","guid":{"rendered":"https:\/\/roveyayinevi.com.tr\/index.php\/urun\/dr-kimonun-laboratuvari\/"},"modified":"2026-04-15T03:32:17","modified_gmt":"2026-04-15T00:32:17","slug":"dr-kimonun-laboratuvari","status":"publish","type":"product","link":"https:\/\/roveyayinevi.com.tr\/index.php\/urun\/dr-kimonun-laboratuvari\/","title":{"rendered":"Dr. Kimo&#8217;nun Laboratuvar\u0131"},"content":{"rendered":"<p>404Arad\u0131\u011f\u0131n\u0131z sayfa bulunamad\u0131!Ate\u015f&#8217;in muhtar babas\u0131 mahallede organik k\u00fclt\u00fcr merkezi a\u00e7ar. Amerika&#8217;da ya\u015fayan yapay zek\u00e2 profes\u00f6r\u00fc hem\u015fehrilerinin ba\u011f\u0131\u015flad\u0131\u011f\u0131 bilgisayar da merkezde yerini al\u0131r.Ate\u015f oyun oynama hevesiyle ekran\u0131n kar\u015f\u0131s\u0131na ge\u00e7ti\u011finde ba\u015f\u0131na geleceklerden habersizdir. Oyun programlar\u0131na eri\u015fmek i\u00e7in bilgisayardan verilen komutlarla \u015fifreleri girer. Oysa ekranda beliren sanal y\u00fcz ona hayat\u0131n\u0131n oyununu oynatacakt\u0131r. Ailesinin, arkada\u015flar\u0131n\u0131n, Dr. Oyun&#8217;un ve Dr. Kimo&#8217;nun da i\u00e7inde oldu\u011fu nefes kesici bir oyundur bu!<\/p>\n","protected":false},"excerpt":{"rendered":"<p>404Arad\u0131\u011f\u0131n\u0131z sayfa bulunamad\u0131!Ate\u015f&#8217;in muhtar babas\u0131 mahallede organik k\u00fclt\u00fcr merkezi a\u00e7ar. Amerika&#8217;da ya\u015fayan yapay zek\u00e2 profes\u00f6r\u00fc hem\u015fehrilerinin ba\u011f\u0131\u015flad\u0131\u011f\u0131 bilgisayar da merkezde yerini al\u0131r.Ate\u015f oyun oynama hevesiyle ekran\u0131n<span class=\"excerpt-hellip\"> [\u2026]<\/span><\/p>\n","protected":false},"featured_media":0,"template":"","meta":{"_monsterinsights_skip_tracking":false,"_monsterinsights_sitenote_active":false,"_monsterinsights_sitenote_note":"","_monsterinsights_sitenote_category":0},"product_brand":[],"product_cat":[12274,12284],"product_tag":[],"class_list":{"0":"post-766573","1":"product","2":"type-product","3":"status-publish","5":"product_cat-cocuk-ve-genclik-kitaplari","6":"product_cat-hikayeler","7":"pa_cilt-ciltsiz","8":"pa_tur-kitap","9":"pa_yayinevi-altin-kitaplar-ozel-urun","10":"pa_yazar-koray-avci-cakman","12":"first","13":"instock","14":"sale","15":"shipping-taxable","16":"purchasable","17":"product-type-simple"},"_links":{"self":[{"href":"https:\/\/roveyayinevi.com.tr\/index.php\/wp-json\/wp\/v2\/product\/766573","targetHints":{"allow":["GET"]}}],"collection":[{"href":"https:\/\/roveyayinevi.com.tr\/index.php\/wp-json\/wp\/v2\/product"}],"about":[{"href":"https:\/\/roveyayinevi.com.tr\/index.php\/wp-json\/wp\/v2\/types\/product"}],"wp:attachment":[{"href":"https:\/\/roveyayinevi.com.tr\/index.php\/wp-json\/wp\/v2\/media?parent=766573"}],"wp:term":[{"taxonomy":"product_brand","embeddable":true,"href":"https:\/\/roveyayinevi.com.tr\/index.php\/wp-json\/wp\/v2\/product_brand?post=766573"},{"taxonomy":"product_cat","embeddable":true,"href":"https:\/\/roveyayinevi.com.tr\/index.php\/wp-json\/wp\/v2\/product_cat?post=766573"},{"taxonomy":"product_tag","embeddable":true,"href":"https:\/\/roveyayinevi.com.tr\/index.php\/wp-json\/wp\/v2\/product_tag?post=766573"}],"curies":[{"name":"wp","href":"https:\/\/api.w.org\/{rel}","templated":true}]}}