{"id":766570,"date":"2025-08-28T12:17:50","date_gmt":"2025-08-28T09:17:50","guid":{"rendered":"https:\/\/roveyayinevi.com.tr\/index.php\/urun\/elektronik-coplugu\/"},"modified":"2026-04-15T03:32:17","modified_gmt":"2026-04-15T00:32:17","slug":"elektronik-coplugu","status":"publish","type":"product","link":"https:\/\/roveyayinevi.com.tr\/index.php\/urun\/elektronik-coplugu\/","title":{"rendered":"Elektronik \u00c7\u00f6pl\u00fc\u011f\u00fc"},"content":{"rendered":"<p>B\u00fcy\u00fck bir g\u00f6l\u00fcn tam ortas\u0131ndaki Paksu Adas\u0131 elektronik ve metal at\u0131klar\u0131n toplanma merkezidir. Burada ya\u015fayan neredeyse herkes i\u00e7in ada bir i\u015f yeridir. Adaya d\u0131\u015far\u0131dan gelen pek olmaz, birka\u00e7 ortaokul \u00f6\u011frencisi d\u0131\u015f\u0131nda adadan \u00e7\u0131kan da yoktur. Hemen hemen t\u00fcm e\u015fyalar\u0131n metal ve elektronik at\u0131klardan yap\u0131ld\u0131\u011f\u0131 bu tuhaf adada ya\u015fayan Ya\u011fmur, sinir bozucu s\u0131n\u0131f arkada\u015f\u0131 Beh\u00e7et taraf\u0131ndan &#8220;Teneke Adal\u0131&#8221; diye an\u0131lmaya dayanamaz ve okul arkada\u015flar\u0131n\u0131 adaya davet eder. Ya\u011fmur&#8217;un kimseye dan\u0131\u015fmadan yapt\u0131\u011f\u0131 bu davet Paksu Adas\u0131 sakinlerinde huzursuzlu\u011fa neden olsa da ada halk\u0131 misafirleri i\u00e7in \u00f6zenle haz\u0131rlan\u0131r. B\u00fcy\u00fck g\u00fcn geldi\u011finde i\u015fler kar\u0131\u015f\u0131r, art\u0131k hi\u00e7bir \u015fey eskisi gibi olmayacakt\u0131r! Ya\u011fmur ve arkada\u015flar\u0131yla birlikte Paksu Adas\u0131&#8217;n\u0131n s\u0131rlar\u0131n\u0131 \u00e7&amp;ou ml;zmeye haz\u0131r m\u0131s\u0131n? Haydi maceraya!<\/p>\n","protected":false},"excerpt":{"rendered":"<p>B\u00fcy\u00fck bir g\u00f6l\u00fcn tam ortas\u0131ndaki Paksu Adas\u0131 elektronik ve metal at\u0131klar\u0131n toplanma merkezidir. Burada ya\u015fayan neredeyse herkes i\u00e7in ada bir i\u015f yeridir. Adaya d\u0131\u015far\u0131dan gelen pek<span class=\"excerpt-hellip\"> [\u2026]<\/span><\/p>\n","protected":false},"featured_media":0,"template":"","meta":{"_monsterinsights_skip_tracking":false,"_monsterinsights_sitenote_active":false,"_monsterinsights_sitenote_note":"","_monsterinsights_sitenote_category":0},"product_brand":[],"product_cat":[12274,12284],"product_tag":[],"class_list":{"0":"post-766570","1":"product","2":"type-product","3":"status-publish","5":"product_cat-cocuk-ve-genclik-kitaplari","6":"product_cat-hikayeler","7":"pa_cilt-ciltsiz","8":"pa_tur-kitap","9":"pa_yayinevi-altin-kitaplar-ozel-urun","10":"pa_yazar-elcin-cetinkale","12":"first","13":"instock","14":"sale","15":"shipping-taxable","16":"purchasable","17":"product-type-simple"},"_links":{"self":[{"href":"https:\/\/roveyayinevi.com.tr\/index.php\/wp-json\/wp\/v2\/product\/766570","targetHints":{"allow":["GET"]}}],"collection":[{"href":"https:\/\/roveyayinevi.com.tr\/index.php\/wp-json\/wp\/v2\/product"}],"about":[{"href":"https:\/\/roveyayinevi.com.tr\/index.php\/wp-json\/wp\/v2\/types\/product"}],"wp:attachment":[{"href":"https:\/\/roveyayinevi.com.tr\/index.php\/wp-json\/wp\/v2\/media?parent=766570"}],"wp:term":[{"taxonomy":"product_brand","embeddable":true,"href":"https:\/\/roveyayinevi.com.tr\/index.php\/wp-json\/wp\/v2\/product_brand?post=766570"},{"taxonomy":"product_cat","embeddable":true,"href":"https:\/\/roveyayinevi.com.tr\/index.php\/wp-json\/wp\/v2\/product_cat?post=766570"},{"taxonomy":"product_tag","embeddable":true,"href":"https:\/\/roveyayinevi.com.tr\/index.php\/wp-json\/wp\/v2\/product_tag?post=766570"}],"curies":[{"name":"wp","href":"https:\/\/api.w.org\/{rel}","templated":true}]}}