{"id":766568,"date":"2025-08-28T12:17:46","date_gmt":"2025-08-28T09:17:46","guid":{"rendered":"https:\/\/roveyayinevi.com.tr\/index.php\/urun\/sairane\/"},"modified":"2026-04-15T03:32:17","modified_gmt":"2026-04-15T00:32:17","slug":"sairane","status":"publish","type":"product","link":"https:\/\/roveyayinevi.com.tr\/index.php\/urun\/sairane\/","title":{"rendered":"\u015eairane"},"content":{"rendered":"<p>William Shakespeare ile Yunus Emre aras\u0131nda bir fark yok desem. Herh\u00e2lde bu \u201cyazar ne anlat\u0131yor\u201d diye \u015fairler meclisinden aforoz edilebilirim. Lakin ilk defa okuyucunun \u00f6n\u00fcne bir \u015fiir kitab\u0131yla \u00e7\u0131kt\u0131\u011f\u0131m i\u00e7in kendimi \u015fair olarak g\u00f6rd\u00fc\u011f\u00fcm s\u00f6ylenemez. Kendi na\u00e7izane g\u00f6r\u00fc\u015f\u00fcm marifet \u015fair olmakta de\u011fildir; marifet b\u00fcy\u00fck \u015fair olmaktad\u0131r!&#8230; Neden bizim Yunus ile Shakespeare aras\u0131nda bir fark yok? \u0130kisi de \u201colmak\u201d kelimesini ya\u015fam felsefesi haline getirdi de ondan. B\u00fct\u00fcn hayatlar\u0131 boyunca \u201colmak\u201d i\u00e7in m\u00fccadele edip yazd\u0131lar. Birisi \u201colmak ya da olmamak i\u015fte b\u00fct\u00fcn mesele bu\u201d diyerek oldu. Di\u011feri \u201chamd\u0131m, pi\u015ftim, yand\u0131m\u201d diyerek oldu. Sonu\u00e7 olarak ikisi de b\u00fcy\u00fck \u015fair oldu. Felsefi anlamda yana\u015ft\u0131\u011f\u0131m bu d\u00fc\u015f\u00fcnce kitab\u0131n isminde de tezah\u00fcr etmesini istedim. Bu y\u00fczden daha \u015fair de\u011fil (b\u00fcy\u00fck \u015fair) ama \u015fair gibi anlam\u0131n\u0131 okuyucuya empoze edecek olan \u201c\u015eairane\u201d ismini tercih ettim. Zaman olup olmayaca\u011f\u0131m\u0131z\u0131 bize g\u00f6sterecektir. Bizim Yunus\u2019un ifadesiyle \u201cOlanlar olacak \u00f6lenler \u00f6lecek\u201d \u2026 <\/p>\n","protected":false},"excerpt":{"rendered":"<p>William Shakespeare ile Yunus Emre aras\u0131nda bir fark yok desem. Herh\u00e2lde bu \u201cyazar ne anlat\u0131yor\u201d diye \u015fairler meclisinden aforoz edilebilirim. Lakin ilk defa okuyucunun \u00f6n\u00fcne bir<span class=\"excerpt-hellip\"> [\u2026]<\/span><\/p>\n","protected":false},"featured_media":0,"template":"","meta":{"_monsterinsights_skip_tracking":false,"_monsterinsights_sitenote_active":false,"_monsterinsights_sitenote_note":"","_monsterinsights_sitenote_category":0},"product_brand":[],"product_cat":[12291,12509],"product_tag":[],"class_list":{"0":"post-766568","1":"product","2":"type-product","3":"status-publish","5":"product_cat-edebiyat","6":"product_cat-siir","7":"pa_cilt-ciltsiz","8":"pa_tur-kitap","9":"pa_yayinevi-omca-yayinlari","10":"pa_yazar-nurnedim-balci","12":"first","13":"instock","14":"sale","15":"shipping-taxable","16":"purchasable","17":"product-type-simple"},"_links":{"self":[{"href":"https:\/\/roveyayinevi.com.tr\/index.php\/wp-json\/wp\/v2\/product\/766568","targetHints":{"allow":["GET"]}}],"collection":[{"href":"https:\/\/roveyayinevi.com.tr\/index.php\/wp-json\/wp\/v2\/product"}],"about":[{"href":"https:\/\/roveyayinevi.com.tr\/index.php\/wp-json\/wp\/v2\/types\/product"}],"wp:attachment":[{"href":"https:\/\/roveyayinevi.com.tr\/index.php\/wp-json\/wp\/v2\/media?parent=766568"}],"wp:term":[{"taxonomy":"product_brand","embeddable":true,"href":"https:\/\/roveyayinevi.com.tr\/index.php\/wp-json\/wp\/v2\/product_brand?post=766568"},{"taxonomy":"product_cat","embeddable":true,"href":"https:\/\/roveyayinevi.com.tr\/index.php\/wp-json\/wp\/v2\/product_cat?post=766568"},{"taxonomy":"product_tag","embeddable":true,"href":"https:\/\/roveyayinevi.com.tr\/index.php\/wp-json\/wp\/v2\/product_tag?post=766568"}],"curies":[{"name":"wp","href":"https:\/\/api.w.org\/{rel}","templated":true}]}}