{"id":766566,"date":"2025-08-28T12:17:43","date_gmt":"2025-08-28T09:17:43","guid":{"rendered":"https:\/\/roveyayinevi.com.tr\/index.php\/urun\/post-neoliberal-dunya-neoekstraktivizm-ve-somurgecilik-2-0\/"},"modified":"2026-04-15T03:32:17","modified_gmt":"2026-04-15T00:32:17","slug":"post-neoliberal-dunya-neoekstraktivizm-ve-somurgecilik-2-0","status":"publish","type":"product","link":"https:\/\/roveyayinevi.com.tr\/index.php\/urun\/post-neoliberal-dunya-neoekstraktivizm-ve-somurgecilik-2-0\/","title":{"rendered":"Post-Neoliberal D\u00fcnya: Neoekstraktivizm ve S\u00f6m\u00fcrgecilik 2.0"},"content":{"rendered":"<p>Neoliberal D\u00fcnya D\u00fczeninde gerek Kuzey ve G\u00fcney \u00fclkeleri aras\u0131nda kutupla\u015fma derinle\u015fmi\u015f gerek geli\u015fmekte olan \u00fclkelerin kendi i\u00e7lerinde bile zengin ve yoksul aras\u0131nda gelir da\u011f\u0131l\u0131m\u0131 adaleti bozulmu\u015ftur. G\u0131da, enerji ve imalat k\u00fcresel de\u011fer zincirleri; \u00e7okuluslu \u015firketler, CEO\u2019lar, finansal fon sahipleri vb. en zengin %1\u2019lik kesimi daha da zenginle\u015ftirirken, d\u00fcnyan\u0131n d\u00f6rt bir taraf\u0131nda geni\u015f kitleler sosyal haklar\u0131n\u0131 ve mevcut gelir d\u00fczeylerini bile koruyamaz duruma gelmi\u015ftir. \u00dcretim ve t\u00fcketimin k\u00fcresel \u00f6l\u00e7e\u011fi nedeniyle \u00e7evreye verilen zararlar d\u00fcnyada ya\u015fam\u0131 tehdit eder boyutta bir iklim krizi do\u011furmu\u015ftur. Ne var ki, 2008 K\u00fcresel Finansal Kriziyle son bulan neoliberalizmin a\u011f\u0131r sosyal ve \u00e7evresel tahribat\u0131n\u0131n yaralar\u0131 sar\u0131lamadan, bu kez post neoliberalizm ve neo ekstraktivizm t\u00fcm d\u00fcnyada h\u0131zla yay\u0131lmaya ba\u015flam\u0131\u015ft\u0131r. Post neoliberal d\u00fcnyada; iklim krizi ve \u00e7evre felaketleriyle m\u00fccadele etmek ad\u0131 alt\u0131nda, biyoyak\u0131tlar i\u00e7in tar\u0131msal \u00fcretim ve fosil yak\u0131tlardan temiz enerjiye ge\u00e7i\u015f bahanesiyle tar\u0131m arazilerine, su kaynaklar\u0131na ve maden \u00e7\u0131kar\u0131m\u0131na y\u00f6nelik bir h\u00fccum ba\u015flam\u0131\u015ft\u0131r. Ger\u00e7ekte olan, ABD ve \u00c7in aras\u0131ndaki hegemonya m\u00fccadelesi ekseninde; \u00fcst\u00fcnl\u00fc\u011f\u00fc belirleyecek yeni teknoloji devrimi, d\u00f6rd\u00fcnc\u00fc sanayi devrimi ve enerji ge\u00e7i\u015fi i\u00e7in stratejik \u00f6nemi olan yery\u00fcz\u00fc kaynaklar\u0131 \u00fczerinde hakimiyet sa\u011flamakt\u0131r. Bu \u00e7er\u00e7evede, t\u00fcm az geli\u015fmi\u015f ve geli\u015fmekte olan \u00fclkeler; tar\u0131m \u00fcr\u00fcnleri ve madencilik ihracat\u0131 yapmaktan ziyade, ucu eninde sonunda s\u00f6m\u00fcrgecili\u011fe varan ekstraktivist birikim bi\u00e7iminin yeni bir versiyonuna y\u00f6nlendirilmektedir. Bu kitap; post-neoliberal devlet kurumunu, Post-Washington Konsens\u00fcs\u00fcn\u00fc, d\u00fcnyan\u0131n d\u00f6rt bir yan\u0131nda ba\u015flayan madenlere h\u00fccumu, toprak ve su gasplar\u0131n\u0131, m\u00fclks\u00fczle\u015ftirilerek yerinden yurdundan olmay\u0131, i\u015fg\u00fcc\u00fcn\u00fcn prekaryala\u015fmas\u0131n\u0131 ve ana hatlar\u0131 \u015fekillenmeye ba\u015flayan yeni s\u00f6m\u00fcrgecilik d\u00f6nemini ele al\u0131nmaktad\u0131r. <\/p>\n","protected":false},"excerpt":{"rendered":"<p>Neoliberal D\u00fcnya D\u00fczeninde gerek Kuzey ve G\u00fcney \u00fclkeleri aras\u0131nda kutupla\u015fma derinle\u015fmi\u015f gerek geli\u015fmekte olan \u00fclkelerin kendi i\u00e7lerinde bile zengin ve yoksul aras\u0131nda gelir da\u011f\u0131l\u0131m\u0131 adaleti bozulmu\u015ftur.<span class=\"excerpt-hellip\"> [\u2026]<\/span><\/p>\n","protected":false},"featured_media":0,"template":"","meta":{"_monsterinsights_skip_tracking":false,"_monsterinsights_sitenote_active":false,"_monsterinsights_sitenote_note":"","_monsterinsights_sitenote_category":0},"product_brand":[],"product_cat":[13043],"product_tag":[],"class_list":{"0":"post-766566","1":"product","2":"type-product","3":"status-publish","5":"product_cat-ekonomi","6":"pa_cilt-ciltsiz","7":"pa_tur-kitap","8":"pa_yayinevi-astana-yayinlari","9":"pa_yazar-sibel-caskurlu","11":"first","12":"instock","13":"sale","14":"shipping-taxable","15":"purchasable","16":"product-type-simple"},"_links":{"self":[{"href":"https:\/\/roveyayinevi.com.tr\/index.php\/wp-json\/wp\/v2\/product\/766566","targetHints":{"allow":["GET"]}}],"collection":[{"href":"https:\/\/roveyayinevi.com.tr\/index.php\/wp-json\/wp\/v2\/product"}],"about":[{"href":"https:\/\/roveyayinevi.com.tr\/index.php\/wp-json\/wp\/v2\/types\/product"}],"wp:attachment":[{"href":"https:\/\/roveyayinevi.com.tr\/index.php\/wp-json\/wp\/v2\/media?parent=766566"}],"wp:term":[{"taxonomy":"product_brand","embeddable":true,"href":"https:\/\/roveyayinevi.com.tr\/index.php\/wp-json\/wp\/v2\/product_brand?post=766566"},{"taxonomy":"product_cat","embeddable":true,"href":"https:\/\/roveyayinevi.com.tr\/index.php\/wp-json\/wp\/v2\/product_cat?post=766566"},{"taxonomy":"product_tag","embeddable":true,"href":"https:\/\/roveyayinevi.com.tr\/index.php\/wp-json\/wp\/v2\/product_tag?post=766566"}],"curies":[{"name":"wp","href":"https:\/\/api.w.org\/{rel}","templated":true}]}}