{"id":766565,"date":"2025-08-28T12:17:41","date_gmt":"2025-08-28T09:17:41","guid":{"rendered":"https:\/\/roveyayinevi.com.tr\/index.php\/urun\/asure-2\/"},"modified":"2026-04-15T03:32:17","modified_gmt":"2026-04-15T00:32:17","slug":"asure-2","status":"publish","type":"product","link":"https:\/\/roveyayinevi.com.tr\/index.php\/urun\/asure-2\/","title":{"rendered":"A\u015fure"},"content":{"rendered":"<p>Evden eve, elden ele dola\u015fan, en tatl\u0131 ve en s\u00fcsl\u00fc a\u015fure, bu defa S\u00fcreyya Han\u0131m&#8217;\u0131n ellerinden pi\u015fti, ta\u015ft\u0131 ve bize geldi! Her evin a\u015furesi, o evin hik\u1eadyesi gibi farkl\u0131d\u0131r. A\u015fure sadece lezzetli bir tatl\u0131 de\u011fil, ayn\u0131 zamanda payla\u015fman\u0131n bir simgesidir. T\u0131pk\u0131 d\u00fcnyam\u0131z\u0131, do\u011fay\u0131 ve kaynaklar\u0131 payla\u015ft\u0131\u011f\u0131m\u0131z gibi.Bu a\u015fure, &#8220;sorumlu t\u00fcketim&#8221; ve &#8220;a\u00e7l\u0131\u011f\u0131 bitirmek&#8221; gibi \u00f6nemli hedefleri de hat\u0131rlat\u0131yor. Nas\u0131l m\u0131? \u00c7\u00fcnk\u00fc a\u015fure yaparken meyveleri, bakliyatlar\u0131 israf etmeden, tam karar\u0131nda kullan\u0131r\u0131z. Hem de yerel ve do\u011fal \u00fcr\u00fcnlerle. B\u00f6ylece do\u011fay\u0131 korumu\u015f oluruz! \u00dcstelik a\u015fureyi payla\u015farak, herkesin taba\u011f\u0131na bir \u015feyler koyman\u0131n ne kadar \u00f6nemli oldu\u011funu da g\u00f6steririz.A\u015fure&#8217; yle sadece tatl\u0131 bir an\u0131 payla\u015fm\u0131yoruz; ayn\u0131 zamanda daha adil ve a\u00e7l\u0131\u011f\u0131n olmad\u0131\u011f\u0131 bir d\u00fcnya i\u00e7in harekete ge\u00e7iyoruz!Bilge Buhan Musa \u00e7ocuklar\u0131m\u0131za d\u00fcnyaya ve ya\u015fama kar\u015f\u0131 duyarl\u0131 olman\u0131n yollar\u0131n\u0131 bir lezzet \u015f\u00f6leni tad\u0131nda anlat\u0131yor&#8230;<\/p>\n","protected":false},"excerpt":{"rendered":"<p>Evden eve, elden ele dola\u015fan, en tatl\u0131 ve en s\u00fcsl\u00fc a\u015fure, bu defa S\u00fcreyya Han\u0131m&#8217;\u0131n ellerinden pi\u015fti, ta\u015ft\u0131 ve bize geldi! Her evin a\u015furesi, o evin<span class=\"excerpt-hellip\"> [\u2026]<\/span><\/p>\n","protected":false},"featured_media":0,"template":"","meta":{"_monsterinsights_skip_tracking":false,"_monsterinsights_sitenote_active":false,"_monsterinsights_sitenote_note":"","_monsterinsights_sitenote_category":0},"product_brand":[],"product_cat":[12274,12284],"product_tag":[],"class_list":{"0":"post-766565","1":"product","2":"type-product","3":"status-publish","5":"product_cat-cocuk-ve-genclik-kitaplari","6":"product_cat-hikayeler","7":"pa_cilt-ciltsiz","8":"pa_tur-kitap","9":"pa_yayinevi-altin-kitaplar","10":"pa_yazar-bilge-buhan-musa","12":"first","13":"instock","14":"sale","15":"shipping-taxable","16":"purchasable","17":"product-type-simple"},"_links":{"self":[{"href":"https:\/\/roveyayinevi.com.tr\/index.php\/wp-json\/wp\/v2\/product\/766565","targetHints":{"allow":["GET"]}}],"collection":[{"href":"https:\/\/roveyayinevi.com.tr\/index.php\/wp-json\/wp\/v2\/product"}],"about":[{"href":"https:\/\/roveyayinevi.com.tr\/index.php\/wp-json\/wp\/v2\/types\/product"}],"wp:attachment":[{"href":"https:\/\/roveyayinevi.com.tr\/index.php\/wp-json\/wp\/v2\/media?parent=766565"}],"wp:term":[{"taxonomy":"product_brand","embeddable":true,"href":"https:\/\/roveyayinevi.com.tr\/index.php\/wp-json\/wp\/v2\/product_brand?post=766565"},{"taxonomy":"product_cat","embeddable":true,"href":"https:\/\/roveyayinevi.com.tr\/index.php\/wp-json\/wp\/v2\/product_cat?post=766565"},{"taxonomy":"product_tag","embeddable":true,"href":"https:\/\/roveyayinevi.com.tr\/index.php\/wp-json\/wp\/v2\/product_tag?post=766565"}],"curies":[{"name":"wp","href":"https:\/\/api.w.org\/{rel}","templated":true}]}}