{"id":766563,"date":"2025-08-28T12:17:38","date_gmt":"2025-08-28T09:17:38","guid":{"rendered":"https:\/\/roveyayinevi.com.tr\/index.php\/urun\/sanat-egitiminin-tarihi\/"},"modified":"2026-03-12T03:29:31","modified_gmt":"2026-03-12T00:29:31","slug":"sanat-egitiminin-tarihi","status":"publish","type":"product","link":"https:\/\/roveyayinevi.com.tr\/index.php\/urun\/sanat-egitiminin-tarihi\/","title":{"rendered":"Sanat E\u011fitiminin Tarihi"},"content":{"rendered":"<p>Sanat e\u011fitimi bir s\u00fcs m\u00fc, yoksa m\u00fcfredat\u0131n vazge\u00e7ilmez bir par\u00e7as\u0131 m\u0131? Sanat\u0131n Amerikan ya\u015fam\u0131ndaki yeri \u00fczerine yap\u0131lan tart\u0131\u015fmalar, dikkatleri yeniden okullardaki sanat e\u011fitimine \u00e7ekti, Sanat E\u011fitimi Tarihi: G\u00f6rsel Sanatlar \u00d6\u011fretiminde D\u00fc\u015f\u00fcnsel ve Sosyal E\u011fitimler adl\u0131 kitab\u0131nda Arthur Efland, g\u00fcncel tart\u0131\u015fma ve kayg\u0131lar\u0131 titizlikle ara\u015ft\u0131r\u0131lm\u0131\u015f bir tarihsel perspektife oturtuyor.   \u201cBug\u00fcn g\u00f6rsel sanatlar\u0131n \u00f6\u011fretilme bi\u00e7imleri.\u201d diyor Efland \u201cge\u00e7mi\u015fte bu sanatlar\u0131n \u00f6\u011fretilmesini savunanlar\u0131n sanata ili\u015fkin inan\u00e7 ve de\u011ferleri \u0131\u015f\u0131\u011f\u0131nda \u015fekillenmi\u015ftir. Efland bu kitapta, Bat\u0131 tarihi boyunca sanat e\u011fitiminin kurumsal ortamlar\u0131n\u0131, onu \u015fekillendiren sosyal g\u00fc\u00e7leri ve alternatif etki ak\u0131mlar\u0131n\u0131n bug\u00fcnk\u00fc uygulama \u00fczerindeki evrimini ve etkisini inceliyor.   G\u00f6rsel sanatlar\u0131 genel e\u011fitimdeki geli\u015fmelerle ba\u011flant\u0131l\u0131 olarak ele alan iki kitap olan Sanat E\u011fitiminin Tarihi, \u00f6zellikle on dokuzuncu ve yirminci y\u00fczy\u0131llara ve bug\u00fcnk\u00fc sanat anlay\u0131\u015f\u0131m\u0131z\u0131 etkileyen sosyal ba\u011flama vurgu yap\u0131yor. Sanat\u0131n e\u011fitimini, bu e\u011fitimde kullan\u0131lan y\u00f6ntemleri ve yakla\u015f\u0131mlar\u0131 tarih boyunca ge\u00e7irdi\u011fi de\u011fi\u015fimlerle birlikte ele alan bu \u00e7al\u0131\u015fma, her t\u00fcrden okuyucu ve ara\u015ft\u0131rmac\u0131 i\u00e7in temel nitelik ta\u015f\u0131yan bir metin sunuyor.   <\/p>\n","protected":false},"excerpt":{"rendered":"<p>Sanat e\u011fitimi bir s\u00fcs m\u00fc, yoksa m\u00fcfredat\u0131n vazge\u00e7ilmez bir par\u00e7as\u0131 m\u0131? Sanat\u0131n Amerikan ya\u015fam\u0131ndaki yeri \u00fczerine yap\u0131lan tart\u0131\u015fmalar, dikkatleri yeniden okullardaki sanat e\u011fitimine \u00e7ekti, Sanat E\u011fitimi<span class=\"excerpt-hellip\"> [\u2026]<\/span><\/p>\n","protected":false},"featured_media":0,"template":"","meta":{"_monsterinsights_skip_tracking":false,"_monsterinsights_sitenote_active":false,"_monsterinsights_sitenote_note":"","_monsterinsights_sitenote_category":0},"product_brand":[],"product_cat":[13548,12408],"product_tag":[],"class_list":{"0":"post-766563","1":"product","2":"type-product","3":"status-publish","5":"product_cat-kuram","6":"product_cat-sanat","7":"pa_cilt-ciltsiz","8":"pa_tur-kitap","9":"pa_yayinevi-hayalperest-yayinlari","10":"pa_yazar-arthur-d-efland","12":"first","13":"instock","14":"sale","15":"shipping-taxable","16":"purchasable","17":"product-type-simple"},"_links":{"self":[{"href":"https:\/\/roveyayinevi.com.tr\/index.php\/wp-json\/wp\/v2\/product\/766563","targetHints":{"allow":["GET"]}}],"collection":[{"href":"https:\/\/roveyayinevi.com.tr\/index.php\/wp-json\/wp\/v2\/product"}],"about":[{"href":"https:\/\/roveyayinevi.com.tr\/index.php\/wp-json\/wp\/v2\/types\/product"}],"wp:attachment":[{"href":"https:\/\/roveyayinevi.com.tr\/index.php\/wp-json\/wp\/v2\/media?parent=766563"}],"wp:term":[{"taxonomy":"product_brand","embeddable":true,"href":"https:\/\/roveyayinevi.com.tr\/index.php\/wp-json\/wp\/v2\/product_brand?post=766563"},{"taxonomy":"product_cat","embeddable":true,"href":"https:\/\/roveyayinevi.com.tr\/index.php\/wp-json\/wp\/v2\/product_cat?post=766563"},{"taxonomy":"product_tag","embeddable":true,"href":"https:\/\/roveyayinevi.com.tr\/index.php\/wp-json\/wp\/v2\/product_tag?post=766563"}],"curies":[{"name":"wp","href":"https:\/\/api.w.org\/{rel}","templated":true}]}}