{"id":766561,"date":"2025-08-28T12:17:35","date_gmt":"2025-08-28T09:17:35","guid":{"rendered":"https:\/\/roveyayinevi.com.tr\/index.php\/urun\/resim-uzerine\/"},"modified":"2026-03-12T03:29:31","modified_gmt":"2026-03-12T00:29:31","slug":"resim-uzerine","status":"publish","type":"product","link":"https:\/\/roveyayinevi.com.tr\/index.php\/urun\/resim-uzerine\/","title":{"rendered":"Resim \u00dczerine"},"content":{"rendered":"<p>Ressam ve yazar Julian Bell, resim sanat\u0131, prati\u011fi ve \u00e7a\u011fda\u015f k\u00fclt\u00fcrde resmin s\u00fcregelen \u00f6nemi hakk\u0131nda \u00f6zg\u00fcn g\u00f6r\u00fc\u015fler sunyor. Platon\u2019un benzerliklere duydu\u011fu g\u00fcvensizlikten yirminci y\u00fczy\u0131l\u0131n son y\u0131llar\u0131ndaki \u201cresmin \u00f6l\u00fcm\u00fc\u201d ne dek uzanan resim kuramlar\u0131na giri\u015f niteli\u011findeki bu kitap anla\u015f\u0131l\u0131r, capcanl\u0131 ve bilgilendirici. <\/p>\n","protected":false},"excerpt":{"rendered":"<p>Ressam ve yazar Julian Bell, resim sanat\u0131, prati\u011fi ve \u00e7a\u011fda\u015f k\u00fclt\u00fcrde resmin s\u00fcregelen \u00f6nemi hakk\u0131nda \u00f6zg\u00fcn g\u00f6r\u00fc\u015fler sunyor. Platon\u2019un benzerliklere duydu\u011fu g\u00fcvensizlikten yirminci y\u00fczy\u0131l\u0131n son y\u0131llar\u0131ndaki<span class=\"excerpt-hellip\"> [\u2026]<\/span><\/p>\n","protected":false},"featured_media":0,"template":"","meta":{"_monsterinsights_skip_tracking":false,"_monsterinsights_sitenote_active":false,"_monsterinsights_sitenote_note":"","_monsterinsights_sitenote_category":0},"product_brand":[],"product_cat":[13548,12408],"product_tag":[],"class_list":{"0":"post-766561","1":"product","2":"type-product","3":"status-publish","5":"product_cat-kuram","6":"product_cat-sanat","7":"pa_cilt-ciltsiz","8":"pa_tur-kitap","9":"pa_yayinevi-hayalperest-yayinlari","10":"pa_yazar-julian-bell","12":"first","13":"instock","14":"sale","15":"shipping-taxable","16":"purchasable","17":"product-type-simple"},"_links":{"self":[{"href":"https:\/\/roveyayinevi.com.tr\/index.php\/wp-json\/wp\/v2\/product\/766561","targetHints":{"allow":["GET"]}}],"collection":[{"href":"https:\/\/roveyayinevi.com.tr\/index.php\/wp-json\/wp\/v2\/product"}],"about":[{"href":"https:\/\/roveyayinevi.com.tr\/index.php\/wp-json\/wp\/v2\/types\/product"}],"wp:attachment":[{"href":"https:\/\/roveyayinevi.com.tr\/index.php\/wp-json\/wp\/v2\/media?parent=766561"}],"wp:term":[{"taxonomy":"product_brand","embeddable":true,"href":"https:\/\/roveyayinevi.com.tr\/index.php\/wp-json\/wp\/v2\/product_brand?post=766561"},{"taxonomy":"product_cat","embeddable":true,"href":"https:\/\/roveyayinevi.com.tr\/index.php\/wp-json\/wp\/v2\/product_cat?post=766561"},{"taxonomy":"product_tag","embeddable":true,"href":"https:\/\/roveyayinevi.com.tr\/index.php\/wp-json\/wp\/v2\/product_tag?post=766561"}],"curies":[{"name":"wp","href":"https:\/\/api.w.org\/{rel}","templated":true}]}}